{"id":1114,"date":"2025-09-25T14:31:38","date_gmt":"2025-09-25T14:31:38","guid":{"rendered":"https:\/\/goldbach.com\/?page_id=1114"},"modified":"2026-03-31T09:28:11","modified_gmt":"2026-03-31T07:28:11","slug":"spotanlieferung","status":"publish","type":"page","link":"https:\/\/goldbach.com\/de\/audio\/spotanlieferung\/","title":{"rendered":"Audio-Spotanlieferung"},"content":{"rendered":"<p><div class=\"fusion-fullwidth fullwidth-box fusion-builder-row-1 fusion-flex-container has-pattern-background has-mask-background nonhundred-percent-fullwidth non-hundred-percent-height-scrolling\" style=\"--awb-border-radius-top-left:0px;--awb-border-radius-top-right:0px;--awb-border-radius-bottom-right:0px;--awb-border-radius-bottom-left:0px;--awb-padding-top:30px;--awb-padding-bottom:30px;--awb-background-color:var(--awb-color2);--awb-flex-wrap:wrap;\" ><div class=\"fusion-builder-row fusion-row fusion-flex-align-items-center fusion-flex-content-wrap\" style=\"max-width:1224px;margin-left: calc(-2% \/ 2 );margin-right: calc(-2% \/ 2 );\"><div class=\"fusion-layout-column fusion_builder_column fusion-builder-column-0 fusion_builder_column_1_1 1_1 fusion-flex-column\" style=\"--awb-bg-size:cover;--awb-width-large:100%;--awb-margin-top-large:0px;--awb-spacing-right-large:0.98%;--awb-margin-bottom-large:0px;--awb-spacing-left-large:0.98%;--awb-width-medium:100%;--awb-order-medium:0;--awb-spacing-right-medium:0.98%;--awb-spacing-left-medium:0.98%;--awb-width-small:100%;--awb-order-small:0;--awb-spacing-right-small:0.98%;--awb-spacing-left-small:0.98%;\" data-scroll-devices=\"small-visibility,medium-visibility,large-visibility\"><div class=\"fusion-column-wrapper fusion-column-has-shadow fusion-flex-justify-content-flex-start fusion-content-layout-column\"><div class=\"fusion-title title fusion-title-1 fusion-sep-none fusion-title-text fusion-title-size-one\" style=\"--awb-text-color:var(--awb-color1);\"><h1 class=\"fusion-title-heading title-heading-left\" style=\"margin:0;\">Audio-Werbemittelanlieferung<\/h1><\/div><\/div><\/div><\/div><\/div><div class=\"fusion-fullwidth fullwidth-box fusion-builder-row-2 fusion-flex-container has-pattern-background has-mask-background nonhundred-percent-fullwidth non-hundred-percent-height-scrolling fusion-animated\" style=\"--awb-border-radius-top-left:0px;--awb-border-radius-top-right:0px;--awb-border-radius-bottom-right:0px;--awb-border-radius-bottom-left:0px;--awb-padding-top:60px;--awb-padding-bottom:60px;--awb-flex-wrap:wrap;\" data-animationType=\"fadeIn\" data-animationDuration=\"0.3\" data-animationOffset=\"top-into-view\" ><div class=\"fusion-builder-row fusion-row fusion-flex-align-items-flex-start fusion-flex-content-wrap\" style=\"max-width:1224px;margin-left: calc(-2% \/ 2 );margin-right: calc(-2% \/ 2 );\"><div class=\"fusion-layout-column fusion_builder_column fusion-builder-column-1 fusion_builder_column_1_1 1_1 fusion-flex-column fusion-animated\" style=\"--awb-bg-size:cover;--awb-width-large:100%;--awb-margin-top-large:0px;--awb-spacing-right-large:0.98%;--awb-margin-bottom-large:0px;--awb-spacing-left-large:0.98%;--awb-width-medium:100%;--awb-order-medium:0;--awb-spacing-right-medium:0.98%;--awb-spacing-left-medium:0.98%;--awb-width-small:100%;--awb-order-small:0;--awb-spacing-right-small:0.98%;--awb-spacing-left-small:0.98%;\" data-animationType=\"fadeInUp\" data-animationDuration=\"1.0\" data-animationDelay=\"0.3\" data-animationOffset=\"top-into-view\"><div class=\"fusion-column-wrapper fusion-column-has-shadow fusion-flex-justify-content-flex-start fusion-content-layout-column\"><div class=\"fusion-builder-row fusion-builder-row-inner fusion-row fusion-flex-align-items-flex-start fusion-flex-content-wrap\" style=\"width:102% !important;max-width:102% !important;margin-left: calc(-2% \/ 2 );margin-right: calc(-2% \/ 2 );\"><div class=\"fusion-layout-column fusion_builder_column_inner fusion-builder-nested-column-0 fusion_builder_column_inner_1_2 1_2 fusion-flex-column fusion-animated\" style=\"--awb-bg-size:cover;--awb-width-large:50%;--awb-margin-top-large:0px;--awb-spacing-right-large:1.96%;--awb-margin-bottom-large:0px;--awb-spacing-left-large:1.96%;--awb-width-medium:50%;--awb-order-medium:0;--awb-spacing-right-medium:1.96%;--awb-spacing-left-medium:1.96%;--awb-width-small:100%;--awb-order-small:0;--awb-spacing-right-small:0.98%;--awb-spacing-left-small:0.98%;\" data-animationType=\"fadeInLeft\" data-animationDuration=\"1.0\" data-animationDelay=\"0.3\" data-animationOffset=\"top-into-view\" data-scroll-devices=\"small-visibility,medium-visibility,large-visibility\"><div class=\"fusion-column-wrapper fusion-column-has-shadow fusion-flex-justify-content-flex-start fusion-content-layout-column\"><div class=\"fusion-title title fusion-title-2 fusion-sep-none fusion-title-text fusion-title-size-two\" style=\"--awb-font-size:20px;\"><h2 class=\"fusion-title-heading title-heading-left\" style=\"margin:0;font-size:1em;\">Radiospot<\/h2><\/div><div class=\"fusion-text fusion-text-1\"><p><strong>Format<\/strong><br \/>\nAudio-File: MP3<\/p>\n<p><strong>Anzahl Kopien<\/strong><br \/>\nF\u00fcr Auftr\u00e4ge mit mehreren Sendern werden wir die Spots den Sendern per E-Mail rechtzeitig zur Verf\u00fcgung stellen (die Sujetbezeichnung muss klar angezeigt sein).<\/p>\n<p><strong>Termin<\/strong><br \/>\nSpots m\u00fcssen bis sp\u00e4testens 3 Arbeitstage vor Erstausstrahlung angeliefert werden. Abweichende Liefertermine m\u00fcssen mit Swiss Radioworld im Voraus abgesprochen werden.<\/p>\n<p><strong>Kontakt<\/strong><br \/>\n<a href=\"mailto:Radio.Operations@swissradioworld.ch\">Radio.Operations@swissradioworld.ch<\/a><\/p>\n<p>Tel: 044 485 42 70<\/p>\n<\/div><\/div><\/div><div class=\"fusion-layout-column fusion_builder_column_inner fusion-builder-nested-column-1 fusion_builder_column_inner_1_2 1_2 fusion-flex-column fusion-animated\" style=\"--awb-bg-size:cover;--awb-width-large:50%;--awb-margin-top-large:0px;--awb-spacing-right-large:1.96%;--awb-margin-bottom-large:0px;--awb-spacing-left-large:1.96%;--awb-width-medium:50%;--awb-order-medium:0;--awb-spacing-right-medium:1.96%;--awb-spacing-left-medium:1.96%;--awb-width-small:100%;--awb-order-small:0;--awb-spacing-right-small:0.98%;--awb-spacing-left-small:0.98%;\" data-animationType=\"fadeInLeft\" data-animationDuration=\"1.0\" data-animationDelay=\"0.3\" data-animationOffset=\"top-into-view\" data-scroll-devices=\"small-visibility,medium-visibility,large-visibility\"><div class=\"fusion-column-wrapper fusion-column-has-shadow fusion-flex-justify-content-flex-start fusion-content-layout-column\"><div class=\"fusion-title title fusion-title-3 fusion-sep-none fusion-title-text fusion-title-size-two\" style=\"--awb-font-size:20px;\"><h2 class=\"fusion-title-heading title-heading-left\" style=\"margin:0;font-size:1em;\">Audio Ads und ShakeMe Ads<\/h2><\/div><div class=\"fusion-text fusion-text-2\"><p><strong>Lieferfristen<\/strong><br \/>\n3 Arbeitstage vor Kampagnenstart<\/p>\n<p><strong>Werbemittelanlieferung Podcast Netzwerk<\/strong><br \/>\n<a href=\"mailto:digitalaudio.operations@swissradioworld.ch\">digitalaudio.operations@swissradioworld.ch<\/a><\/p>\n<\/div><div class=\"fusion-title title fusion-title-4 fusion-sep-none fusion-title-text fusion-title-size-two\" style=\"--awb-font-size:20px;\"><h2 class=\"fusion-title-heading title-heading-left\" style=\"margin:0;font-size:1em;\">Rewarded Ads und Skippable Ads<\/h2><\/div><div class=\"fusion-text fusion-text-3\"><p><strong>Lieferfristen<\/strong><br \/>\n5 Arbeitstage vor Kampagnenstart<\/p>\n<p><strong>Werbemittelanlieferung Mobile In-Game Audio<\/strong><br \/>\n<a href=\"mailto:digitalaudio.operations@swissradioworld.ch\" target=\"_blank\" rel=\"noopener\">digitalaudio.operations@swissradioworld.ch<\/a><\/p>\n<\/div><\/div><\/div><\/div>\n<\/div><\/div><\/div><\/div><div id=\"kontakt\" class=\"fusion-container-anchor\"><div class=\"fusion-fullwidth fullwidth-box fusion-builder-row-3 fusion-flex-container has-pattern-background has-mask-background nonhundred-percent-fullwidth non-hundred-percent-height-scrolling\" style=\"--awb-border-radius-top-left:0px;--awb-border-radius-top-right:0px;--awb-border-radius-bottom-right:0px;--awb-border-radius-bottom-left:0px;--awb-padding-top:60px;--awb-padding-bottom:60px;--awb-background-color:var(--awb-color2);--awb-flex-wrap:wrap;\" ><div class=\"fusion-builder-row fusion-row fusion-flex-align-items-center fusion-flex-content-wrap\" style=\"max-width:1224px;margin-left: calc(-2% \/ 2 );margin-right: calc(-2% \/ 2 );\"><div class=\"fusion-layout-column fusion_builder_column fusion-builder-column-2 fusion_builder_column_1_3 1_3 fusion-flex-column fusion-no-small-visibility\" style=\"--awb-bg-size:cover;--awb-width-large:33.333333333333%;--awb-margin-top-large:0px;--awb-spacing-right-large:23.52%;--awb-margin-bottom-large:0px;--awb-spacing-left-large:2.94%;--awb-width-medium:33.333333333333%;--awb-order-medium:0;--awb-spacing-right-medium:23.52%;--awb-spacing-left-medium:2.94%;--awb-width-small:100%;--awb-order-small:0;--awb-spacing-right-small:0.98%;--awb-spacing-left-small:0.98%;\" data-scroll-devices=\"small-visibility,medium-visibility,large-visibility\"><div class=\"fusion-column-wrapper fusion-column-has-shadow fusion-flex-justify-content-flex-start fusion-content-layout-column\"><div class=\"fusion-image-element \" style=\"--awb-aspect-ratio:1 \/ 1;--awb-object-position:52% 47%;--awb-caption-title-font-family:var(--h2_typography-font-family);--awb-caption-title-font-weight:var(--h2_typography-font-weight);--awb-caption-title-font-style:var(--h2_typography-font-style);--awb-caption-title-size:var(--h2_typography-font-size);--awb-caption-title-transform:var(--h2_typography-text-transform);--awb-caption-title-line-height:var(--h2_typography-line-height);--awb-caption-title-letter-spacing:var(--h2_typography-letter-spacing);\"><span class=\" fusion-imageframe imageframe-none imageframe-1 hover-type-none has-aspect-ratio fusion-animated\" style=\"--awb-animation-color:var(--awb-custom_color_4);\" data-animationType=\"revealInLeft\" data-animationDuration=\"1.0\" data-animationOffset=\"top-into-view\"><img decoding=\"async\" width=\"600\" height=\"400\" alt=\"Frau am Laptop mit Kopfh\u00f6rer in ein Gespr\u00e4ch vertieft\" src=\"https:\/\/goldbach.com\/app\/uploads\/2025\/10\/kontaktiere-uns.jpg\" data-orig-src=\"http:\/\/goldbach.com\/app\/uploads\/2025\/10\/kontaktiere-uns-600x400.jpg\" class=\"lazyload img-responsive wp-image-2138 img-with-aspect-ratio\" data-parent-fit=\"cover\" data-parent-container=\".fusion-image-element\" srcset=\"data:image\/svg+xml,%3Csvg%20xmlns%3D%27http%3A%2F%2Fwww.w3.org%2F2000%2Fsvg%27%20width%3D%271400%27%20height%3D%27934%27%20viewBox%3D%270%200%201400%20934%27%3E%3Crect%20width%3D%271400%27%20height%3D%27934%27%20fill-opacity%3D%220%22%2F%3E%3C%2Fsvg%3E\" data-srcset=\"https:\/\/goldbach.com\/app\/uploads\/2025\/10\/kontaktiere-uns-200x133.jpg 200w, https:\/\/goldbach.com\/app\/uploads\/2025\/10\/kontaktiere-uns-400x267.jpg 400w, https:\/\/goldbach.com\/app\/uploads\/2025\/10\/kontaktiere-uns-600x400.jpg 600w, https:\/\/goldbach.com\/app\/uploads\/2025\/10\/kontaktiere-uns-800x534.jpg 800w, https:\/\/goldbach.com\/app\/uploads\/2025\/10\/kontaktiere-uns-1200x801.jpg 1200w, https:\/\/goldbach.com\/app\/uploads\/2025\/10\/kontaktiere-uns.jpg 1400w\" data-sizes=\"auto\" data-orig-sizes=\"(max-width: 640px) 100vw, 400px\" \/><\/span><\/div>\n<\/div><\/div><div class=\"fusion-layout-column fusion_builder_column fusion-builder-column-3 fusion_builder_column_2_3 2_3 fusion-flex-column fusion-animated\" style=\"--awb-bg-size:cover;--awb-width-large:66.666666666667%;--awb-margin-top-large:0px;--awb-spacing-right-large:1.47%;--awb-margin-bottom-large:0px;--awb-spacing-left-large:1.47%;--awb-width-medium:66.666666666667%;--awb-order-medium:0;--awb-spacing-right-medium:1.47%;--awb-spacing-left-medium:1.47%;--awb-width-small:100%;--awb-order-small:0;--awb-spacing-right-small:0.98%;--awb-spacing-left-small:0.98%;\" data-animationType=\"fadeInRight\" data-animationDuration=\"1.0\" data-animationDelay=\"0.3\" data-animationOffset=\"top-into-view\" data-scroll-devices=\"small-visibility,medium-visibility,large-visibility\"><div class=\"fusion-column-wrapper fusion-column-has-shadow fusion-flex-justify-content-center fusion-content-layout-column\"><div class=\"fusion-text fusion-text-4 fusion-text-no-margin\" style=\"--awb-text-color:var(--awb-color1);--awb-text-font-family:&quot;LTTetria Black&quot;;--awb-text-font-style:normal;--awb-text-font-weight:400;\"><p>F\u00fcr eine erfolgreiche Audio-Werbekampagne<\/p>\n<\/div><div class=\"fusion-title title fusion-title-5 fusion-sep-none fusion-title-text fusion-title-size-two\" style=\"--awb-text-color:var(--awb-color1);\"><h2 class=\"fusion-title-heading title-heading-left\" style=\"margin:0;\">Hast du Fragen?<\/h2><\/div><div class=\"fusion-text fusion-text-5\" style=\"--awb-text-color:var(--awb-color1);\"><p>Wenn du noch Fragen hast, dann kontaktiere uns einfach. Wir freuen uns darauf, dich kennenzulernen und dich bei deiner Kampagne zu unterst\u00fctzen.<\/p>\n<\/div><div ><a class=\"fusion-button button-flat fusion-button-default-size button-custom fusion-button-default button-1 fusion-button-default-span fusion-button-default-type mailto\" style=\"--button_accent_color:var(--awb-color2);--button_border_color:var(--awb-color2);--button_accent_hover_color:var(--awb-color1);--button_border_hover_color:var(--awb-color1);--button_gradient_top_color:var(--awb-color1);--button_gradient_bottom_color:var(--awb-color1);--button_gradient_top_color_hover:var(--awb-custom_color_5);--button_gradient_bottom_color_hover:var(--awb-custom_color_5);\" target=\"_self\" data-hover=\"bg_slide_right\" href=\"mailto:sales@swissradioworld.ch\"><span class=\"fusion-button-text awb-button__text awb-button__text--default\">Mail an sales@swissradioworld.ch<\/span><\/a><\/div><\/div><\/div><\/div><\/div><\/div><\/p>\n","protected":false},"excerpt":{"rendered":"","protected":false},"author":2,"featured_media":2176,"parent":1169,"menu_order":0,"comment_status":"closed","ping_status":"closed","template":"100-width.php","meta":{"_acf_changed":false,"footnotes":""},"class_list":["post-1114","page","type-page","status-publish","has-post-thumbnail","hentry"],"acf":[],"yoast_head":"<!-- This site is optimized with the Yoast SEO Premium plugin v25.8 (Yoast SEO v27.2) - https:\/\/yoast.com\/product\/yoast-seo-premium-wordpress\/ -->\n<title>Audio Spotanlieferung: Fristen und Vorgaben - Goldbach<\/title>\n<meta name=\"description\" content=\"Erfahre hier mehr \u00fcber die Audio Spotanlieferung und die notwendigen Fristen f\u00fcr eine erfolgreiche Kampagne.\" \/>\n<meta name=\"robots\" content=\"index, follow, max-snippet:-1, max-image-preview:large, max-video-preview:-1\" \/>\n<link rel=\"canonical\" href=\"https:\/\/goldbach.com\/de\/audio\/spotanlieferung\/\" \/>\n<meta property=\"og:locale\" content=\"de_DE\" \/>\n<meta property=\"og:type\" content=\"article\" \/>\n<meta property=\"og:title\" content=\"Audio-Spotanlieferung\" \/>\n<meta property=\"og:description\" content=\"Erfahre hier mehr \u00fcber die Audio Spotanlieferung und die notwendigen Fristen f\u00fcr eine erfolgreiche Kampagne.\" \/>\n<meta property=\"og:url\" content=\"https:\/\/goldbach.com\/de\/audio\/spotanlieferung\/\" \/>\n<meta property=\"og:site_name\" content=\"Goldbach\" \/>\n<meta property=\"article:modified_time\" content=\"2026-03-31T07:28:11+00:00\" \/>\n<meta property=\"og:image\" content=\"https:\/\/goldbach.com\/app\/uploads\/2025\/10\/audio-image.jpg\" \/>\n\t<meta property=\"og:image:width\" content=\"856\" \/>\n\t<meta property=\"og:image:height\" content=\"481\" \/>\n\t<meta property=\"og:image:type\" content=\"image\/jpeg\" \/>\n<meta name=\"twitter:card\" content=\"summary_large_image\" \/>\n<meta name=\"twitter:label1\" content=\"Gesch\u00e4tzte Lesezeit\" \/>\n\t<meta name=\"twitter:data1\" content=\"2\u00a0Minute\" \/>\n<script type=\"application\/ld+json\" class=\"yoast-schema-graph\">{\"@context\":\"https:\/\/schema.org\",\"@graph\":[{\"@type\":\"WebPage\",\"@id\":\"https:\/\/goldbach.com\/de\/audio\/spotanlieferung\/\",\"url\":\"https:\/\/goldbach.com\/de\/audio\/spotanlieferung\/\",\"name\":\"Audio Spotanlieferung: Fristen und Vorgaben - Goldbach\",\"isPartOf\":{\"@id\":\"https:\/\/goldbach.com\/de\/#website\"},\"primaryImageOfPage\":{\"@id\":\"https:\/\/goldbach.com\/de\/audio\/spotanlieferung\/#primaryimage\"},\"image\":{\"@id\":\"https:\/\/goldbach.com\/de\/audio\/spotanlieferung\/#primaryimage\"},\"thumbnailUrl\":\"https:\/\/goldbach.com\/app\/uploads\/2025\/10\/audio-image.jpg\",\"datePublished\":\"2025-09-25T14:31:38+00:00\",\"dateModified\":\"2026-03-31T07:28:11+00:00\",\"description\":\"Erfahre hier mehr \u00fcber die Audio Spotanlieferung und die notwendigen Fristen f\u00fcr eine erfolgreiche Kampagne.\",\"breadcrumb\":{\"@id\":\"https:\/\/goldbach.com\/de\/audio\/spotanlieferung\/#breadcrumb\"},\"inLanguage\":\"de\",\"potentialAction\":[{\"@type\":\"ReadAction\",\"target\":[\"https:\/\/goldbach.com\/de\/audio\/spotanlieferung\/\"]}]},{\"@type\":\"ImageObject\",\"inLanguage\":\"de\",\"@id\":\"https:\/\/goldbach.com\/de\/audio\/spotanlieferung\/#primaryimage\",\"url\":\"https:\/\/goldbach.com\/app\/uploads\/2025\/10\/audio-image.jpg\",\"contentUrl\":\"https:\/\/goldbach.com\/app\/uploads\/2025\/10\/audio-image.jpg\",\"width\":856,\"height\":481,\"caption\":\"Mann sitzt auf Sofa h\u00f6rt Audio und schaut strahlend aus dem Fenster.\"},{\"@type\":\"BreadcrumbList\",\"@id\":\"https:\/\/goldbach.com\/de\/audio\/spotanlieferung\/#breadcrumb\",\"itemListElement\":[{\"@type\":\"ListItem\",\"position\":1,\"name\":\"Home\",\"item\":\"https:\/\/goldbach.com\/de\/\"},{\"@type\":\"ListItem\",\"position\":2,\"name\":\"Audio\",\"item\":\"https:\/\/goldbach.com\/de\/audio\/\"},{\"@type\":\"ListItem\",\"position\":3,\"name\":\"Audio-Spotanlieferung\"}]},{\"@type\":\"WebSite\",\"@id\":\"https:\/\/goldbach.com\/de\/#website\",\"url\":\"https:\/\/goldbach.com\/de\/\",\"name\":\"Goldbach\",\"description\":\"\",\"publisher\":{\"@id\":\"https:\/\/goldbach.com\/de\/#organization\"},\"potentialAction\":[{\"@type\":\"SearchAction\",\"target\":{\"@type\":\"EntryPoint\",\"urlTemplate\":\"https:\/\/goldbach.com\/de\/?s={search_term_string}\"},\"query-input\":{\"@type\":\"PropertyValueSpecification\",\"valueRequired\":true,\"valueName\":\"search_term_string\"}}],\"inLanguage\":\"de\"},{\"@type\":\"Organization\",\"@id\":\"https:\/\/goldbach.com\/de\/#organization\",\"name\":\"Goldbach\",\"url\":\"https:\/\/goldbach.com\/de\/\",\"logo\":{\"@type\":\"ImageObject\",\"inLanguage\":\"de\",\"@id\":\"https:\/\/goldbach.com\/de\/#\/schema\/logo\/image\/\",\"url\":\"https:\/\/goldbach.com\/app\/uploads\/2025\/10\/goldbach-media-relations-goldbach-logo.webp\",\"contentUrl\":\"https:\/\/goldbach.com\/app\/uploads\/2025\/10\/goldbach-media-relations-goldbach-logo.webp\",\"width\":640,\"height\":360,\"caption\":\"Goldbach\"},\"image\":{\"@id\":\"https:\/\/goldbach.com\/de\/#\/schema\/logo\/image\/\"},\"sameAs\":[\"https:\/\/www.linkedin.com\/company\/goldbach-group-ag\/\",\"https:\/\/www.instagram.com\/goldbach_ch\/\",\"https:\/\/www.youtube.com\/user\/GoldbachGroup\"]}]}<\/script>\n<!-- \/ Yoast SEO Premium plugin. -->","yoast_head_json":{"title":"Audio Spotanlieferung: Fristen und Vorgaben - Goldbach","description":"Erfahre hier mehr \u00fcber die Audio Spotanlieferung und die notwendigen Fristen f\u00fcr eine erfolgreiche Kampagne.","robots":{"index":"index","follow":"follow","max-snippet":"max-snippet:-1","max-image-preview":"max-image-preview:large","max-video-preview":"max-video-preview:-1"},"canonical":"https:\/\/goldbach.com\/de\/audio\/spotanlieferung\/","og_locale":"de_DE","og_type":"article","og_title":"Audio-Spotanlieferung","og_description":"Erfahre hier mehr \u00fcber die Audio Spotanlieferung und die notwendigen Fristen f\u00fcr eine erfolgreiche Kampagne.","og_url":"https:\/\/goldbach.com\/de\/audio\/spotanlieferung\/","og_site_name":"Goldbach","article_modified_time":"2026-03-31T07:28:11+00:00","og_image":[{"width":856,"height":481,"url":"https:\/\/goldbach.com\/app\/uploads\/2025\/10\/audio-image.jpg","type":"image\/jpeg"}],"twitter_card":"summary_large_image","twitter_misc":{"Gesch\u00e4tzte Lesezeit":"2\u00a0Minute"},"schema":{"@context":"https:\/\/schema.org","@graph":[{"@type":"WebPage","@id":"https:\/\/goldbach.com\/de\/audio\/spotanlieferung\/","url":"https:\/\/goldbach.com\/de\/audio\/spotanlieferung\/","name":"Audio Spotanlieferung: Fristen und Vorgaben - Goldbach","isPartOf":{"@id":"https:\/\/goldbach.com\/de\/#website"},"primaryImageOfPage":{"@id":"https:\/\/goldbach.com\/de\/audio\/spotanlieferung\/#primaryimage"},"image":{"@id":"https:\/\/goldbach.com\/de\/audio\/spotanlieferung\/#primaryimage"},"thumbnailUrl":"https:\/\/goldbach.com\/app\/uploads\/2025\/10\/audio-image.jpg","datePublished":"2025-09-25T14:31:38+00:00","dateModified":"2026-03-31T07:28:11+00:00","description":"Erfahre hier mehr \u00fcber die Audio Spotanlieferung und die notwendigen Fristen f\u00fcr eine erfolgreiche Kampagne.","breadcrumb":{"@id":"https:\/\/goldbach.com\/de\/audio\/spotanlieferung\/#breadcrumb"},"inLanguage":"de","potentialAction":[{"@type":"ReadAction","target":["https:\/\/goldbach.com\/de\/audio\/spotanlieferung\/"]}]},{"@type":"ImageObject","inLanguage":"de","@id":"https:\/\/goldbach.com\/de\/audio\/spotanlieferung\/#primaryimage","url":"https:\/\/goldbach.com\/app\/uploads\/2025\/10\/audio-image.jpg","contentUrl":"https:\/\/goldbach.com\/app\/uploads\/2025\/10\/audio-image.jpg","width":856,"height":481,"caption":"Mann sitzt auf Sofa h\u00f6rt Audio und schaut strahlend aus dem Fenster."},{"@type":"BreadcrumbList","@id":"https:\/\/goldbach.com\/de\/audio\/spotanlieferung\/#breadcrumb","itemListElement":[{"@type":"ListItem","position":1,"name":"Home","item":"https:\/\/goldbach.com\/de\/"},{"@type":"ListItem","position":2,"name":"Audio","item":"https:\/\/goldbach.com\/de\/audio\/"},{"@type":"ListItem","position":3,"name":"Audio-Spotanlieferung"}]},{"@type":"WebSite","@id":"https:\/\/goldbach.com\/de\/#website","url":"https:\/\/goldbach.com\/de\/","name":"Goldbach","description":"","publisher":{"@id":"https:\/\/goldbach.com\/de\/#organization"},"potentialAction":[{"@type":"SearchAction","target":{"@type":"EntryPoint","urlTemplate":"https:\/\/goldbach.com\/de\/?s={search_term_string}"},"query-input":{"@type":"PropertyValueSpecification","valueRequired":true,"valueName":"search_term_string"}}],"inLanguage":"de"},{"@type":"Organization","@id":"https:\/\/goldbach.com\/de\/#organization","name":"Goldbach","url":"https:\/\/goldbach.com\/de\/","logo":{"@type":"ImageObject","inLanguage":"de","@id":"https:\/\/goldbach.com\/de\/#\/schema\/logo\/image\/","url":"https:\/\/goldbach.com\/app\/uploads\/2025\/10\/goldbach-media-relations-goldbach-logo.webp","contentUrl":"https:\/\/goldbach.com\/app\/uploads\/2025\/10\/goldbach-media-relations-goldbach-logo.webp","width":640,"height":360,"caption":"Goldbach"},"image":{"@id":"https:\/\/goldbach.com\/de\/#\/schema\/logo\/image\/"},"sameAs":["https:\/\/www.linkedin.com\/company\/goldbach-group-ag\/","https:\/\/www.instagram.com\/goldbach_ch\/","https:\/\/www.youtube.com\/user\/GoldbachGroup"]}]}},"_links":{"self":[{"href":"https:\/\/goldbach.com\/de\/wp-json\/wp\/v2\/pages\/1114","targetHints":{"allow":["GET"]}}],"collection":[{"href":"https:\/\/goldbach.com\/de\/wp-json\/wp\/v2\/pages"}],"about":[{"href":"https:\/\/goldbach.com\/de\/wp-json\/wp\/v2\/types\/page"}],"author":[{"embeddable":true,"href":"https:\/\/goldbach.com\/de\/wp-json\/wp\/v2\/users\/2"}],"replies":[{"embeddable":true,"href":"https:\/\/goldbach.com\/de\/wp-json\/wp\/v2\/comments?post=1114"}],"version-history":[{"count":24,"href":"https:\/\/goldbach.com\/de\/wp-json\/wp\/v2\/pages\/1114\/revisions"}],"predecessor-version":[{"id":44427,"href":"https:\/\/goldbach.com\/de\/wp-json\/wp\/v2\/pages\/1114\/revisions\/44427"}],"up":[{"embeddable":true,"href":"https:\/\/goldbach.com\/de\/wp-json\/wp\/v2\/pages\/1169"}],"wp:featuredmedia":[{"embeddable":true,"href":"https:\/\/goldbach.com\/de\/wp-json\/wp\/v2\/media\/2176"}],"wp:attachment":[{"href":"https:\/\/goldbach.com\/de\/wp-json\/wp\/v2\/media?parent=1114"}],"curies":[{"name":"wp","href":"https:\/\/api.w.org\/{rel}","templated":true}]}}