{"id":1181,"date":"2025-09-25T16:11:17","date_gmt":"2025-09-25T16:11:17","guid":{"rendered":"https:\/\/goldbach.com\/?page_id=1181"},"modified":"2026-03-31T10:13:16","modified_gmt":"2026-03-31T08:13:16","slug":"radiokarte","status":"publish","type":"page","link":"https:\/\/goldbach.com\/de\/audio\/radiokarte\/","title":{"rendered":"Radiokarte"},"content":{"rendered":"<p><div class=\"fusion-fullwidth fullwidth-box fusion-builder-row-1 fusion-flex-container has-pattern-background has-mask-background nonhundred-percent-fullwidth non-hundred-percent-height-scrolling\" style=\"--awb-border-radius-top-left:0px;--awb-border-radius-top-right:0px;--awb-border-radius-bottom-right:0px;--awb-border-radius-bottom-left:0px;--awb-padding-top:30px;--awb-padding-bottom:30px;--awb-background-color:var(--awb-color2);--awb-flex-wrap:wrap;\" ><div class=\"fusion-builder-row fusion-row fusion-flex-align-items-center fusion-flex-content-wrap\" style=\"max-width:1224px;margin-left: calc(-2% \/ 2 );margin-right: calc(-2% \/ 2 );\"><div class=\"fusion-layout-column fusion_builder_column fusion-builder-column-0 fusion_builder_column_1_1 1_1 fusion-flex-column fusion-animated\" style=\"--awb-bg-size:cover;--awb-width-large:100%;--awb-margin-top-large:0px;--awb-spacing-right-large:0.98%;--awb-margin-bottom-large:0px;--awb-spacing-left-large:0.98%;--awb-width-medium:100%;--awb-order-medium:0;--awb-spacing-right-medium:0.98%;--awb-spacing-left-medium:0.98%;--awb-width-small:100%;--awb-order-small:0;--awb-spacing-right-small:0.98%;--awb-spacing-left-small:0.98%;\" data-animationType=\"fadeInLeft\" data-animationDuration=\"0.3\" data-animationOffset=\"top-into-view\" data-scroll-devices=\"small-visibility,medium-visibility,large-visibility\"><div class=\"fusion-column-wrapper fusion-column-has-shadow fusion-flex-justify-content-flex-start fusion-content-layout-column\"><div class=\"fusion-title title fusion-title-1 fusion-sep-none fusion-title-text fusion-title-size-one\" style=\"--awb-text-color:var(--awb-color1);\"><h1 class=\"fusion-title-heading title-heading-left\" style=\"margin:0;\">Schweizer Radio-Landschaft<\/h1><\/div><\/div><\/div><\/div><\/div><div class=\"fusion-fullwidth fullwidth-box fusion-builder-row-2 fusion-flex-container has-pattern-background has-mask-background nonhundred-percent-fullwidth non-hundred-percent-height-scrolling\" style=\"--awb-border-radius-top-left:0px;--awb-border-radius-top-right:0px;--awb-border-radius-bottom-right:0px;--awb-border-radius-bottom-left:0px;--awb-margin-top:50px;--awb-margin-bottom:60px;--awb-flex-wrap:wrap;\" ><div class=\"fusion-builder-row fusion-row fusion-flex-align-items-flex-start fusion-flex-content-wrap\" style=\"max-width:1224px;margin-left: calc(-2% \/ 2 );margin-right: calc(-2% \/ 2 );\"><div class=\"fusion-layout-column fusion_builder_column fusion-builder-column-1 fusion_builder_column_2_3 2_3 fusion-flex-column fusion-animated\" style=\"--awb-bg-size:cover;--awb-width-large:66.666666666667%;--awb-margin-top-large:0px;--awb-spacing-right-large:1.47%;--awb-margin-bottom-large:0px;--awb-spacing-left-large:1.47%;--awb-width-medium:66.666666666667%;--awb-order-medium:0;--awb-spacing-right-medium:1.47%;--awb-spacing-left-medium:1.47%;--awb-width-small:100%;--awb-order-small:0;--awb-spacing-right-small:0.98%;--awb-spacing-left-small:0.98%;\" data-animationType=\"fadeIn\" data-animationDuration=\"1.0\" data-animationDelay=\"0.3\" data-animationOffset=\"top-into-view\" data-scroll-devices=\"small-visibility,medium-visibility,large-visibility\"><div class=\"fusion-column-wrapper fusion-column-has-shadow fusion-flex-justify-content-flex-start fusion-content-layout-row\"><div class=\"fusion-title title fusion-title-2 fusion-sep-none fusion-title-text fusion-title-size-two\" style=\"--awb-text-color:var(--awb-color8);\"><h2 class=\"fusion-title-heading title-heading-left\" style=\"margin:0;\">Alle Schweizer Privatradiosender auf einen Blick<\/h2><\/div><div class=\"fusion-text fusion-text-1\" style=\"--awb-text-color:var(--awb-color8);\"><p>Du m\u00f6chtest Radiowerbung buchen? Mit \u00fcber 50 werberelevanten Radiostationen bietet die Schweizer Radiolandschaft vielseitige M\u00f6glichkeiten, deine Botschaft regional oder national an die Konsumierenden zu bringen. Hier findest du einen \u00dcberblick \u00fcber die Konzessionsgebiete und die aktuellen H\u00f6rerzahlen der FM-Radiosender in der Schweiz.<\/p>\n<\/div><\/div><\/div><\/div><\/div><div id=\"portfolio\" class=\"fusion-container-anchor\"><div class=\"fusion-fullwidth fullwidth-box fusion-builder-row-3 fusion-flex-container has-pattern-background has-mask-background fusion-parallax-none nonhundred-percent-fullwidth non-hundred-percent-height-scrolling lazyload fusion-animated\" style=\"--awb-border-radius-top-left:0px;--awb-border-radius-top-right:0px;--awb-border-radius-bottom-right:0px;--awb-border-radius-bottom-left:0px;--awb-padding-top:60px;--awb-padding-bottom:60px;--awb-background-size:cover;--awb-flex-wrap:wrap;\" data-bg=\"http:\/\/goldbach.com\/app\/uploads\/2025\/09\/patter-white-150x150.webp\" data-animationType=\"fadeIn\" data-animationDuration=\"0.3\" data-animationOffset=\"top-into-view\" ><div class=\"fusion-builder-row fusion-row fusion-flex-align-items-flex-start fusion-flex-content-wrap\" style=\"max-width:1224px;margin-left: calc(-2% \/ 2 );margin-right: calc(-2% \/ 2 );\"><div class=\"fusion-layout-column fusion_builder_column fusion-builder-column-2 fusion_builder_column_1_1 1_1 fusion-flex-column\" style=\"--awb-bg-size:cover;--awb-width-large:100%;--awb-margin-top-large:0px;--awb-spacing-right-large:0.98%;--awb-margin-bottom-large:0px;--awb-spacing-left-large:0.98%;--awb-width-medium:100%;--awb-order-medium:0;--awb-spacing-right-medium:0.98%;--awb-spacing-left-medium:0.98%;--awb-width-small:100%;--awb-order-small:0;--awb-spacing-right-small:0.98%;--awb-spacing-left-small:0.98%;\"><div class=\"fusion-column-wrapper fusion-column-has-shadow fusion-flex-justify-content-flex-start fusion-content-layout-column\"><iframe width=\"100%\" height=\"950px\" src=\"https:\/\/gbcomcdn.com\/uploads\/production\/radiomap\/\" frameborder=\"0\" allowfullscreen=\"allowfullscreen\" data-v-083441c8=\"\" data-gtm-yt-inspected-8385259_318=\"true\" data-gtm-yt-inspected-8385259_139=\"true\" data-gtm-yt-inspected-8385259_281=\"true\"><\/iframe><\/div><\/div><\/div><\/div><\/div><div id=\"kontakt\" class=\"fusion-container-anchor\"><div class=\"fusion-fullwidth fullwidth-box fusion-builder-row-4 fusion-flex-container has-pattern-background has-mask-background no-print nonhundred-percent-fullwidth non-hundred-percent-height-scrolling\" style=\"--awb-border-radius-top-left:0px;--awb-border-radius-top-right:0px;--awb-border-radius-bottom-right:0px;--awb-border-radius-bottom-left:0px;--awb-padding-top:60px;--awb-padding-bottom:60px;--awb-background-color:var(--awb-color2);--awb-flex-wrap:wrap;\" ><div class=\"fusion-builder-row fusion-row fusion-flex-align-items-center fusion-flex-content-wrap\" style=\"max-width:1224px;margin-left: calc(-2% \/ 2 );margin-right: calc(-2% \/ 2 );\"><div class=\"fusion-layout-column fusion_builder_column fusion-builder-column-3 fusion_builder_column_1_3 1_3 fusion-flex-column fusion-no-small-visibility fusion-animated\" style=\"--awb-bg-size:cover;--awb-width-large:33.333333333333%;--awb-margin-top-large:0px;--awb-spacing-right-large:23.52%;--awb-margin-bottom-large:0px;--awb-spacing-left-large:2.94%;--awb-width-medium:33.333333333333%;--awb-order-medium:0;--awb-spacing-right-medium:23.52%;--awb-spacing-left-medium:2.94%;--awb-width-small:100%;--awb-order-small:0;--awb-spacing-right-small:0.98%;--awb-spacing-left-small:0.98%;\" data-animationType=\"fadeInLeft\" data-animationDuration=\"1.0\" data-animationDelay=\"0.3\" data-animationOffset=\"top-into-view\" data-scroll-devices=\"small-visibility,medium-visibility,large-visibility\"><div class=\"fusion-column-wrapper fusion-column-has-shadow fusion-flex-justify-content-flex-start fusion-content-layout-column\"><div class=\"fusion-image-carousel fusion-image-carousel-auto fusion-image-carousel-1 kontakt-slider\"><div class=\"awb-carousel awb-swiper awb-swiper-carousel awb-swiper-dots-position-bottom awb-carousel--carousel\" data-layout=\"carousel\" data-autoplay=\"yes\" data-autoplayspeed=\"4000\" data-autoplaypause=\"no\" data-columns=\"1.0\" data-columnsmedium=\"0\" data-columnssmall=\"0\" data-itemmargin=\"0\" data-itemwidth=\"180\" data-touchscroll=\"no\" data-freemode=\"no\" data-imagesize=\"auto\" data-scrollitems=\"0\" data-centeredslides=\"no\" data-rotationangle=\"50\" data-depth=\"100\" data-speed=\"500\" data-shadow=\"no\" style=\"--awb-columns:1.0;--awb-column-spacing:0px;--awb-dots-margin-top:20px;--awb-dots-align:center;\"><div class=\"swiper-wrapper awb-image-carousel-wrapper fusion-flex-align-items-center\"><div class=\"swiper-slide\"><div class=\"fusion-carousel-item-wrapper\"><div class=\"fusion-image-wrapper hover-type-none\"><img decoding=\"async\" width=\"800\" height=\"800\" src=\"https:\/\/goldbach.com\/app\/uploads\/2026\/03\/Darko-Dunjic-Kontakt.jpg\" class=\"attachment-full size-full lazyload\" alt=\"\" srcset=\"data:image\/svg+xml,%3Csvg%20xmlns%3D%27http%3A%2F%2Fwww.w3.org%2F2000%2Fsvg%27%20width%3D%27800%27%20height%3D%27800%27%20viewBox%3D%270%200%20800%20800%27%3E%3Crect%20width%3D%27800%27%20height%3D%27800%27%20fill-opacity%3D%220%22%2F%3E%3C%2Fsvg%3E\" data-orig-src=\"https:\/\/goldbach.com\/app\/uploads\/2026\/03\/Darko-Dunjic-Kontakt.jpg\" data-srcset=\"https:\/\/goldbach.com\/app\/uploads\/2026\/03\/Darko-Dunjic-Kontakt-66x66.jpg 66w, https:\/\/goldbach.com\/app\/uploads\/2026\/03\/Darko-Dunjic-Kontakt-150x150.jpg 150w, https:\/\/goldbach.com\/app\/uploads\/2026\/03\/Darko-Dunjic-Kontakt-200x200.jpg 200w, https:\/\/goldbach.com\/app\/uploads\/2026\/03\/Darko-Dunjic-Kontakt-300x300.jpg 300w, https:\/\/goldbach.com\/app\/uploads\/2026\/03\/Darko-Dunjic-Kontakt-400x400.jpg 400w, https:\/\/goldbach.com\/app\/uploads\/2026\/03\/Darko-Dunjic-Kontakt-600x600.jpg 600w, https:\/\/goldbach.com\/app\/uploads\/2026\/03\/Darko-Dunjic-Kontakt-768x768.jpg 768w, https:\/\/goldbach.com\/app\/uploads\/2026\/03\/Darko-Dunjic-Kontakt.jpg 800w\" data-sizes=\"auto\" \/><\/div><\/div><\/div><div class=\"swiper-slide\"><div class=\"fusion-carousel-item-wrapper\"><div class=\"fusion-image-wrapper hover-type-none\"><img decoding=\"async\" width=\"800\" height=\"800\" src=\"https:\/\/goldbach.com\/app\/uploads\/2026\/03\/steve.krebser-Kontakt.jpg\" class=\"attachment-full size-full lazyload\" alt=\"\" srcset=\"data:image\/svg+xml,%3Csvg%20xmlns%3D%27http%3A%2F%2Fwww.w3.org%2F2000%2Fsvg%27%20width%3D%27800%27%20height%3D%27800%27%20viewBox%3D%270%200%20800%20800%27%3E%3Crect%20width%3D%27800%27%20height%3D%27800%27%20fill-opacity%3D%220%22%2F%3E%3C%2Fsvg%3E\" data-orig-src=\"https:\/\/goldbach.com\/app\/uploads\/2026\/03\/steve.krebser-Kontakt.jpg\" data-srcset=\"https:\/\/goldbach.com\/app\/uploads\/2026\/03\/steve.krebser-Kontakt-66x66.jpg 66w, https:\/\/goldbach.com\/app\/uploads\/2026\/03\/steve.krebser-Kontakt-150x150.jpg 150w, https:\/\/goldbach.com\/app\/uploads\/2026\/03\/steve.krebser-Kontakt-200x200.jpg 200w, https:\/\/goldbach.com\/app\/uploads\/2026\/03\/steve.krebser-Kontakt-300x300.jpg 300w, https:\/\/goldbach.com\/app\/uploads\/2026\/03\/steve.krebser-Kontakt-400x400.jpg 400w, https:\/\/goldbach.com\/app\/uploads\/2026\/03\/steve.krebser-Kontakt-600x600.jpg 600w, https:\/\/goldbach.com\/app\/uploads\/2026\/03\/steve.krebser-Kontakt-768x768.jpg 768w, https:\/\/goldbach.com\/app\/uploads\/2026\/03\/steve.krebser-Kontakt.jpg 800w\" data-sizes=\"auto\" \/><\/div><\/div><\/div><div class=\"swiper-slide\"><div class=\"fusion-carousel-item-wrapper\"><div class=\"fusion-image-wrapper hover-type-none\"><img decoding=\"async\" width=\"800\" height=\"800\" src=\"https:\/\/goldbach.com\/app\/uploads\/2026\/03\/Nicolas-Peggs-Kontakt.jpg\" class=\"attachment-full size-full lazyload\" alt=\"\" srcset=\"data:image\/svg+xml,%3Csvg%20xmlns%3D%27http%3A%2F%2Fwww.w3.org%2F2000%2Fsvg%27%20width%3D%27800%27%20height%3D%27800%27%20viewBox%3D%270%200%20800%20800%27%3E%3Crect%20width%3D%27800%27%20height%3D%27800%27%20fill-opacity%3D%220%22%2F%3E%3C%2Fsvg%3E\" data-orig-src=\"https:\/\/goldbach.com\/app\/uploads\/2026\/03\/Nicolas-Peggs-Kontakt.jpg\" data-srcset=\"https:\/\/goldbach.com\/app\/uploads\/2026\/03\/Nicolas-Peggs-Kontakt-66x66.jpg 66w, https:\/\/goldbach.com\/app\/uploads\/2026\/03\/Nicolas-Peggs-Kontakt-150x150.jpg 150w, https:\/\/goldbach.com\/app\/uploads\/2026\/03\/Nicolas-Peggs-Kontakt-200x200.jpg 200w, https:\/\/goldbach.com\/app\/uploads\/2026\/03\/Nicolas-Peggs-Kontakt-300x300.jpg 300w, https:\/\/goldbach.com\/app\/uploads\/2026\/03\/Nicolas-Peggs-Kontakt-400x400.jpg 400w, https:\/\/goldbach.com\/app\/uploads\/2026\/03\/Nicolas-Peggs-Kontakt-600x600.jpg 600w, https:\/\/goldbach.com\/app\/uploads\/2026\/03\/Nicolas-Peggs-Kontakt-768x768.jpg 768w, https:\/\/goldbach.com\/app\/uploads\/2026\/03\/Nicolas-Peggs-Kontakt.jpg 800w\" data-sizes=\"auto\" \/><\/div><\/div><\/div><\/div><\/div><\/div><\/div><\/div><div class=\"fusion-layout-column fusion_builder_column fusion-builder-column-4 fusion_builder_column_2_3 2_3 fusion-flex-column fusion-animated\" style=\"--awb-bg-size:cover;--awb-width-large:66.666666666667%;--awb-margin-top-large:0px;--awb-spacing-right-large:1.47%;--awb-margin-bottom-large:0px;--awb-spacing-left-large:1.47%;--awb-width-medium:66.666666666667%;--awb-order-medium:0;--awb-spacing-right-medium:1.47%;--awb-spacing-left-medium:1.47%;--awb-width-small:100%;--awb-order-small:0;--awb-spacing-right-small:0.98%;--awb-spacing-left-small:0.98%;\" data-animationType=\"fadeInRight\" data-animationDuration=\"1.0\" data-animationDelay=\"0.3\" data-animationOffset=\"top-into-view\" data-scroll-devices=\"small-visibility,medium-visibility,large-visibility\"><div class=\"fusion-column-wrapper fusion-column-has-shadow fusion-flex-justify-content-center fusion-content-layout-column\"><div class=\"fusion-text fusion-text-2 fusion-text-no-margin\" style=\"--awb-text-color:var(--awb-color1);--awb-text-font-family:&quot;LTTetria Black&quot;;--awb-text-font-style:normal;--awb-text-font-weight:400;\"><p>F\u00fcr eine erfolgreiche Audiokampagne<\/p>\n<\/div><div class=\"fusion-title title fusion-title-3 fusion-sep-none fusion-title-text fusion-title-size-two\" style=\"--awb-text-color:var(--awb-color1);\"><h2 class=\"fusion-title-heading title-heading-left\" style=\"margin:0;\">Wir unterst\u00fctzen dich bei der Planung deiner Werbekampagne<\/h2><\/div><div class=\"fusion-text fusion-text-3\" style=\"--awb-text-color:var(--awb-color1);\"><p>Wenn du noch keine konkreten Vorstellungen oder Fragen hast, dann kontaktiere uns einfach. Wir freuen uns darauf, dich kennenzulernen, und dich zu unterst\u00fctzen bei deiner Kampagne.<\/p>\n<\/div><div ><a class=\"fusion-button button-flat fusion-button-default-size button-custom fusion-button-default button-1 fusion-button-default-span fusion-button-default-type kontakt-footer\" style=\"--button_accent_color:var(--awb-color1);--button_border_color:var(--awb-color8);--button_accent_hover_color:var(--awb-color1);--button_border_hover_color:var(--awb-color1);--button_gradient_top_color:var(--awb-custom_color_4);--button_gradient_bottom_color:var(--awb-custom_color_4);--button_gradient_top_color_hover:var(--awb-color5);--button_gradient_bottom_color_hover:var(--awb-color5);\" target=\"_self\" data-hover=\"bg_slide_right\" href=\"\/audio\/kontaktiere-das-radio-team\/\"><span class=\"fusion-button-text awb-button__text awb-button__text--default\">Kontaktiere unsere Audio-Experten<\/span><\/a><\/div><\/div><\/div><\/div><\/div><\/div>\n<\/p>\n","protected":false},"excerpt":{"rendered":"","protected":false},"author":2,"featured_media":2228,"parent":1169,"menu_order":0,"comment_status":"closed","ping_status":"closed","template":"100-width.php","meta":{"_acf_changed":false,"footnotes":""},"class_list":["post-1181","page","type-page","status-publish","has-post-thumbnail","hentry"],"acf":[],"yoast_head":"<!-- This site is optimized with the Yoast SEO Premium plugin v25.8 (Yoast SEO v27.2) - https:\/\/yoast.com\/product\/yoast-seo-premium-wordpress\/ -->\n<title>Alle Schweizer Privatradiosender auf einen Blick<\/title>\n<meta name=\"description\" content=\"M\u00f6chtest du Radiowerbung buchen? Die Schweizer Privatradiokarte bietet einen umfassenden \u00dcberblick \u00fcber alle Radiosender.\" \/>\n<meta name=\"robots\" content=\"index, follow, max-snippet:-1, max-image-preview:large, max-video-preview:-1\" \/>\n<link rel=\"canonical\" href=\"https:\/\/goldbach.com\/de\/audio\/radiokarte\/\" \/>\n<meta property=\"og:locale\" content=\"de_DE\" \/>\n<meta property=\"og:type\" content=\"article\" \/>\n<meta property=\"og:title\" content=\"Radiokarte\" \/>\n<meta property=\"og:description\" content=\"M\u00f6chtest du Radiowerbung buchen? Die Schweizer Privatradiokarte bietet einen umfassenden \u00dcberblick \u00fcber alle Radiosender.\" \/>\n<meta property=\"og:url\" content=\"https:\/\/goldbach.com\/de\/audio\/radiokarte\/\" \/>\n<meta property=\"og:site_name\" content=\"Goldbach\" \/>\n<meta property=\"article:modified_time\" content=\"2026-03-31T08:13:16+00:00\" \/>\n<meta property=\"og:image\" content=\"https:\/\/goldbach.com\/app\/uploads\/2025\/10\/radio-image.jpg\" \/>\n\t<meta property=\"og:image:width\" content=\"818\" \/>\n\t<meta property=\"og:image:height\" content=\"460\" \/>\n\t<meta property=\"og:image:type\" content=\"image\/jpeg\" \/>\n<meta name=\"twitter:card\" content=\"summary_large_image\" \/>\n<meta name=\"twitter:label1\" content=\"Gesch\u00e4tzte Lesezeit\" \/>\n\t<meta name=\"twitter:data1\" content=\"1\u00a0Minute\" \/>\n<script type=\"application\/ld+json\" class=\"yoast-schema-graph\">{\"@context\":\"https:\/\/schema.org\",\"@graph\":[{\"@type\":\"WebPage\",\"@id\":\"https:\/\/goldbach.com\/de\/audio\/radiokarte\/\",\"url\":\"https:\/\/goldbach.com\/de\/audio\/radiokarte\/\",\"name\":\"Alle Schweizer Privatradiosender auf einen Blick\",\"isPartOf\":{\"@id\":\"https:\/\/goldbach.com\/de\/#website\"},\"primaryImageOfPage\":{\"@id\":\"https:\/\/goldbach.com\/de\/audio\/radiokarte\/#primaryimage\"},\"image\":{\"@id\":\"https:\/\/goldbach.com\/de\/audio\/radiokarte\/#primaryimage\"},\"thumbnailUrl\":\"https:\/\/goldbach.com\/app\/uploads\/2025\/10\/radio-image.jpg\",\"datePublished\":\"2025-09-25T16:11:17+00:00\",\"dateModified\":\"2026-03-31T08:13:16+00:00\",\"description\":\"M\u00f6chtest du Radiowerbung buchen? Die Schweizer Privatradiokarte bietet einen umfassenden \u00dcberblick \u00fcber alle Radiosender.\",\"breadcrumb\":{\"@id\":\"https:\/\/goldbach.com\/de\/audio\/radiokarte\/#breadcrumb\"},\"inLanguage\":\"de\",\"potentialAction\":[{\"@type\":\"ReadAction\",\"target\":[\"https:\/\/goldbach.com\/de\/audio\/radiokarte\/\"]}]},{\"@type\":\"ImageObject\",\"inLanguage\":\"de\",\"@id\":\"https:\/\/goldbach.com\/de\/audio\/radiokarte\/#primaryimage\",\"url\":\"https:\/\/goldbach.com\/app\/uploads\/2025\/10\/radio-image.jpg\",\"contentUrl\":\"https:\/\/goldbach.com\/app\/uploads\/2025\/10\/radio-image.jpg\",\"width\":818,\"height\":460},{\"@type\":\"BreadcrumbList\",\"@id\":\"https:\/\/goldbach.com\/de\/audio\/radiokarte\/#breadcrumb\",\"itemListElement\":[{\"@type\":\"ListItem\",\"position\":1,\"name\":\"Home\",\"item\":\"https:\/\/goldbach.com\/de\/\"},{\"@type\":\"ListItem\",\"position\":2,\"name\":\"Audio\",\"item\":\"https:\/\/goldbach.com\/de\/audio\/\"},{\"@type\":\"ListItem\",\"position\":3,\"name\":\"Radiokarte\"}]},{\"@type\":\"WebSite\",\"@id\":\"https:\/\/goldbach.com\/de\/#website\",\"url\":\"https:\/\/goldbach.com\/de\/\",\"name\":\"Goldbach\",\"description\":\"\",\"publisher\":{\"@id\":\"https:\/\/goldbach.com\/de\/#organization\"},\"potentialAction\":[{\"@type\":\"SearchAction\",\"target\":{\"@type\":\"EntryPoint\",\"urlTemplate\":\"https:\/\/goldbach.com\/de\/?s={search_term_string}\"},\"query-input\":{\"@type\":\"PropertyValueSpecification\",\"valueRequired\":true,\"valueName\":\"search_term_string\"}}],\"inLanguage\":\"de\"},{\"@type\":\"Organization\",\"@id\":\"https:\/\/goldbach.com\/de\/#organization\",\"name\":\"Goldbach\",\"url\":\"https:\/\/goldbach.com\/de\/\",\"logo\":{\"@type\":\"ImageObject\",\"inLanguage\":\"de\",\"@id\":\"https:\/\/goldbach.com\/de\/#\/schema\/logo\/image\/\",\"url\":\"https:\/\/goldbach.com\/app\/uploads\/2025\/10\/goldbach-media-relations-goldbach-logo.webp\",\"contentUrl\":\"https:\/\/goldbach.com\/app\/uploads\/2025\/10\/goldbach-media-relations-goldbach-logo.webp\",\"width\":640,\"height\":360,\"caption\":\"Goldbach\"},\"image\":{\"@id\":\"https:\/\/goldbach.com\/de\/#\/schema\/logo\/image\/\"},\"sameAs\":[\"https:\/\/www.linkedin.com\/company\/goldbach-group-ag\/\",\"https:\/\/www.instagram.com\/goldbach_ch\/\",\"https:\/\/www.youtube.com\/user\/GoldbachGroup\"]}]}<\/script>\n<!-- \/ Yoast SEO Premium plugin. -->","yoast_head_json":{"title":"Alle Schweizer Privatradiosender auf einen Blick","description":"M\u00f6chtest du Radiowerbung buchen? Die Schweizer Privatradiokarte bietet einen umfassenden \u00dcberblick \u00fcber alle Radiosender.","robots":{"index":"index","follow":"follow","max-snippet":"max-snippet:-1","max-image-preview":"max-image-preview:large","max-video-preview":"max-video-preview:-1"},"canonical":"https:\/\/goldbach.com\/de\/audio\/radiokarte\/","og_locale":"de_DE","og_type":"article","og_title":"Radiokarte","og_description":"M\u00f6chtest du Radiowerbung buchen? Die Schweizer Privatradiokarte bietet einen umfassenden \u00dcberblick \u00fcber alle Radiosender.","og_url":"https:\/\/goldbach.com\/de\/audio\/radiokarte\/","og_site_name":"Goldbach","article_modified_time":"2026-03-31T08:13:16+00:00","og_image":[{"width":818,"height":460,"url":"https:\/\/goldbach.com\/app\/uploads\/2025\/10\/radio-image.jpg","type":"image\/jpeg"}],"twitter_card":"summary_large_image","twitter_misc":{"Gesch\u00e4tzte Lesezeit":"1\u00a0Minute"},"schema":{"@context":"https:\/\/schema.org","@graph":[{"@type":"WebPage","@id":"https:\/\/goldbach.com\/de\/audio\/radiokarte\/","url":"https:\/\/goldbach.com\/de\/audio\/radiokarte\/","name":"Alle Schweizer Privatradiosender auf einen Blick","isPartOf":{"@id":"https:\/\/goldbach.com\/de\/#website"},"primaryImageOfPage":{"@id":"https:\/\/goldbach.com\/de\/audio\/radiokarte\/#primaryimage"},"image":{"@id":"https:\/\/goldbach.com\/de\/audio\/radiokarte\/#primaryimage"},"thumbnailUrl":"https:\/\/goldbach.com\/app\/uploads\/2025\/10\/radio-image.jpg","datePublished":"2025-09-25T16:11:17+00:00","dateModified":"2026-03-31T08:13:16+00:00","description":"M\u00f6chtest du Radiowerbung buchen? Die Schweizer Privatradiokarte bietet einen umfassenden \u00dcberblick \u00fcber alle Radiosender.","breadcrumb":{"@id":"https:\/\/goldbach.com\/de\/audio\/radiokarte\/#breadcrumb"},"inLanguage":"de","potentialAction":[{"@type":"ReadAction","target":["https:\/\/goldbach.com\/de\/audio\/radiokarte\/"]}]},{"@type":"ImageObject","inLanguage":"de","@id":"https:\/\/goldbach.com\/de\/audio\/radiokarte\/#primaryimage","url":"https:\/\/goldbach.com\/app\/uploads\/2025\/10\/radio-image.jpg","contentUrl":"https:\/\/goldbach.com\/app\/uploads\/2025\/10\/radio-image.jpg","width":818,"height":460},{"@type":"BreadcrumbList","@id":"https:\/\/goldbach.com\/de\/audio\/radiokarte\/#breadcrumb","itemListElement":[{"@type":"ListItem","position":1,"name":"Home","item":"https:\/\/goldbach.com\/de\/"},{"@type":"ListItem","position":2,"name":"Audio","item":"https:\/\/goldbach.com\/de\/audio\/"},{"@type":"ListItem","position":3,"name":"Radiokarte"}]},{"@type":"WebSite","@id":"https:\/\/goldbach.com\/de\/#website","url":"https:\/\/goldbach.com\/de\/","name":"Goldbach","description":"","publisher":{"@id":"https:\/\/goldbach.com\/de\/#organization"},"potentialAction":[{"@type":"SearchAction","target":{"@type":"EntryPoint","urlTemplate":"https:\/\/goldbach.com\/de\/?s={search_term_string}"},"query-input":{"@type":"PropertyValueSpecification","valueRequired":true,"valueName":"search_term_string"}}],"inLanguage":"de"},{"@type":"Organization","@id":"https:\/\/goldbach.com\/de\/#organization","name":"Goldbach","url":"https:\/\/goldbach.com\/de\/","logo":{"@type":"ImageObject","inLanguage":"de","@id":"https:\/\/goldbach.com\/de\/#\/schema\/logo\/image\/","url":"https:\/\/goldbach.com\/app\/uploads\/2025\/10\/goldbach-media-relations-goldbach-logo.webp","contentUrl":"https:\/\/goldbach.com\/app\/uploads\/2025\/10\/goldbach-media-relations-goldbach-logo.webp","width":640,"height":360,"caption":"Goldbach"},"image":{"@id":"https:\/\/goldbach.com\/de\/#\/schema\/logo\/image\/"},"sameAs":["https:\/\/www.linkedin.com\/company\/goldbach-group-ag\/","https:\/\/www.instagram.com\/goldbach_ch\/","https:\/\/www.youtube.com\/user\/GoldbachGroup"]}]}},"_links":{"self":[{"href":"https:\/\/goldbach.com\/de\/wp-json\/wp\/v2\/pages\/1181","targetHints":{"allow":["GET"]}}],"collection":[{"href":"https:\/\/goldbach.com\/de\/wp-json\/wp\/v2\/pages"}],"about":[{"href":"https:\/\/goldbach.com\/de\/wp-json\/wp\/v2\/types\/page"}],"author":[{"embeddable":true,"href":"https:\/\/goldbach.com\/de\/wp-json\/wp\/v2\/users\/2"}],"replies":[{"embeddable":true,"href":"https:\/\/goldbach.com\/de\/wp-json\/wp\/v2\/comments?post=1181"}],"version-history":[{"count":12,"href":"https:\/\/goldbach.com\/de\/wp-json\/wp\/v2\/pages\/1181\/revisions"}],"predecessor-version":[{"id":44453,"href":"https:\/\/goldbach.com\/de\/wp-json\/wp\/v2\/pages\/1181\/revisions\/44453"}],"up":[{"embeddable":true,"href":"https:\/\/goldbach.com\/de\/wp-json\/wp\/v2\/pages\/1169"}],"wp:featuredmedia":[{"embeddable":true,"href":"https:\/\/goldbach.com\/de\/wp-json\/wp\/v2\/media\/2228"}],"wp:attachment":[{"href":"https:\/\/goldbach.com\/de\/wp-json\/wp\/v2\/media?parent=1181"}],"curies":[{"name":"wp","href":"https:\/\/api.w.org\/{rel}","templated":true}]}}