{"id":32215,"date":"2026-01-04T11:57:14","date_gmt":"2026-01-04T10:57:14","guid":{"rendered":"https:\/\/goldbach.com\/?page_id=32215"},"modified":"2026-03-31T13:50:15","modified_gmt":"2026-03-31T11:50:15","slug":"danke-fuer-deine-offertenanfrage","status":"publish","type":"page","link":"https:\/\/goldbach.com\/de\/offerte-anfragen\/danke-fuer-deine-offertenanfrage\/","title":{"rendered":"Danke f\u00fcr deine Offertenanfrage"},"content":{"rendered":"<div id=\"info\" class=\"fusion-container-anchor\"><div class=\"fusion-fullwidth fullwidth-box fusion-builder-row-1 fusion-flex-container has-pattern-background has-mask-background nonhundred-percent-fullwidth non-hundred-percent-height-scrolling\" style=\"--awb-border-radius-top-left:0px;--awb-border-radius-top-right:0px;--awb-border-radius-bottom-right:0px;--awb-border-radius-bottom-left:0px;--awb-padding-top:60px;--awb-padding-bottom:70px;--awb-flex-wrap:wrap;\" ><div class=\"fusion-builder-row fusion-row fusion-flex-align-items-flex-start fusion-flex-content-wrap\" style=\"max-width:1224px;margin-left: calc(-2% \/ 2 );margin-right: calc(-2% \/ 2 );\"><div class=\"fusion-layout-column fusion_builder_column fusion-builder-column-0 fusion_builder_column_1_4 1_4 fusion-flex-column fusion-animated\" style=\"--awb-bg-size:cover;--awb-width-large:25%;--awb-margin-top-large:0px;--awb-spacing-right-large:11.76%;--awb-margin-bottom-large:0px;--awb-spacing-left-large:3.92%;--awb-width-medium:25%;--awb-order-medium:0;--awb-spacing-right-medium:11.76%;--awb-spacing-left-medium:3.92%;--awb-width-small:100%;--awb-order-small:0;--awb-spacing-right-small:0.98%;--awb-margin-bottom-small:0;--awb-spacing-left-small:0.98%;\" data-animationType=\"fadeInLeft\" data-animationDuration=\"1.0\" data-animationDelay=\"0.3\" data-animationOffset=\"top-into-view\" data-scroll-devices=\"small-visibility,medium-visibility,large-visibility\"><div class=\"fusion-column-wrapper fusion-column-has-shadow fusion-flex-justify-content-flex-start fusion-content-layout-column\"><div class=\"fusion-image-element \" style=\"--awb-margin-top:15px;--awb-caption-title-font-family:var(--h2_typography-font-family);--awb-caption-title-font-weight:var(--h2_typography-font-weight);--awb-caption-title-font-style:var(--h2_typography-font-style);--awb-caption-title-size:var(--h2_typography-font-size);--awb-caption-title-transform:var(--h2_typography-text-transform);--awb-caption-title-line-height:var(--h2_typography-line-height);--awb-caption-title-letter-spacing:var(--h2_typography-letter-spacing);\"><span class=\" fusion-imageframe imageframe-none imageframe-1 hover-type-none fusion-animated\" style=\"--awb-animation-color:#f2f2f2;\" data-animationType=\"revealInLeft\" data-animationDuration=\"0.3\" data-animationOffset=\"top-into-view\"><img decoding=\"async\" width=\"400\" height=\"222\" title=\"thank-you-with-passion\" src=\"https:\/\/goldbach.com\/app\/uploads\/2026\/01\/thank-you-with-passion.png\" data-orig-src=\"http:\/\/goldbach.com\/app\/uploads\/2026\/01\/thank-you-with-passion-400x222.png\" alt class=\"lazyload img-responsive wp-image-34190\" srcset=\"data:image\/svg+xml,%3Csvg%20xmlns%3D%27http%3A%2F%2Fwww.w3.org%2F2000%2Fsvg%27%20width%3D%271313%27%20height%3D%27730%27%20viewBox%3D%270%200%201313%20730%27%3E%3Crect%20width%3D%271313%27%20height%3D%27730%27%20fill-opacity%3D%220%22%2F%3E%3C%2Fsvg%3E\" data-srcset=\"https:\/\/goldbach.com\/app\/uploads\/2026\/01\/thank-you-with-passion-200x111.png 200w, https:\/\/goldbach.com\/app\/uploads\/2026\/01\/thank-you-with-passion-400x222.png 400w, https:\/\/goldbach.com\/app\/uploads\/2026\/01\/thank-you-with-passion-600x334.png 600w, https:\/\/goldbach.com\/app\/uploads\/2026\/01\/thank-you-with-passion-800x445.png 800w, https:\/\/goldbach.com\/app\/uploads\/2026\/01\/thank-you-with-passion-1200x667.png 1200w, https:\/\/goldbach.com\/app\/uploads\/2026\/01\/thank-you-with-passion.png 1313w\" data-sizes=\"auto\" data-orig-sizes=\"(max-width: 640px) 100vw, 400px\" \/><\/span><\/div><\/div><\/div><div class=\"fusion-layout-column fusion_builder_column fusion-builder-column-1 fusion_builder_column_1_2 1_2 fusion-flex-column fusion-animated\" style=\"--awb-bg-size:cover;--awb-width-large:50%;--awb-margin-top-large:0px;--awb-spacing-right-large:1.96%;--awb-margin-bottom-large:0px;--awb-spacing-left-large:1.96%;--awb-width-medium:50%;--awb-order-medium:0;--awb-spacing-right-medium:1.96%;--awb-spacing-left-medium:1.96%;--awb-width-small:100%;--awb-order-small:0;--awb-spacing-right-small:0.98%;--awb-spacing-left-small:0.98%;\" data-animationType=\"fadeInRight\" data-animationDuration=\"1.0\" data-animationDelay=\"0.3\" data-animationOffset=\"top-into-view\" data-scroll-devices=\"small-visibility,medium-visibility,large-visibility\"><div class=\"fusion-column-wrapper fusion-column-has-shadow fusion-flex-justify-content-flex-start fusion-content-layout-column\"><div class=\"fusion-title title fusion-title-1 fusion-sep-none fusion-title-text fusion-title-size-two\"><h2 class=\"fusion-title-heading title-heading-left\" style=\"margin:0;\">Vielen Dank f\u00fcr deine Offertenanfrage!<\/h2><\/div><div class=\"fusion-text fusion-text-1\"><p>Vielen Dank f\u00fcr deine Nachricht! Wir geben nun Gas, suchen den richtigen Ansprechpartner und werden uns sp\u00e4testens innert 24 Stunden (w\u00e4hrend Werktagen) bei dir melden.<\/p>\n<\/div><div ><a class=\"fusion-button button-flat fusion-button-default-size button-default fusion-button-default button-1 fusion-button-default-span fusion-button-default-type\" target=\"_self\" data-hover=\"bg_slide_right\" href=\"\/\"><span class=\"fusion-button-text awb-button__text awb-button__text--default\">Zu Home<\/span><\/a><\/div><\/div><\/div><\/div><\/div><\/div>\n","protected":false},"excerpt":{"rendered":"","protected":false},"author":2,"featured_media":0,"parent":5270,"menu_order":0,"comment_status":"closed","ping_status":"closed","template":"100-width.php","meta":{"_acf_changed":false,"footnotes":""},"class_list":["post-32215","page","type-page","status-publish","hentry"],"acf":[],"yoast_head":"<!-- This site is optimized with the Yoast SEO Premium plugin v25.8 (Yoast SEO v27.2) - https:\/\/yoast.com\/product\/yoast-seo-premium-wordpress\/ -->\n<title>Danke f\u00fcr deine Offertenanfrage - Goldbach<\/title>\n<meta name=\"robots\" content=\"index, follow, max-snippet:-1, max-image-preview:large, max-video-preview:-1\" \/>\n<link rel=\"canonical\" href=\"https:\/\/goldbach.com\/de\/offerte-anfragen\/danke-fuer-deine-offertenanfrage\/\" \/>\n<meta property=\"og:locale\" content=\"de_DE\" \/>\n<meta property=\"og:type\" content=\"article\" \/>\n<meta property=\"og:title\" content=\"Danke f\u00fcr deine Offertenanfrage\" \/>\n<meta property=\"og:url\" content=\"https:\/\/goldbach.com\/de\/offerte-anfragen\/danke-fuer-deine-offertenanfrage\/\" \/>\n<meta property=\"og:site_name\" content=\"Goldbach\" \/>\n<meta property=\"article:modified_time\" content=\"2026-03-31T11:50:15+00:00\" \/>\n<meta property=\"og:image\" content=\"https:\/\/goldbach.com\/app\/uploads\/2025\/11\/goldbach-media-relations-unternehmen-aussenansicht.jpg\" \/>\n\t<meta property=\"og:image:width\" content=\"2500\" \/>\n\t<meta property=\"og:image:height\" content=\"1667\" \/>\n\t<meta property=\"og:image:type\" content=\"image\/jpeg\" \/>\n<meta name=\"twitter:card\" content=\"summary_large_image\" \/>\n<meta name=\"twitter:label1\" content=\"Gesch\u00e4tzte Lesezeit\" \/>\n\t<meta name=\"twitter:data1\" content=\"1\u00a0Minute\" \/>\n<script type=\"application\/ld+json\" class=\"yoast-schema-graph\">{\"@context\":\"https:\/\/schema.org\",\"@graph\":[{\"@type\":\"WebPage\",\"@id\":\"https:\/\/goldbach.com\/de\/offerte-anfragen\/danke-fuer-deine-offertenanfrage\/\",\"url\":\"https:\/\/goldbach.com\/de\/offerte-anfragen\/danke-fuer-deine-offertenanfrage\/\",\"name\":\"Danke f\u00fcr deine Offertenanfrage - Goldbach\",\"isPartOf\":{\"@id\":\"https:\/\/goldbach.com\/de\/#website\"},\"datePublished\":\"2026-01-04T10:57:14+00:00\",\"dateModified\":\"2026-03-31T11:50:15+00:00\",\"breadcrumb\":{\"@id\":\"https:\/\/goldbach.com\/de\/offerte-anfragen\/danke-fuer-deine-offertenanfrage\/#breadcrumb\"},\"inLanguage\":\"de\",\"potentialAction\":[{\"@type\":\"ReadAction\",\"target\":[\"https:\/\/goldbach.com\/de\/offerte-anfragen\/danke-fuer-deine-offertenanfrage\/\"]}]},{\"@type\":\"BreadcrumbList\",\"@id\":\"https:\/\/goldbach.com\/de\/offerte-anfragen\/danke-fuer-deine-offertenanfrage\/#breadcrumb\",\"itemListElement\":[{\"@type\":\"ListItem\",\"position\":1,\"name\":\"Home\",\"item\":\"https:\/\/goldbach.com\/de\/\"},{\"@type\":\"ListItem\",\"position\":2,\"name\":\"Offerte anfragen\",\"item\":\"https:\/\/goldbach.com\/de\/offerte-anfragen\/\"},{\"@type\":\"ListItem\",\"position\":3,\"name\":\"Danke f\u00fcr deine Offertenanfrage\"}]},{\"@type\":\"WebSite\",\"@id\":\"https:\/\/goldbach.com\/de\/#website\",\"url\":\"https:\/\/goldbach.com\/de\/\",\"name\":\"Goldbach\",\"description\":\"\",\"publisher\":{\"@id\":\"https:\/\/goldbach.com\/de\/#organization\"},\"potentialAction\":[{\"@type\":\"SearchAction\",\"target\":{\"@type\":\"EntryPoint\",\"urlTemplate\":\"https:\/\/goldbach.com\/de\/?s={search_term_string}\"},\"query-input\":{\"@type\":\"PropertyValueSpecification\",\"valueRequired\":true,\"valueName\":\"search_term_string\"}}],\"inLanguage\":\"de\"},{\"@type\":\"Organization\",\"@id\":\"https:\/\/goldbach.com\/de\/#organization\",\"name\":\"Goldbach\",\"url\":\"https:\/\/goldbach.com\/de\/\",\"logo\":{\"@type\":\"ImageObject\",\"inLanguage\":\"de\",\"@id\":\"https:\/\/goldbach.com\/de\/#\/schema\/logo\/image\/\",\"url\":\"https:\/\/goldbach.com\/app\/uploads\/2025\/10\/goldbach-media-relations-goldbach-logo.webp\",\"contentUrl\":\"https:\/\/goldbach.com\/app\/uploads\/2025\/10\/goldbach-media-relations-goldbach-logo.webp\",\"width\":640,\"height\":360,\"caption\":\"Goldbach\"},\"image\":{\"@id\":\"https:\/\/goldbach.com\/de\/#\/schema\/logo\/image\/\"},\"sameAs\":[\"https:\/\/www.linkedin.com\/company\/goldbach-group-ag\/\",\"https:\/\/www.instagram.com\/goldbach_ch\/\",\"https:\/\/www.youtube.com\/user\/GoldbachGroup\"]}]}<\/script>\n<!-- \/ Yoast SEO Premium plugin. -->","yoast_head_json":{"title":"Danke f\u00fcr deine Offertenanfrage - Goldbach","robots":{"index":"index","follow":"follow","max-snippet":"max-snippet:-1","max-image-preview":"max-image-preview:large","max-video-preview":"max-video-preview:-1"},"canonical":"https:\/\/goldbach.com\/de\/offerte-anfragen\/danke-fuer-deine-offertenanfrage\/","og_locale":"de_DE","og_type":"article","og_title":"Danke f\u00fcr deine Offertenanfrage","og_url":"https:\/\/goldbach.com\/de\/offerte-anfragen\/danke-fuer-deine-offertenanfrage\/","og_site_name":"Goldbach","article_modified_time":"2026-03-31T11:50:15+00:00","og_image":[{"width":2500,"height":1667,"url":"https:\/\/goldbach.com\/app\/uploads\/2025\/11\/goldbach-media-relations-unternehmen-aussenansicht.jpg","type":"image\/jpeg"}],"twitter_card":"summary_large_image","twitter_misc":{"Gesch\u00e4tzte Lesezeit":"1\u00a0Minute"},"schema":{"@context":"https:\/\/schema.org","@graph":[{"@type":"WebPage","@id":"https:\/\/goldbach.com\/de\/offerte-anfragen\/danke-fuer-deine-offertenanfrage\/","url":"https:\/\/goldbach.com\/de\/offerte-anfragen\/danke-fuer-deine-offertenanfrage\/","name":"Danke f\u00fcr deine Offertenanfrage - Goldbach","isPartOf":{"@id":"https:\/\/goldbach.com\/de\/#website"},"datePublished":"2026-01-04T10:57:14+00:00","dateModified":"2026-03-31T11:50:15+00:00","breadcrumb":{"@id":"https:\/\/goldbach.com\/de\/offerte-anfragen\/danke-fuer-deine-offertenanfrage\/#breadcrumb"},"inLanguage":"de","potentialAction":[{"@type":"ReadAction","target":["https:\/\/goldbach.com\/de\/offerte-anfragen\/danke-fuer-deine-offertenanfrage\/"]}]},{"@type":"BreadcrumbList","@id":"https:\/\/goldbach.com\/de\/offerte-anfragen\/danke-fuer-deine-offertenanfrage\/#breadcrumb","itemListElement":[{"@type":"ListItem","position":1,"name":"Home","item":"https:\/\/goldbach.com\/de\/"},{"@type":"ListItem","position":2,"name":"Offerte anfragen","item":"https:\/\/goldbach.com\/de\/offerte-anfragen\/"},{"@type":"ListItem","position":3,"name":"Danke f\u00fcr deine Offertenanfrage"}]},{"@type":"WebSite","@id":"https:\/\/goldbach.com\/de\/#website","url":"https:\/\/goldbach.com\/de\/","name":"Goldbach","description":"","publisher":{"@id":"https:\/\/goldbach.com\/de\/#organization"},"potentialAction":[{"@type":"SearchAction","target":{"@type":"EntryPoint","urlTemplate":"https:\/\/goldbach.com\/de\/?s={search_term_string}"},"query-input":{"@type":"PropertyValueSpecification","valueRequired":true,"valueName":"search_term_string"}}],"inLanguage":"de"},{"@type":"Organization","@id":"https:\/\/goldbach.com\/de\/#organization","name":"Goldbach","url":"https:\/\/goldbach.com\/de\/","logo":{"@type":"ImageObject","inLanguage":"de","@id":"https:\/\/goldbach.com\/de\/#\/schema\/logo\/image\/","url":"https:\/\/goldbach.com\/app\/uploads\/2025\/10\/goldbach-media-relations-goldbach-logo.webp","contentUrl":"https:\/\/goldbach.com\/app\/uploads\/2025\/10\/goldbach-media-relations-goldbach-logo.webp","width":640,"height":360,"caption":"Goldbach"},"image":{"@id":"https:\/\/goldbach.com\/de\/#\/schema\/logo\/image\/"},"sameAs":["https:\/\/www.linkedin.com\/company\/goldbach-group-ag\/","https:\/\/www.instagram.com\/goldbach_ch\/","https:\/\/www.youtube.com\/user\/GoldbachGroup"]}]}},"_links":{"self":[{"href":"https:\/\/goldbach.com\/de\/wp-json\/wp\/v2\/pages\/32215","targetHints":{"allow":["GET"]}}],"collection":[{"href":"https:\/\/goldbach.com\/de\/wp-json\/wp\/v2\/pages"}],"about":[{"href":"https:\/\/goldbach.com\/de\/wp-json\/wp\/v2\/types\/page"}],"author":[{"embeddable":true,"href":"https:\/\/goldbach.com\/de\/wp-json\/wp\/v2\/users\/2"}],"replies":[{"embeddable":true,"href":"https:\/\/goldbach.com\/de\/wp-json\/wp\/v2\/comments?post=32215"}],"version-history":[{"count":5,"href":"https:\/\/goldbach.com\/de\/wp-json\/wp\/v2\/pages\/32215\/revisions"}],"predecessor-version":[{"id":44750,"href":"https:\/\/goldbach.com\/de\/wp-json\/wp\/v2\/pages\/32215\/revisions\/44750"}],"up":[{"embeddable":true,"href":"https:\/\/goldbach.com\/de\/wp-json\/wp\/v2\/pages\/5270"}],"wp:attachment":[{"href":"https:\/\/goldbach.com\/de\/wp-json\/wp\/v2\/media?parent=32215"}],"curies":[{"name":"wp","href":"https:\/\/api.w.org\/{rel}","templated":true}]}}