{"id":422,"date":"2025-09-17T15:50:29","date_gmt":"2025-09-17T15:50:29","guid":{"rendered":"https:\/\/goldbach.com\/?page_id=422"},"modified":"2026-03-31T17:48:15","modified_gmt":"2026-03-31T15:48:15","slug":"rechtliche-hinweise","status":"publish","type":"page","link":"https:\/\/goldbach.com\/de\/rechtliche-hinweise\/","title":{"rendered":"Rechtliche Hinweise"},"content":{"rendered":"<p><div class=\"fusion-fullwidth fullwidth-box fusion-builder-row-1 fusion-flex-container has-pattern-background has-mask-background nonhundred-percent-fullwidth non-hundred-percent-height-scrolling\" style=\"--awb-border-radius-top-left:0px;--awb-border-radius-top-right:0px;--awb-border-radius-bottom-right:0px;--awb-border-radius-bottom-left:0px;--awb-padding-top:30px;--awb-padding-bottom:30px;--awb-background-color:var(--awb-color2);--awb-flex-wrap:wrap;\" ><div class=\"fusion-builder-row fusion-row fusion-flex-align-items-center fusion-flex-content-wrap\" style=\"max-width:1224px;margin-left: calc(-2% \/ 2 );margin-right: calc(-2% \/ 2 );\"><div class=\"fusion-layout-column fusion_builder_column fusion-builder-column-0 fusion_builder_column_2_5 2_5 fusion-flex-column fusion-animated\" style=\"--awb-bg-size:cover;--awb-width-large:40%;--awb-margin-top-large:0px;--awb-spacing-right-large:2.45%;--awb-margin-bottom-large:0px;--awb-spacing-left-large:2.45%;--awb-width-medium:40%;--awb-order-medium:0;--awb-spacing-right-medium:2.45%;--awb-spacing-left-medium:2.45%;--awb-width-small:100%;--awb-order-small:0;--awb-spacing-right-small:0.98%;--awb-spacing-left-small:0.98%;\" data-animationType=\"fadeIn\" data-animationDuration=\"0.3\" data-animationOffset=\"top-into-view\" data-scroll-devices=\"small-visibility,medium-visibility,large-visibility\"><div class=\"fusion-column-wrapper fusion-column-has-shadow fusion-flex-justify-content-flex-start fusion-content-layout-column\"><div class=\"fusion-title title fusion-title-1 fusion-sep-none fusion-title-text fusion-title-size-one\" style=\"--awb-text-color:var(--awb-color1);\"><h1 class=\"fusion-title-heading title-heading-left\" style=\"margin:0;\">Rechtliche Hinweise<\/h1><\/div><\/div><\/div><\/div><\/div><div class=\"fusion-fullwidth fullwidth-box fusion-builder-row-2 fusion-flex-container has-pattern-background has-mask-background nonhundred-percent-fullwidth non-hundred-percent-height-scrolling fusion-animated\" style=\"--awb-border-radius-top-left:0px;--awb-border-radius-top-right:0px;--awb-border-radius-bottom-right:0px;--awb-border-radius-bottom-left:0px;--awb-padding-top:60px;--awb-padding-bottom:60px;--awb-flex-wrap:wrap;\" data-animationType=\"fadeIn\" data-animationDuration=\"0.3\" data-animationOffset=\"top-into-view\" ><div class=\"fusion-builder-row fusion-row fusion-flex-align-items-flex-start fusion-flex-content-wrap\" style=\"max-width:1224px;margin-left: calc(-2% \/ 2 );margin-right: calc(-2% \/ 2 );\"><div class=\"fusion-layout-column fusion_builder_column fusion-builder-column-1 fusion_builder_column_2_3 2_3 fusion-flex-column fusion-animated\" style=\"--awb-bg-size:cover;--awb-width-large:66.666666666667%;--awb-margin-top-large:0px;--awb-spacing-right-large:1.47%;--awb-margin-bottom-large:0px;--awb-spacing-left-large:1.47%;--awb-width-medium:66.666666666667%;--awb-order-medium:0;--awb-spacing-right-medium:1.47%;--awb-spacing-left-medium:1.47%;--awb-width-small:100%;--awb-order-small:0;--awb-spacing-right-small:0.98%;--awb-spacing-left-small:0.98%;\" data-animationType=\"fadeIn\" data-animationDuration=\"1.0\" data-animationDelay=\"0.3\" data-animationOffset=\"top-into-view\"><div class=\"fusion-column-wrapper fusion-column-has-shadow fusion-flex-justify-content-flex-start fusion-content-layout-column\"><div class=\"fusion-text fusion-text-1\"><p>Die Goldbach Group AG und ihre Tochtergesellschaften bilden die Goldbach Group (im Folgenden: die \u00abGruppe\u00bb) \u2013 eine f\u00fchrende Anbieterin f\u00fcr die Vermarktung elektronischer, interaktiver und mobiler privater Medien. <\/p>\n<p>Die Inhalte unserer Websites dienen ausschliesslich Informationszwecken und d\u00fcrfen zu keinem Zeitpunkt als rechtsverbindlich verstanden werden. Insbesondere enthalten die Websites keine rechtsverbindlichen Angebote oder Tarifausk\u00fcnfte.<\/p>\n<p>Die Gruppe \u00fcbernimmt keine Gew\u00e4hrleistung (weder ausdr\u00fccklich noch stillschweigend) f\u00fcr Richtigkeit, Vollst\u00e4ndigkeit und Aktualit\u00e4t der auf unserer Websites publizierten Informationen und Meinungs\u00e4usserungen.<\/p>\n<p>Die \u00dcbermittlung von Informationen ab unseren Websites bzw. deren Abrufung und Empfang begr\u00fcnden keinen Werbe- oder Sponsoringauftrag.<\/p>\n<p>Wir machen dich darauf aufmerksam, dass die Kommunikation \u00fcber E-Mail infolge technischer M\u00e4ngel des Internets weder sicher noch vertraulich ist. Die Gruppe lehnt daher jegliche Haftung im Zusammenhang mit Sch\u00e4den jeglicher Art, die auf die Kommunikation \u00fcber E-Mail zur\u00fcckzuf\u00fchren ist, ab.<\/p>\n<p>Die Gruppe schliesst des Weiteren uneingeschr\u00e4nkt jede Haftung f\u00fcr Verluste bzw. Sch\u00e4den irgendwelcher Art aus \u2212 sei es f\u00fcr direkte, indirekte oder Folgesch\u00e4den \u2212 die sich aus der Ben\u00fctzung der bzw. des Zugriffs auf unsere Websites oder aus Links zu Websites Dritter ergeben sollten. Zudem lehnt die Gruppe jede Haftung f\u00fcr Manipulationen am EDV-System des Internet-Benutzers durch Unbefugte ab. Dabei weisen wir ausdr\u00fccklich auf die Gefahr von Viren und die M\u00f6glichkeit gezielter Hackingangriffe hin. Gewisse Links auf unseren Websites f\u00fchren zu Websites Dritter. Diese sind dem Einfluss der Gruppe vollst\u00e4ndig entzogen, weshalb die Gruppe f\u00fcr Richtigkeit, Vollst\u00e4ndigkeit und Rechtm\u00e4ssigkeit des Inhalts solcher Websites sowie f\u00fcr allf\u00e4llige darauf enthaltene Angebote und (Dienst-)Leistungen keinerlei Verantwortung \u00fcbernimmt.<\/p>\n<p>Die Inhalte unserer Websites sind urheberrechtlich gesch\u00fctzt. Die Ver\u00e4nderung dieser Seiten ist in jedem Fall untersagt. Das Reproduzieren, Verlinken oder Benutzen f\u00fcr \u00f6ffentliche oder kommerzielle Zwecke ist ohne unsere vorherige schriftliche Best\u00e4tigung untersagt. Wenn du Software und\/oder andere Informationen herunterl\u00e4dst oder auf andere Weise bearbeitest, bleiben s\u00e4mtliche gesch\u00fctzten und nicht gesch\u00fctzten Urheberrechte bei den<\/p>\n<\/div><\/div><\/div><\/div><\/div><\/p>\n","protected":false},"excerpt":{"rendered":"","protected":false},"author":2,"featured_media":4874,"parent":0,"menu_order":0,"comment_status":"closed","ping_status":"closed","template":"100-width.php","meta":{"_acf_changed":false,"footnotes":""},"class_list":["post-422","page","type-page","status-publish","has-post-thumbnail","hentry"],"acf":[],"yoast_head":"<!-- This site is optimized with the Yoast SEO Premium plugin v25.8 (Yoast SEO v27.2) - https:\/\/yoast.com\/product\/yoast-seo-premium-wordpress\/ -->\n<title>Rechtliche Hinweise zur Goldbach Group AG<\/title>\n<meta name=\"description\" content=\"Die rechtlichen Hinweise der Goldbach Group umfassen wichtige Informationen zur Nutzung der Website und deren Inhalte.\" \/>\n<meta name=\"robots\" content=\"index, follow, max-snippet:-1, max-image-preview:large, max-video-preview:-1\" \/>\n<link rel=\"canonical\" href=\"https:\/\/goldbach.com\/de\/rechtliche-hinweise\/\" \/>\n<meta property=\"og:locale\" content=\"de_DE\" \/>\n<meta property=\"og:type\" content=\"article\" \/>\n<meta property=\"og:title\" content=\"Rechtliche Hinweise\" \/>\n<meta property=\"og:description\" content=\"Die rechtlichen Hinweise der Goldbach Group umfassen wichtige Informationen zur Nutzung der Website und deren Inhalte.\" \/>\n<meta property=\"og:url\" content=\"https:\/\/goldbach.com\/de\/rechtliche-hinweise\/\" \/>\n<meta property=\"og:site_name\" content=\"Goldbach\" \/>\n<meta property=\"article:modified_time\" content=\"2026-03-31T15:48:15+00:00\" \/>\n<meta property=\"og:image\" content=\"https:\/\/goldbach.com\/app\/uploads\/2025\/11\/goldbach-media-relations-unternehmen-aussenansicht.jpg\" \/>\n\t<meta property=\"og:image:width\" content=\"2500\" \/>\n\t<meta property=\"og:image:height\" content=\"1667\" \/>\n\t<meta property=\"og:image:type\" content=\"image\/jpeg\" \/>\n<meta name=\"twitter:card\" content=\"summary_large_image\" \/>\n<meta name=\"twitter:label1\" content=\"Gesch\u00e4tzte Lesezeit\" \/>\n\t<meta name=\"twitter:data1\" content=\"2\u00a0Minute\" \/>\n<script type=\"application\/ld+json\" class=\"yoast-schema-graph\">{\"@context\":\"https:\/\/schema.org\",\"@graph\":[{\"@type\":\"WebPage\",\"@id\":\"https:\/\/goldbach.com\/de\/rechtliche-hinweise\/\",\"url\":\"https:\/\/goldbach.com\/de\/rechtliche-hinweise\/\",\"name\":\"Rechtliche Hinweise zur Goldbach Group AG\",\"isPartOf\":{\"@id\":\"https:\/\/goldbach.com\/de\/#website\"},\"primaryImageOfPage\":{\"@id\":\"https:\/\/goldbach.com\/de\/rechtliche-hinweise\/#primaryimage\"},\"image\":{\"@id\":\"https:\/\/goldbach.com\/de\/rechtliche-hinweise\/#primaryimage\"},\"thumbnailUrl\":\"https:\/\/goldbach.com\/app\/uploads\/2025\/11\/goldbach-media-relations-unternehmen-aussenansicht.jpg\",\"datePublished\":\"2025-09-17T15:50:29+00:00\",\"dateModified\":\"2026-03-31T15:48:15+00:00\",\"description\":\"Die rechtlichen Hinweise der Goldbach Group umfassen wichtige Informationen zur Nutzung der Website und deren Inhalte.\",\"breadcrumb\":{\"@id\":\"https:\/\/goldbach.com\/de\/rechtliche-hinweise\/#breadcrumb\"},\"inLanguage\":\"de\",\"potentialAction\":[{\"@type\":\"ReadAction\",\"target\":[\"https:\/\/goldbach.com\/de\/rechtliche-hinweise\/\"]}]},{\"@type\":\"ImageObject\",\"inLanguage\":\"de\",\"@id\":\"https:\/\/goldbach.com\/de\/rechtliche-hinweise\/#primaryimage\",\"url\":\"https:\/\/goldbach.com\/app\/uploads\/2025\/11\/goldbach-media-relations-unternehmen-aussenansicht.jpg\",\"contentUrl\":\"https:\/\/goldbach.com\/app\/uploads\/2025\/11\/goldbach-media-relations-unternehmen-aussenansicht.jpg\",\"width\":2500,\"height\":1667},{\"@type\":\"BreadcrumbList\",\"@id\":\"https:\/\/goldbach.com\/de\/rechtliche-hinweise\/#breadcrumb\",\"itemListElement\":[{\"@type\":\"ListItem\",\"position\":1,\"name\":\"Home\",\"item\":\"https:\/\/goldbach.com\/de\/\"},{\"@type\":\"ListItem\",\"position\":2,\"name\":\"Rechtliche Hinweise\"}]},{\"@type\":\"WebSite\",\"@id\":\"https:\/\/goldbach.com\/de\/#website\",\"url\":\"https:\/\/goldbach.com\/de\/\",\"name\":\"Goldbach\",\"description\":\"\",\"publisher\":{\"@id\":\"https:\/\/goldbach.com\/de\/#organization\"},\"potentialAction\":[{\"@type\":\"SearchAction\",\"target\":{\"@type\":\"EntryPoint\",\"urlTemplate\":\"https:\/\/goldbach.com\/de\/?s={search_term_string}\"},\"query-input\":{\"@type\":\"PropertyValueSpecification\",\"valueRequired\":true,\"valueName\":\"search_term_string\"}}],\"inLanguage\":\"de\"},{\"@type\":\"Organization\",\"@id\":\"https:\/\/goldbach.com\/de\/#organization\",\"name\":\"Goldbach\",\"url\":\"https:\/\/goldbach.com\/de\/\",\"logo\":{\"@type\":\"ImageObject\",\"inLanguage\":\"de\",\"@id\":\"https:\/\/goldbach.com\/de\/#\/schema\/logo\/image\/\",\"url\":\"https:\/\/goldbach.com\/app\/uploads\/2025\/10\/goldbach-media-relations-goldbach-logo.webp\",\"contentUrl\":\"https:\/\/goldbach.com\/app\/uploads\/2025\/10\/goldbach-media-relations-goldbach-logo.webp\",\"width\":640,\"height\":360,\"caption\":\"Goldbach\"},\"image\":{\"@id\":\"https:\/\/goldbach.com\/de\/#\/schema\/logo\/image\/\"},\"sameAs\":[\"https:\/\/www.linkedin.com\/company\/goldbach-group-ag\/\",\"https:\/\/www.instagram.com\/goldbach_ch\/\",\"https:\/\/www.youtube.com\/user\/GoldbachGroup\"]}]}<\/script>\n<!-- \/ Yoast SEO Premium plugin. -->","yoast_head_json":{"title":"Rechtliche Hinweise zur Goldbach Group AG","description":"Die rechtlichen Hinweise der Goldbach Group umfassen wichtige Informationen zur Nutzung der Website und deren Inhalte.","robots":{"index":"index","follow":"follow","max-snippet":"max-snippet:-1","max-image-preview":"max-image-preview:large","max-video-preview":"max-video-preview:-1"},"canonical":"https:\/\/goldbach.com\/de\/rechtliche-hinweise\/","og_locale":"de_DE","og_type":"article","og_title":"Rechtliche Hinweise","og_description":"Die rechtlichen Hinweise der Goldbach Group umfassen wichtige Informationen zur Nutzung der Website und deren Inhalte.","og_url":"https:\/\/goldbach.com\/de\/rechtliche-hinweise\/","og_site_name":"Goldbach","article_modified_time":"2026-03-31T15:48:15+00:00","og_image":[{"width":2500,"height":1667,"url":"https:\/\/goldbach.com\/app\/uploads\/2025\/11\/goldbach-media-relations-unternehmen-aussenansicht.jpg","type":"image\/jpeg"}],"twitter_card":"summary_large_image","twitter_misc":{"Gesch\u00e4tzte Lesezeit":"2\u00a0Minute"},"schema":{"@context":"https:\/\/schema.org","@graph":[{"@type":"WebPage","@id":"https:\/\/goldbach.com\/de\/rechtliche-hinweise\/","url":"https:\/\/goldbach.com\/de\/rechtliche-hinweise\/","name":"Rechtliche Hinweise zur Goldbach Group AG","isPartOf":{"@id":"https:\/\/goldbach.com\/de\/#website"},"primaryImageOfPage":{"@id":"https:\/\/goldbach.com\/de\/rechtliche-hinweise\/#primaryimage"},"image":{"@id":"https:\/\/goldbach.com\/de\/rechtliche-hinweise\/#primaryimage"},"thumbnailUrl":"https:\/\/goldbach.com\/app\/uploads\/2025\/11\/goldbach-media-relations-unternehmen-aussenansicht.jpg","datePublished":"2025-09-17T15:50:29+00:00","dateModified":"2026-03-31T15:48:15+00:00","description":"Die rechtlichen Hinweise der Goldbach Group umfassen wichtige Informationen zur Nutzung der Website und deren Inhalte.","breadcrumb":{"@id":"https:\/\/goldbach.com\/de\/rechtliche-hinweise\/#breadcrumb"},"inLanguage":"de","potentialAction":[{"@type":"ReadAction","target":["https:\/\/goldbach.com\/de\/rechtliche-hinweise\/"]}]},{"@type":"ImageObject","inLanguage":"de","@id":"https:\/\/goldbach.com\/de\/rechtliche-hinweise\/#primaryimage","url":"https:\/\/goldbach.com\/app\/uploads\/2025\/11\/goldbach-media-relations-unternehmen-aussenansicht.jpg","contentUrl":"https:\/\/goldbach.com\/app\/uploads\/2025\/11\/goldbach-media-relations-unternehmen-aussenansicht.jpg","width":2500,"height":1667},{"@type":"BreadcrumbList","@id":"https:\/\/goldbach.com\/de\/rechtliche-hinweise\/#breadcrumb","itemListElement":[{"@type":"ListItem","position":1,"name":"Home","item":"https:\/\/goldbach.com\/de\/"},{"@type":"ListItem","position":2,"name":"Rechtliche Hinweise"}]},{"@type":"WebSite","@id":"https:\/\/goldbach.com\/de\/#website","url":"https:\/\/goldbach.com\/de\/","name":"Goldbach","description":"","publisher":{"@id":"https:\/\/goldbach.com\/de\/#organization"},"potentialAction":[{"@type":"SearchAction","target":{"@type":"EntryPoint","urlTemplate":"https:\/\/goldbach.com\/de\/?s={search_term_string}"},"query-input":{"@type":"PropertyValueSpecification","valueRequired":true,"valueName":"search_term_string"}}],"inLanguage":"de"},{"@type":"Organization","@id":"https:\/\/goldbach.com\/de\/#organization","name":"Goldbach","url":"https:\/\/goldbach.com\/de\/","logo":{"@type":"ImageObject","inLanguage":"de","@id":"https:\/\/goldbach.com\/de\/#\/schema\/logo\/image\/","url":"https:\/\/goldbach.com\/app\/uploads\/2025\/10\/goldbach-media-relations-goldbach-logo.webp","contentUrl":"https:\/\/goldbach.com\/app\/uploads\/2025\/10\/goldbach-media-relations-goldbach-logo.webp","width":640,"height":360,"caption":"Goldbach"},"image":{"@id":"https:\/\/goldbach.com\/de\/#\/schema\/logo\/image\/"},"sameAs":["https:\/\/www.linkedin.com\/company\/goldbach-group-ag\/","https:\/\/www.instagram.com\/goldbach_ch\/","https:\/\/www.youtube.com\/user\/GoldbachGroup"]}]}},"_links":{"self":[{"href":"https:\/\/goldbach.com\/de\/wp-json\/wp\/v2\/pages\/422","targetHints":{"allow":["GET"]}}],"collection":[{"href":"https:\/\/goldbach.com\/de\/wp-json\/wp\/v2\/pages"}],"about":[{"href":"https:\/\/goldbach.com\/de\/wp-json\/wp\/v2\/types\/page"}],"author":[{"embeddable":true,"href":"https:\/\/goldbach.com\/de\/wp-json\/wp\/v2\/users\/2"}],"replies":[{"embeddable":true,"href":"https:\/\/goldbach.com\/de\/wp-json\/wp\/v2\/comments?post=422"}],"version-history":[{"count":18,"href":"https:\/\/goldbach.com\/de\/wp-json\/wp\/v2\/pages\/422\/revisions"}],"predecessor-version":[{"id":44968,"href":"https:\/\/goldbach.com\/de\/wp-json\/wp\/v2\/pages\/422\/revisions\/44968"}],"wp:featuredmedia":[{"embeddable":true,"href":"https:\/\/goldbach.com\/de\/wp-json\/wp\/v2\/media\/4874"}],"wp:attachment":[{"href":"https:\/\/goldbach.com\/de\/wp-json\/wp\/v2\/media?parent=422"}],"curies":[{"name":"wp","href":"https:\/\/api.w.org\/{rel}","templated":true}]}}