{"id":5270,"date":"2025-11-12T09:44:43","date_gmt":"2025-11-12T08:44:43","guid":{"rendered":"https:\/\/goldbach.com\/?page_id=5270"},"modified":"2026-03-31T13:49:22","modified_gmt":"2026-03-31T11:49:22","slug":"offerte-anfragen","status":"publish","type":"page","link":"https:\/\/goldbach.com\/de\/offerte-anfragen\/","title":{"rendered":"Offerte anfragen"},"content":{"rendered":"<p><div class=\"fusion-fullwidth fullwidth-box fusion-builder-row-1 fusion-flex-container has-pattern-background has-mask-background nonhundred-percent-fullwidth non-hundred-percent-height-scrolling\" style=\"--awb-border-radius-top-left:0px;--awb-border-radius-top-right:0px;--awb-border-radius-bottom-right:0px;--awb-border-radius-bottom-left:0px;--awb-padding-top:30px;--awb-padding-bottom:30px;--awb-background-color:var(--awb-color2);--awb-flex-wrap:wrap;\" ><div class=\"fusion-builder-row fusion-row fusion-flex-align-items-center fusion-flex-content-wrap\" style=\"max-width:1224px;margin-left: calc(-2% \/ 2 );margin-right: calc(-2% \/ 2 );\"><div class=\"fusion-layout-column fusion_builder_column fusion-builder-column-0 fusion_builder_column_1_1 1_1 fusion-flex-column fusion-animated\" style=\"--awb-bg-size:cover;--awb-width-large:100%;--awb-margin-top-large:0px;--awb-spacing-right-large:0.98%;--awb-margin-bottom-large:0px;--awb-spacing-left-large:0.98%;--awb-width-medium:100%;--awb-order-medium:0;--awb-spacing-right-medium:0.98%;--awb-spacing-left-medium:0.98%;--awb-width-small:100%;--awb-order-small:0;--awb-spacing-right-small:0.98%;--awb-spacing-left-small:0.98%;\" data-animationType=\"fadeInLeft\" data-animationDuration=\"0.3\" data-animationOffset=\"top-into-view\" data-scroll-devices=\"small-visibility,medium-visibility,large-visibility\"><div class=\"fusion-column-wrapper fusion-column-has-shadow fusion-flex-justify-content-flex-start fusion-content-layout-column\"><div class=\"fusion-title title fusion-title-1 fusion-sep-none fusion-title-text fusion-title-size-one\" style=\"--awb-text-color:var(--awb-color1);\"><h1 class=\"fusion-title-heading title-heading-left\" style=\"margin:0;\">Offerte anfragen<\/h1><\/div><\/div><\/div><\/div><\/div><div class=\"fusion-fullwidth fullwidth-box fusion-builder-row-2 fusion-flex-container has-pattern-background has-mask-background nonhundred-percent-fullwidth non-hundred-percent-height-scrolling\" style=\"--awb-border-radius-top-left:0px;--awb-border-radius-top-right:0px;--awb-border-radius-bottom-right:0px;--awb-border-radius-bottom-left:0px;--awb-margin-top:60px;--awb-margin-bottom:60px;--awb-flex-wrap:wrap;\" ><div class=\"fusion-builder-row fusion-row fusion-flex-align-items-flex-start fusion-flex-content-wrap\" style=\"max-width:1224px;margin-left: calc(-2% \/ 2 );margin-right: calc(-2% \/ 2 );\"><div class=\"fusion-layout-column fusion_builder_column fusion-builder-column-1 fusion_builder_column_1_2 1_2 fusion-flex-column fusion-animated\" style=\"--awb-bg-size:cover;--awb-width-large:50%;--awb-margin-top-large:0px;--awb-spacing-right-large:7.84%;--awb-margin-bottom-large:0px;--awb-spacing-left-large:1.96%;--awb-width-medium:50%;--awb-order-medium:0;--awb-spacing-right-medium:7.84%;--awb-spacing-left-medium:1.96%;--awb-width-small:100%;--awb-order-small:0;--awb-spacing-right-small:0.98%;--awb-spacing-left-small:0.98%;\" data-animationType=\"fadeInLeft\" data-animationDuration=\"1.0\" data-animationDelay=\"0.3\" data-animationOffset=\"top-into-view\" data-scroll-devices=\"small-visibility,medium-visibility,large-visibility\"><div class=\"fusion-column-wrapper fusion-column-has-shadow fusion-flex-justify-content-flex-start fusion-content-layout-column\"><div class=\"fusion-title title fusion-title-2 fusion-sep-none fusion-title-text fusion-title-size-two\" style=\"--awb-margin-top:0px;\"><h2 class=\"fusion-title-heading title-heading-left\" style=\"margin:0;\">Dein individueller Weg zum Kampagnenerfolg<\/h2><\/div><div class=\"fusion-text fusion-text-1\"><p>Deine Marke hat eine Botschaft. Wir sorgen daf\u00fcr, dass sie ankommt.<\/p>\n<p>Von TV und Audio \u00fcber Out of Home bis Online: Goldbach liefert dir den Zugang zu den st\u00e4rksten Medienkan\u00e4len. Wir konzipieren die perfekte, zielorientierte Crossmedia-Strategie f\u00fcr deinen Erfolg.<\/p>\n<p>So erreichst du deine Zielgruppe am effektivsten: Beschreibe uns dein Vorhaben &#8211; unsere Expert*innen liefern dir ein unverbindliches, massgeschneidertes Konzept.<\/p>\n<p>F\u00fcr dein passgenaues Angebot ben\u00f6tigen wir folgende Eckpunkte:<\/p>\n<ul>\n<li>Kampagnenzeitraum<\/li>\n<li>Definition deiner Zielgruppe<\/li>\n<li>Kampagnenziel (z. B. Brand Awareness, Abverkauf)<\/li>\n<li>Gew\u00fcnschte Region(en)<\/li>\n<li>Ungef\u00e4hres Budget<\/li>\n<\/ul>\n<p>Je pr\u00e4ziser deine Angaben, desto wirkungsvoller deine Kampagne. Wir freuen uns auf deine Anfrage!<\/p>\n<\/div><\/div><\/div><div class=\"fusion-layout-column fusion_builder_column fusion-builder-column-2 fusion_builder_column_1_2 1_2 fusion-flex-column fusion-animated\" style=\"--awb-padding-top:20px;--awb-padding-right:25px;--awb-padding-bottom:20px;--awb-padding-left:25px;--awb-bg-color:#f2f2f2;--awb-bg-color-hover:#f2f2f2;--awb-bg-size:cover;--awb-width-large:50%;--awb-margin-top-large:0px;--awb-spacing-right-large:1.96%;--awb-margin-bottom-large:0px;--awb-spacing-left-large:1.96%;--awb-width-medium:50%;--awb-order-medium:0;--awb-spacing-right-medium:1.96%;--awb-spacing-left-medium:1.96%;--awb-width-small:100%;--awb-order-small:0;--awb-spacing-right-small:0.98%;--awb-spacing-left-small:0.98%;\" data-animationType=\"fadeInRight\" data-animationDuration=\"1.0\" data-animationDelay=\"0.3\" data-animationOffset=\"top-into-view\" data-scroll-devices=\"small-visibility,medium-visibility,large-visibility\"><div class=\"fusion-column-wrapper fusion-column-has-shadow fusion-flex-justify-content-flex-start fusion-content-layout-column\"><div class=\"fusion-form fusion-form-builder fusion-form-form-wrapper fusion-form-4611\" style=\"--awb-tooltip-text-color:#ffffff;--awb-tooltip-background-color:#333333;\" data-form-id=\"4611\" data-config=\"{&quot;form_id&quot;:4611,&quot;form_post_id&quot;:4611,&quot;post_id&quot;:5270,&quot;form_type&quot;:&quot;ajax&quot;,&quot;confirmation_type&quot;:&quot;redirect&quot;,&quot;redirect_url&quot;:&quot;\\\/de\\\/kontakt\\\/danke-fuer-deine-offertenanfrage\\\/&quot;,&quot;field_labels&quot;:{&quot;anrede&quot;:&quot;Anrede&quot;,&quot;vorname&quot;:&quot;Vorname&quot;,&quot;e-mail_adresse&quot;:&quot;E-Mail Adresse&quot;,&quot;name&quot;:&quot;Name&quot;,&quot;telefon&quot;:&quot;Telefon&quot;,&quot;betrifft_folgendes&quot;:&quot;Betrifft folgende Medien&quot;,&quot;briefing&quot;:&quot;Briefing&quot;},&quot;field_logics&quot;:{&quot;anrede&quot;:&quot;&quot;,&quot;vorname&quot;:&quot;&quot;,&quot;e-mail_adresse&quot;:&quot;&quot;,&quot;name&quot;:&quot;&quot;,&quot;telefon&quot;:&quot;&quot;,&quot;betrifft_folgendes&quot;:&quot;&quot;,&quot;briefing&quot;:&quot;&quot;,&quot;submit_1&quot;:&quot;&quot;},&quot;field_types&quot;:{&quot;anrede&quot;:&quot;radio&quot;,&quot;vorname&quot;:&quot;text&quot;,&quot;e-mail_adresse&quot;:&quot;email&quot;,&quot;name&quot;:&quot;text&quot;,&quot;telefon&quot;:&quot;phone_number&quot;,&quot;betrifft_folgendes&quot;:&quot;select&quot;,&quot;briefing&quot;:&quot;textarea&quot;,&quot;recaptcha_1&quot;:&quot;recaptcha&quot;,&quot;submit_1&quot;:&quot;submit&quot;},&quot;nonce_method&quot;:&quot;ajax&quot;}\"><form action=\"https:\/\/goldbach.com\/de\/offerte-anfragen\/\" method=\"post\" class=\"fusion-form fusion-form-4611\"><div class=\"fusion-fullwidth fullwidth-box fusion-builder-row-2-1 fusion-flex-container has-pattern-background has-mask-background nonhundred-percent-fullwidth non-hundred-percent-height-scrolling\" style=\"--awb-border-radius-top-left:0px;--awb-border-radius-top-right:0px;--awb-border-radius-bottom-right:0px;--awb-border-radius-bottom-left:0px;--awb-padding-right:0px;--awb-padding-left:0px;--awb-flex-wrap:wrap;\" ><div class=\"fusion-builder-row fusion-row fusion-flex-align-items-flex-start fusion-flex-content-wrap\" style=\"width:102% !important;max-width:102% !important;margin-left: calc(-2% \/ 2 );margin-right: calc(-2% \/ 2 );\"><div class=\"fusion-layout-column fusion_builder_column fusion-builder-column-3 fusion_builder_column_1_1 1_1 fusion-flex-column\" style=\"--awb-bg-size:cover;--awb-width-large:100%;--awb-flex-grow:0;--awb-flex-shrink:0;--awb-margin-top-large:0px;--awb-spacing-right-large:0.98%;--awb-margin-bottom-large:0px;--awb-spacing-left-large:0.98%;--awb-width-medium:100%;--awb-order-medium:0;--awb-flex-grow-medium:0;--awb-flex-shrink-medium:0;--awb-spacing-right-medium:0.98%;--awb-spacing-left-medium:0.98%;--awb-width-small:100%;--awb-order-small:0;--awb-flex-grow-small:0;--awb-flex-shrink-small:0;--awb-spacing-right-small:0.98%;--awb-spacing-left-small:0.98%;\"><div class=\"fusion-column-wrapper fusion-column-has-shadow fusion-flex-justify-content-flex-start fusion-content-layout-column\"><div class=\"fusion-form-field fusion-form-radio-field fusion-form-label-above\" style=\"\" data-form-id=\"4611\"><fieldset><legend class=\"fusion-form-label-wrapper\"><span class=\"label\">Anrede<\/span><\/legend><div class=\"fusion-form-radio option-inline\"><input tabindex=\"1\" id=\"radio-anrede-1-0\" type=\"radio\" value=\"Frau\" name=\"anrede\" class=\"fusion-form-input\" data-holds-private-data=\"false\"\/><label for=\"radio-anrede-1-0\">Frau<\/label><\/div><div class=\"fusion-form-radio option-inline\"><input tabindex=\"1\" id=\"radio-anrede-1-1\" type=\"radio\" value=\"Herr\" name=\"anrede\" class=\"fusion-form-input\" data-holds-private-data=\"false\"\/><label for=\"radio-anrede-1-1\">Herr<\/label><\/div><div class=\"fusion-form-radio option-inline\"><input tabindex=\"1\" id=\"radio-anrede-1-2\" type=\"radio\" value=\"Divers\" name=\"anrede\" class=\"fusion-form-input\" data-holds-private-data=\"false\"\/><label for=\"radio-anrede-1-2\">Divers<\/label><\/div><\/fieldset><\/div><\/div><\/div><div class=\"fusion-layout-column fusion_builder_column fusion-builder-column-4 fusion_builder_column_1_2 1_2 fusion-flex-column\" style=\"--awb-bg-size:cover;--awb-width-large:50%;--awb-flex-grow:0;--awb-flex-shrink:0;--awb-margin-top-large:0px;--awb-spacing-right-large:1.96%;--awb-margin-bottom-large:0px;--awb-spacing-left-large:1.96%;--awb-width-medium:50%;--awb-order-medium:0;--awb-flex-grow-medium:0;--awb-flex-shrink-medium:0;--awb-spacing-right-medium:1.96%;--awb-spacing-left-medium:1.96%;--awb-width-small:100%;--awb-order-small:0;--awb-flex-grow-small:0;--awb-flex-shrink-small:0;--awb-spacing-right-small:0.98%;--awb-spacing-left-small:0.98%;\"><div class=\"fusion-column-wrapper fusion-column-has-shadow fusion-flex-justify-content-flex-start fusion-content-layout-column\"><div class=\"fusion-form-field fusion-form-text-field fusion-form-label-above\" style=\"\" data-form-id=\"4611\"><div class=\"fusion-form-label-wrapper\"><label for=\"vorname\">Vorname <abbr class=\"fusion-form-element-required\" title=\"required\">*<\/abbr><\/label><\/div><input type=\"text\" autocomplete=\"off\" tabindex=\"2\" name=\"vorname\" id=\"vorname\" value=\"\"  class=\"fusion-form-input\" required=\"true\" aria-required=\"true\" data-holds-private-data=\"false\" minlength=\"0\"\/><\/div><div class=\"fusion-form-field fusion-form-email-field fusion-form-label-above\" style=\"\" data-form-id=\"4611\"><div class=\"fusion-form-label-wrapper\"><label for=\"e-mail_adresse\">E-Mail Adresse <abbr class=\"fusion-form-element-required\" title=\"required\">*<\/abbr><\/label><\/div><input type=\"email\" autocomplete=\"off\" tabindex=\"4\" name=\"e-mail_adresse\" id=\"e-mail_adresse\" value=\"\"  class=\"fusion-form-input\" required=\"true\" aria-required=\"true\" data-holds-private-data=\"false\"\/><\/div><\/div><\/div><div class=\"fusion-layout-column fusion_builder_column fusion-builder-column-5 fusion_builder_column_1_2 1_2 fusion-flex-column\" style=\"--awb-bg-size:cover;--awb-width-large:50%;--awb-flex-grow:0;--awb-flex-shrink:0;--awb-margin-top-large:0px;--awb-spacing-right-large:1.96%;--awb-margin-bottom-large:0px;--awb-spacing-left-large:1.96%;--awb-width-medium:50%;--awb-order-medium:0;--awb-flex-grow-medium:0;--awb-flex-shrink-medium:0;--awb-spacing-right-medium:1.96%;--awb-spacing-left-medium:1.96%;--awb-width-small:100%;--awb-order-small:0;--awb-flex-grow-small:0;--awb-flex-shrink-small:0;--awb-spacing-right-small:0.98%;--awb-spacing-left-small:0.98%;\" data-scroll-devices=\"small-visibility,medium-visibility,large-visibility\"><div class=\"fusion-column-wrapper fusion-column-has-shadow fusion-flex-justify-content-flex-start fusion-content-layout-column\"><div class=\"fusion-form-field fusion-form-text-field fusion-form-label-above\" style=\"\" data-form-id=\"4611\"><div class=\"fusion-form-label-wrapper\"><label for=\"name\">Name<\/label><\/div><input type=\"text\" autocomplete=\"off\" tabindex=\"3\" name=\"name\" id=\"name\" value=\"\"  class=\"fusion-form-input\" data-holds-private-data=\"false\" minlength=\"0\"\/><\/div><div class=\"fusion-form-field fusion-form-phone-number-field fusion-form-label-above\" style=\"\" data-form-id=\"4611\"><div class=\"fusion-form-label-wrapper\"><label for=\"telefon\">Telefon<\/label><\/div><div class=\"fusion-form-input-with-icon\"><i class=\"awb-form-icon fa-phone-square-alt fas\"><\/i><input type=\"tel\" autocomplete=\"off\" tabindex=\"5\" name=\"telefon\" id=\"telefon\" value=\"\"  class=\"fusion-form-input\" data-holds-private-data=\"false\"\/><\/div><\/div><\/div><\/div><div class=\"fusion-layout-column fusion_builder_column fusion-builder-column-6 fusion_builder_column_1_1 1_1 fusion-flex-column\" style=\"--awb-bg-size:cover;--awb-width-large:100%;--awb-flex-grow:0;--awb-flex-shrink:0;--awb-margin-top-large:0px;--awb-spacing-right-large:0.98%;--awb-margin-bottom-large:0px;--awb-spacing-left-large:0.98%;--awb-width-medium:100%;--awb-order-medium:0;--awb-flex-grow-medium:0;--awb-flex-shrink-medium:0;--awb-spacing-right-medium:0.98%;--awb-spacing-left-medium:0.98%;--awb-width-small:100%;--awb-order-small:0;--awb-flex-grow-small:0;--awb-flex-shrink-small:0;--awb-spacing-right-small:0.98%;--awb-spacing-left-small:0.98%;\"><div class=\"fusion-column-wrapper fusion-column-has-shadow fusion-flex-justify-content-flex-start fusion-content-layout-column\"><div class=\"fusion-form-field fusion-form-select-field fusion-form-label-above\" style=\"\" data-form-id=\"4611\"><label for=\"betrifft_folgendes\">Betrifft folgende Medien <abbr class=\"fusion-form-element-required\" title=\"required\">*<\/abbr><\/label><div class=\"fusion-select-wrapper\"><select autocomplete=\"off\" tabindex=\"6\" id=\"betrifft_folgendes\" name=\"betrifft_folgendes\" class=\"fusion-form-input\" required=\"true\" aria-required=\"true\" data-holds-private-data=\"false\"><option value=\"prmwebsiteincome@goldbach.com\" >TV<\/option><option value=\"info@goldbachneo.com\" >Out of Home<\/option><option value=\"sales@swissradioworld.ch\" >Audio<\/option><option value=\"audience_sales@goldbach.com\" >Online<\/option><option value=\"manufaktur@goldbach.com\" >Mehrere Gattungen<\/option><option value=\"manufaktur@goldbach.com\" >Allgemeine Anfrage<\/option><option value=\"manufaktur@goldbach.com\" >Ich weiss es noch nicht<\/option><\/select><div class=\"select-arrow\"><svg width=\"12\" height=\"8\" viewBox=\"0 0 12 8\" fill=\"none\" xmlns=\"http:\/\/www.w3.org\/2000\/svg\"> <path d=\"M1.5 1.75L6 6.25L10.5 1.75\" stroke=\"#6D6D6D\" stroke-width=\"2\" stroke-linecap=\"round\" stroke-linejoin=\"round\"\/> <\/svg><\/div><\/div><\/div><div class=\"fusion-form-field fusion-form-textarea-field fusion-form-label-above\" style=\"\" data-form-id=\"4611\"><label for=\"briefing\">Briefing <abbr class=\"fusion-form-element-required\" title=\"required\">*<\/abbr><\/label><textarea cols=\"40\" autocomplete=\"off\"  minlength=\"10\"  rows=\"10\" tabindex=\"7\" id=\"briefing\" name=\"briefing\" class=\"fusion-form-input\" required=\"true\" aria-required=\"true\" data-holds-private-data=\"false\">Bitte beschreibe hier die Eckpunkte deiner Kampagne, z.B. Kampagnenzeitraum, Definition deiner Zielgruppe, Kampagnenziel (z. B. Brand Awareness, Abverkauf), gew\u00fcnschte Region(en), ungef\u00e4hres Budget<\/textarea><\/div><div class=\"fusion-form-field fusion-form-recaptcha-field fusion-form-label-above\" style=\"\" data-form-id=\"4611\">\t\t\t\t<div class=\"form-creator-recaptcha\" >\n\t\t\t\t\t\t\t\t\t\t\t\t\t\t<div class=\"fusion-form-recaptcha-wrapper\">\n\t\t\t\t\t<div\n\t\t\t\t\t\tid=\"g-recaptcha-id-form-4611\"\n\t\t\t\t\t\tclass=\"awb-recaptcha-v2 fusion-form-recaptcha-v2\"\n\t\t\t\t\t\tdata-theme=\"light\"\n\t\t\t\t\t\tdata-sitekey=\"6LfR8W8sAAAAAKTJthijtklaoD6tOGJ-yZ2VKY5G\"\n\t\t\t\t\t\tdata-tabindex=\"\">\n\t\t\t\t\t<\/div>\n\t\t\t\t<\/div>\n\t\t\t\t\t\t\t\t\t\t\t<\/div>\n\t\t\t\t<\/div><div class=\"fusion-form-field fusion-form-submit-field fusion-form-label-above offertenanfrage-submit\" style=\"\" data-form-id=\"4611\"><div ><button type=\"submit\" class=\"fusion-button button-flat fusion-button-default-size button-default fusion-button-default button-1 fusion-button-default-span offertenanfrage-submit form-form-submit button-default\" data-form-number=\"4611\" tabindex=\"9\"><span class=\"fusion-button-text awb-button__text awb-button__text--default\">Absenden<\/span><\/button><\/div><\/div><\/div><\/div><\/div><\/div><input type=\"hidden\" name=\"fusion_privacy_store_ip_ua\" value=\"false\"><input type=\"hidden\" name=\"fusion_privacy_expiration_interval\" value=\"48\"><input type=\"hidden\" name=\"privacy_expiration_action\" value=\"anonymize\"><\/form><\/div><\/div><\/div><\/div><\/div><\/p>\n","protected":false},"excerpt":{"rendered":"","protected":false},"author":2,"featured_media":2140,"parent":0,"menu_order":0,"comment_status":"closed","ping_status":"closed","template":"100-width.php","meta":{"_acf_changed":false,"footnotes":""},"class_list":["post-5270","page","type-page","status-publish","has-post-thumbnail","hentry"],"acf":[],"yoast_head":"<!-- This site is optimized with the Yoast SEO Premium plugin v25.8 (Yoast SEO v27.2) - https:\/\/yoast.com\/product\/yoast-seo-premium-wordpress\/ -->\n<title>Bereit f\u00fcr eine Werbekampagne? Lass dir eine Offerte erstellen.<\/title>\n<meta name=\"description\" content=\"Du m\u00f6chtest wissen, wie du deine Zielgruppe am effektivsten erreichst? Unsere Expert*innen stellen dir gern ein Angebot zusammen.\" \/>\n<meta name=\"robots\" content=\"index, follow, max-snippet:-1, max-image-preview:large, max-video-preview:-1\" \/>\n<link rel=\"canonical\" href=\"https:\/\/goldbach.com\/de\/offerte-anfragen\/\" \/>\n<meta property=\"og:locale\" content=\"de_DE\" \/>\n<meta property=\"og:type\" content=\"article\" \/>\n<meta property=\"og:title\" content=\"Offerte anfragen\" \/>\n<meta property=\"og:description\" content=\"Du m\u00f6chtest wissen, wie du deine Zielgruppe am effektivsten erreichst? Unsere Expert*innen stellen dir gern ein Angebot zusammen.\" \/>\n<meta property=\"og:url\" content=\"https:\/\/goldbach.com\/de\/offerte-anfragen\/\" \/>\n<meta property=\"og:site_name\" content=\"Goldbach\" \/>\n<meta property=\"article:modified_time\" content=\"2026-03-31T11:49:22+00:00\" \/>\n<meta property=\"og:image\" content=\"https:\/\/goldbach.com\/app\/uploads\/2025\/10\/kontaktiere-uns-2.jpg\" \/>\n\t<meta property=\"og:image:width\" content=\"1400\" \/>\n\t<meta property=\"og:image:height\" content=\"933\" \/>\n\t<meta property=\"og:image:type\" content=\"image\/jpeg\" \/>\n<meta name=\"twitter:card\" content=\"summary_large_image\" \/>\n<meta name=\"twitter:label1\" content=\"Gesch\u00e4tzte Lesezeit\" \/>\n\t<meta name=\"twitter:data1\" content=\"2\u00a0Minute\" \/>\n<script type=\"application\/ld+json\" class=\"yoast-schema-graph\">{\"@context\":\"https:\/\/schema.org\",\"@graph\":[{\"@type\":\"WebPage\",\"@id\":\"https:\/\/goldbach.com\/de\/offerte-anfragen\/\",\"url\":\"https:\/\/goldbach.com\/de\/offerte-anfragen\/\",\"name\":\"Bereit f\u00fcr eine Werbekampagne? Lass dir eine Offerte erstellen.\",\"isPartOf\":{\"@id\":\"https:\/\/goldbach.com\/de\/#website\"},\"primaryImageOfPage\":{\"@id\":\"https:\/\/goldbach.com\/de\/offerte-anfragen\/#primaryimage\"},\"image\":{\"@id\":\"https:\/\/goldbach.com\/de\/offerte-anfragen\/#primaryimage\"},\"thumbnailUrl\":\"https:\/\/goldbach.com\/app\/uploads\/2025\/10\/kontaktiere-uns-2.jpg\",\"datePublished\":\"2025-11-12T08:44:43+00:00\",\"dateModified\":\"2026-03-31T11:49:22+00:00\",\"description\":\"Du m\u00f6chtest wissen, wie du deine Zielgruppe am effektivsten erreichst? Unsere Expert*innen stellen dir gern ein Angebot zusammen.\",\"breadcrumb\":{\"@id\":\"https:\/\/goldbach.com\/de\/offerte-anfragen\/#breadcrumb\"},\"inLanguage\":\"de\",\"potentialAction\":[{\"@type\":\"ReadAction\",\"target\":[\"https:\/\/goldbach.com\/de\/offerte-anfragen\/\"]}]},{\"@type\":\"ImageObject\",\"inLanguage\":\"de\",\"@id\":\"https:\/\/goldbach.com\/de\/offerte-anfragen\/#primaryimage\",\"url\":\"https:\/\/goldbach.com\/app\/uploads\/2025\/10\/kontaktiere-uns-2.jpg\",\"contentUrl\":\"https:\/\/goldbach.com\/app\/uploads\/2025\/10\/kontaktiere-uns-2.jpg\",\"width\":1400,\"height\":933,\"caption\":\"Mann mit Headset vor dem Compi am Telefonieren\"},{\"@type\":\"BreadcrumbList\",\"@id\":\"https:\/\/goldbach.com\/de\/offerte-anfragen\/#breadcrumb\",\"itemListElement\":[{\"@type\":\"ListItem\",\"position\":1,\"name\":\"Home\",\"item\":\"https:\/\/goldbach.com\/de\/\"},{\"@type\":\"ListItem\",\"position\":2,\"name\":\"Offerte anfragen\"}]},{\"@type\":\"WebSite\",\"@id\":\"https:\/\/goldbach.com\/de\/#website\",\"url\":\"https:\/\/goldbach.com\/de\/\",\"name\":\"Goldbach\",\"description\":\"\",\"publisher\":{\"@id\":\"https:\/\/goldbach.com\/de\/#organization\"},\"potentialAction\":[{\"@type\":\"SearchAction\",\"target\":{\"@type\":\"EntryPoint\",\"urlTemplate\":\"https:\/\/goldbach.com\/de\/?s={search_term_string}\"},\"query-input\":{\"@type\":\"PropertyValueSpecification\",\"valueRequired\":true,\"valueName\":\"search_term_string\"}}],\"inLanguage\":\"de\"},{\"@type\":\"Organization\",\"@id\":\"https:\/\/goldbach.com\/de\/#organization\",\"name\":\"Goldbach\",\"url\":\"https:\/\/goldbach.com\/de\/\",\"logo\":{\"@type\":\"ImageObject\",\"inLanguage\":\"de\",\"@id\":\"https:\/\/goldbach.com\/de\/#\/schema\/logo\/image\/\",\"url\":\"https:\/\/goldbach.com\/app\/uploads\/2025\/10\/goldbach-media-relations-goldbach-logo.webp\",\"contentUrl\":\"https:\/\/goldbach.com\/app\/uploads\/2025\/10\/goldbach-media-relations-goldbach-logo.webp\",\"width\":640,\"height\":360,\"caption\":\"Goldbach\"},\"image\":{\"@id\":\"https:\/\/goldbach.com\/de\/#\/schema\/logo\/image\/\"},\"sameAs\":[\"https:\/\/www.linkedin.com\/company\/goldbach-group-ag\/\",\"https:\/\/www.instagram.com\/goldbach_ch\/\",\"https:\/\/www.youtube.com\/user\/GoldbachGroup\"]}]}<\/script>\n<!-- \/ Yoast SEO Premium plugin. -->","yoast_head_json":{"title":"Bereit f\u00fcr eine Werbekampagne? Lass dir eine Offerte erstellen.","description":"Du m\u00f6chtest wissen, wie du deine Zielgruppe am effektivsten erreichst? Unsere Expert*innen stellen dir gern ein Angebot zusammen.","robots":{"index":"index","follow":"follow","max-snippet":"max-snippet:-1","max-image-preview":"max-image-preview:large","max-video-preview":"max-video-preview:-1"},"canonical":"https:\/\/goldbach.com\/de\/offerte-anfragen\/","og_locale":"de_DE","og_type":"article","og_title":"Offerte anfragen","og_description":"Du m\u00f6chtest wissen, wie du deine Zielgruppe am effektivsten erreichst? Unsere Expert*innen stellen dir gern ein Angebot zusammen.","og_url":"https:\/\/goldbach.com\/de\/offerte-anfragen\/","og_site_name":"Goldbach","article_modified_time":"2026-03-31T11:49:22+00:00","og_image":[{"width":1400,"height":933,"url":"https:\/\/goldbach.com\/app\/uploads\/2025\/10\/kontaktiere-uns-2.jpg","type":"image\/jpeg"}],"twitter_card":"summary_large_image","twitter_misc":{"Gesch\u00e4tzte Lesezeit":"2\u00a0Minute"},"schema":{"@context":"https:\/\/schema.org","@graph":[{"@type":"WebPage","@id":"https:\/\/goldbach.com\/de\/offerte-anfragen\/","url":"https:\/\/goldbach.com\/de\/offerte-anfragen\/","name":"Bereit f\u00fcr eine Werbekampagne? Lass dir eine Offerte erstellen.","isPartOf":{"@id":"https:\/\/goldbach.com\/de\/#website"},"primaryImageOfPage":{"@id":"https:\/\/goldbach.com\/de\/offerte-anfragen\/#primaryimage"},"image":{"@id":"https:\/\/goldbach.com\/de\/offerte-anfragen\/#primaryimage"},"thumbnailUrl":"https:\/\/goldbach.com\/app\/uploads\/2025\/10\/kontaktiere-uns-2.jpg","datePublished":"2025-11-12T08:44:43+00:00","dateModified":"2026-03-31T11:49:22+00:00","description":"Du m\u00f6chtest wissen, wie du deine Zielgruppe am effektivsten erreichst? Unsere Expert*innen stellen dir gern ein Angebot zusammen.","breadcrumb":{"@id":"https:\/\/goldbach.com\/de\/offerte-anfragen\/#breadcrumb"},"inLanguage":"de","potentialAction":[{"@type":"ReadAction","target":["https:\/\/goldbach.com\/de\/offerte-anfragen\/"]}]},{"@type":"ImageObject","inLanguage":"de","@id":"https:\/\/goldbach.com\/de\/offerte-anfragen\/#primaryimage","url":"https:\/\/goldbach.com\/app\/uploads\/2025\/10\/kontaktiere-uns-2.jpg","contentUrl":"https:\/\/goldbach.com\/app\/uploads\/2025\/10\/kontaktiere-uns-2.jpg","width":1400,"height":933,"caption":"Mann mit Headset vor dem Compi am Telefonieren"},{"@type":"BreadcrumbList","@id":"https:\/\/goldbach.com\/de\/offerte-anfragen\/#breadcrumb","itemListElement":[{"@type":"ListItem","position":1,"name":"Home","item":"https:\/\/goldbach.com\/de\/"},{"@type":"ListItem","position":2,"name":"Offerte anfragen"}]},{"@type":"WebSite","@id":"https:\/\/goldbach.com\/de\/#website","url":"https:\/\/goldbach.com\/de\/","name":"Goldbach","description":"","publisher":{"@id":"https:\/\/goldbach.com\/de\/#organization"},"potentialAction":[{"@type":"SearchAction","target":{"@type":"EntryPoint","urlTemplate":"https:\/\/goldbach.com\/de\/?s={search_term_string}"},"query-input":{"@type":"PropertyValueSpecification","valueRequired":true,"valueName":"search_term_string"}}],"inLanguage":"de"},{"@type":"Organization","@id":"https:\/\/goldbach.com\/de\/#organization","name":"Goldbach","url":"https:\/\/goldbach.com\/de\/","logo":{"@type":"ImageObject","inLanguage":"de","@id":"https:\/\/goldbach.com\/de\/#\/schema\/logo\/image\/","url":"https:\/\/goldbach.com\/app\/uploads\/2025\/10\/goldbach-media-relations-goldbach-logo.webp","contentUrl":"https:\/\/goldbach.com\/app\/uploads\/2025\/10\/goldbach-media-relations-goldbach-logo.webp","width":640,"height":360,"caption":"Goldbach"},"image":{"@id":"https:\/\/goldbach.com\/de\/#\/schema\/logo\/image\/"},"sameAs":["https:\/\/www.linkedin.com\/company\/goldbach-group-ag\/","https:\/\/www.instagram.com\/goldbach_ch\/","https:\/\/www.youtube.com\/user\/GoldbachGroup"]}]}},"_links":{"self":[{"href":"https:\/\/goldbach.com\/de\/wp-json\/wp\/v2\/pages\/5270","targetHints":{"allow":["GET"]}}],"collection":[{"href":"https:\/\/goldbach.com\/de\/wp-json\/wp\/v2\/pages"}],"about":[{"href":"https:\/\/goldbach.com\/de\/wp-json\/wp\/v2\/types\/page"}],"author":[{"embeddable":true,"href":"https:\/\/goldbach.com\/de\/wp-json\/wp\/v2\/users\/2"}],"replies":[{"embeddable":true,"href":"https:\/\/goldbach.com\/de\/wp-json\/wp\/v2\/comments?post=5270"}],"version-history":[{"count":13,"href":"https:\/\/goldbach.com\/de\/wp-json\/wp\/v2\/pages\/5270\/revisions"}],"predecessor-version":[{"id":44749,"href":"https:\/\/goldbach.com\/de\/wp-json\/wp\/v2\/pages\/5270\/revisions\/44749"}],"wp:featuredmedia":[{"embeddable":true,"href":"https:\/\/goldbach.com\/de\/wp-json\/wp\/v2\/media\/2140"}],"wp:attachment":[{"href":"https:\/\/goldbach.com\/de\/wp-json\/wp\/v2\/media?parent=5270"}],"curies":[{"name":"wp","href":"https:\/\/api.w.org\/{rel}","templated":true}]}}