{"id":26988,"date":"2025-12-18T22:44:23","date_gmt":"2025-12-18T21:44:23","guid":{"rendered":"https:\/\/goldbach.com\/protection-des-donnees\/"},"modified":"2026-03-31T11:47:39","modified_gmt":"2026-03-31T09:47:39","slug":"protection-des-donnees","status":"publish","type":"page","link":"https:\/\/goldbach.com\/fr\/protection-des-donnees\/","title":{"rendered":"Protection des donn\u00e9es"},"content":{"rendered":"<p><div class=\"fusion-fullwidth fullwidth-box fusion-builder-row-1 fusion-flex-container has-pattern-background has-mask-background nonhundred-percent-fullwidth non-hundred-percent-height-scrolling\" style=\"--awb-border-radius-top-left:0px;--awb-border-radius-top-right:0px;--awb-border-radius-bottom-right:0px;--awb-border-radius-bottom-left:0px;--awb-padding-top:30px;--awb-padding-bottom:30px;--awb-background-color:var(--awb-color2);--awb-flex-wrap:wrap;\" ><div class=\"fusion-builder-row fusion-row fusion-flex-align-items-center fusion-flex-content-wrap\" style=\"max-width:1224px;margin-left: calc(-2% \/ 2 );margin-right: calc(-2% \/ 2 );\"><div class=\"fusion-layout-column fusion_builder_column fusion-builder-column-0 fusion_builder_column_1_1 1_1 fusion-flex-column fusion-animated\" style=\"--awb-bg-size:cover;--awb-width-large:100%;--awb-margin-top-large:0px;--awb-spacing-right-large:0.98%;--awb-margin-bottom-large:0px;--awb-spacing-left-large:0.98%;--awb-width-medium:100%;--awb-order-medium:0;--awb-spacing-right-medium:0.98%;--awb-spacing-left-medium:0.98%;--awb-width-small:100%;--awb-order-small:0;--awb-spacing-right-small:0.98%;--awb-spacing-left-small:0.98%;\" data-animationType=\"fadeInLeft\" data-animationDuration=\"0.3\" data-animationOffset=\"top-into-view\" data-scroll-devices=\"small-visibility,medium-visibility,large-visibility\"><div class=\"fusion-column-wrapper fusion-column-has-shadow fusion-flex-justify-content-flex-start fusion-content-layout-column\"><div class=\"fusion-title title fusion-title-1 fusion-sep-none fusion-title-text fusion-title-size-one\" style=\"--awb-text-color:var(--awb-color1);\"><h1 class=\"fusion-title-heading title-heading-left\" style=\"margin:0;\">Politique de confidentialit\u00e9<\/h1><\/div><\/div><\/div><\/div><\/div><div class=\"fusion-fullwidth fullwidth-box fusion-builder-row-2 fusion-flex-container has-pattern-background has-mask-background nonhundred-percent-fullwidth non-hundred-percent-height-scrolling fusion-animated\" style=\"--awb-border-radius-top-left:0px;--awb-border-radius-top-right:0px;--awb-border-radius-bottom-right:0px;--awb-border-radius-bottom-left:0px;--awb-padding-top:60px;--awb-padding-bottom:60px;--awb-flex-wrap:wrap;\" data-animationType=\"fadeIn\" data-animationDuration=\"0.3\" data-animationOffset=\"top-into-view\" ><div class=\"fusion-builder-row fusion-row fusion-flex-align-items-flex-start fusion-flex-content-wrap\" style=\"max-width:1224px;margin-left: calc(-2% \/ 2 );margin-right: calc(-2% \/ 2 );\"><div class=\"fusion-layout-column fusion_builder_column fusion-builder-column-1 fusion_builder_column_1_1 1_1 fusion-flex-column fusion-animated\" style=\"--awb-bg-size:cover;--awb-width-large:100%;--awb-margin-top-large:0px;--awb-spacing-right-large:0.98%;--awb-margin-bottom-large:20px;--awb-spacing-left-large:0.98%;--awb-width-medium:100%;--awb-order-medium:0;--awb-spacing-right-medium:0.98%;--awb-spacing-left-medium:0.98%;--awb-width-small:100%;--awb-order-small:0;--awb-spacing-right-small:0.98%;--awb-spacing-left-small:0.98%;\" data-animationType=\"fadeIn\" data-animationDuration=\"1.0\" data-animationDelay=\"0.3\" data-animationOffset=\"top-into-view\" data-scroll-devices=\"small-visibility,medium-visibility,large-visibility\"><div class=\"fusion-column-wrapper fusion-column-has-shadow fusion-flex-justify-content-flex-start fusion-content-layout-column\"><div class=\"fusion-builder-row fusion-builder-row-inner fusion-row fusion-flex-align-items-flex-start fusion-flex-content-wrap\" style=\"width:102% !important;max-width:102% !important;margin-left: calc(-2% \/ 2 );margin-right: calc(-2% \/ 2 );\"><div class=\"fusion-layout-column fusion_builder_column_inner fusion-builder-nested-column-0 fusion_builder_column_inner_1_1 1_1 fusion-flex-column\" style=\"--awb-bg-size:cover;--awb-width-large:100%;--awb-margin-top-large:0px;--awb-spacing-right-large:0.98%;--awb-margin-bottom-large:0px;--awb-spacing-left-large:0.98%;--awb-width-medium:100%;--awb-order-medium:0;--awb-spacing-right-medium:0.98%;--awb-spacing-left-medium:0.98%;--awb-width-small:100%;--awb-order-small:0;--awb-spacing-right-small:0.98%;--awb-spacing-left-small:0.98%;\"><div class=\"fusion-column-wrapper fusion-column-has-shadow fusion-flex-justify-content-flex-start fusion-content-layout-column\"><div ><a class=\"fusion-button button-flat fusion-button-default-size button-custom fusion-button-default button-1 fusion-button-default-span fusion-button-default-type\" style=\"--button_accent_color:var(--awb-color2);--button_accent_hover_color:var(--awb-color1);--button_border_hover_color:var(--awb-color1);--button_gradient_top_color:rgba(255,255,255,0);--button_gradient_bottom_color:rgba(255,255,255,0);--button_gradient_top_color_hover:var(--awb-custom_color_5);--button_gradient_bottom_color_hover:var(--awb-custom_color_5);--button_padding-top:0px;--button_padding-right:0px;--button_padding-bottom:0px;--button_padding-left:0px;\" target=\"_blank\" rel=\"noopener noreferrer\" href=\"\/app\/uploads\/2025\/12\/20251208_DSE_GBG_DE.pdf\"><i class=\"fa-file-pdf fas awb-button__icon awb-button__icon--default button-icon-left\" aria-hidden=\"true\"><\/i><span class=\"fusion-button-text awb-button__text awb-button__text--default\">Politique de confidentialit\u00e9 de Goldbach Group AG (en allemand)<\/span><\/a><\/div><div ><a class=\"fusion-button button-flat fusion-button-default-size button-custom fusion-button-default button-2 fusion-button-default-span fusion-button-default-type\" style=\"--button_accent_color:var(--awb-color2);--button_accent_hover_color:var(--awb-color1);--button_border_hover_color:var(--awb-color1);--button_gradient_top_color:rgba(255,255,255,0);--button_gradient_bottom_color:rgba(255,255,255,0);--button_gradient_top_color_hover:var(--awb-custom_color_5);--button_gradient_bottom_color_hover:var(--awb-custom_color_5);--button_padding-top:0px;--button_padding-right:0px;--button_padding-bottom:0px;--button_padding-left:0px;\" target=\"_blank\" rel=\"noopener noreferrer\" href=\"\/app\/uploads\/2025\/12\/20251208_DSE_GBM_SRW_GBA_DE.pdf\"><i class=\"fa-file-pdf fas awb-button__icon awb-button__icon--default button-icon-left\" aria-hidden=\"true\"><\/i><span class=\"fusion-button-text awb-button__text awb-button__text--default\">Politique de confidentialit\u00e9 de Goldbach Media AG, Swiss Radioworld AG et Goldbach Audience AG (en allemand)<\/span><\/a><\/div><\/div><\/div><\/div><\/div><\/div><\/div><\/div><div id=\"kontakt\" class=\"fusion-container-anchor\"><div class=\"fusion-fullwidth fullwidth-box fusion-builder-row-3 fusion-flex-container has-pattern-background has-mask-background nonhundred-percent-fullwidth non-hundred-percent-height-scrolling\" style=\"--awb-border-radius-top-left:0px;--awb-border-radius-top-right:0px;--awb-border-radius-bottom-right:0px;--awb-border-radius-bottom-left:0px;--awb-padding-top:80px;--awb-padding-bottom:80px;--awb-background-color:var(--awb-color2);--awb-flex-wrap:wrap;\" ><div class=\"fusion-builder-row fusion-row fusion-flex-align-items-center fusion-flex-content-wrap\" style=\"max-width:1224px;margin-left: calc(-2% \/ 2 );margin-right: calc(-2% \/ 2 );\"><div class=\"fusion-layout-column fusion_builder_column fusion-builder-column-2 fusion_builder_column_1_3 1_3 fusion-flex-column fusion-no-small-visibility\" style=\"--awb-bg-size:cover;--awb-width-large:33.333333333333%;--awb-margin-top-large:0px;--awb-spacing-right-large:23.52%;--awb-margin-bottom-large:0px;--awb-spacing-left-large:2.94%;--awb-width-medium:33.333333333333%;--awb-order-medium:0;--awb-spacing-right-medium:23.52%;--awb-spacing-left-medium:2.94%;--awb-width-small:100%;--awb-order-small:0;--awb-spacing-right-small:0.98%;--awb-spacing-left-small:0.98%;\" data-scroll-devices=\"small-visibility,medium-visibility,large-visibility\"><div class=\"fusion-column-wrapper fusion-column-has-shadow fusion-flex-justify-content-flex-start fusion-content-layout-column\"><div class=\"fusion-image-element \" style=\"--awb-aspect-ratio:1 \/ 1;--awb-object-position:55% 47%;--awb-caption-title-font-family:var(--h2_typography-font-family);--awb-caption-title-font-weight:var(--h2_typography-font-weight);--awb-caption-title-font-style:var(--h2_typography-font-style);--awb-caption-title-size:var(--h2_typography-font-size);--awb-caption-title-transform:var(--h2_typography-text-transform);--awb-caption-title-line-height:var(--h2_typography-line-height);--awb-caption-title-letter-spacing:var(--h2_typography-letter-spacing);\"><span class=\" fusion-imageframe imageframe-none imageframe-1 hover-type-none has-aspect-ratio fusion-animated\" style=\"--awb-animation-color:var(--awb-custom_color_4);\" data-animationType=\"revealInLeft\" data-animationDuration=\"1.0\" data-animationDelay=\"0.3\" data-animationOffset=\"top-into-view\"><img decoding=\"async\" width=\"1400\" height=\"934\" alt=\"Femme concentr\u00e9e dans une conversation, assise devant un ordinateur portable et portant un casque\" title=\"contactez-nous\" src=\"https:\/\/goldbach.com\/app\/uploads\/2025\/10\/kontaktiere-uns.jpg\" data-orig-src=\"https:\/\/goldbach.com\/app\/uploads\/2025\/10\/kontaktiere-uns.jpg\" class=\"lazyload img-responsive wp-image-6303 img-with-aspect-ratio\" data-parent-fit=\"cover\" data-parent-container=\".fusion-image-element\" srcset=\"data:image\/svg+xml,%3Csvg%20xmlns%3D%27http%3A%2F%2Fwww.w3.org%2F2000%2Fsvg%27%20width%3D%271400%27%20height%3D%27934%27%20viewBox%3D%270%200%201400%20934%27%3E%3Crect%20width%3D%271400%27%20height%3D%27934%27%20fill-opacity%3D%220%22%2F%3E%3C%2Fsvg%3E\" data-srcset=\"https:\/\/goldbach.com\/app\/uploads\/2025\/10\/kontaktiere-uns-200x133.jpg 200w, https:\/\/goldbach.com\/app\/uploads\/2025\/10\/kontaktiere-uns-400x267.jpg 400w, https:\/\/goldbach.com\/app\/uploads\/2025\/10\/kontaktiere-uns-600x400.jpg 600w, https:\/\/goldbach.com\/app\/uploads\/2025\/10\/kontaktiere-uns-800x534.jpg 800w, https:\/\/goldbach.com\/app\/uploads\/2025\/10\/kontaktiere-uns-1200x801.jpg 1200w, https:\/\/goldbach.com\/app\/uploads\/2025\/10\/kontaktiere-uns.jpg 1400w\" data-sizes=\"auto\" data-orig-sizes=\"(max-width: 640px) 100vw, 400px\" \/><\/span><\/div><\/div><\/div><div class=\"fusion-layout-column fusion_builder_column fusion-builder-column-3 fusion_builder_column_2_3 2_3 fusion-flex-column fusion-animated\" style=\"--awb-bg-size:cover;--awb-width-large:66.666666666667%;--awb-margin-top-large:0px;--awb-spacing-right-large:1.47%;--awb-margin-bottom-large:0px;--awb-spacing-left-large:1.47%;--awb-width-medium:66.666666666667%;--awb-order-medium:0;--awb-spacing-right-medium:1.47%;--awb-spacing-left-medium:1.47%;--awb-width-small:100%;--awb-order-small:0;--awb-spacing-right-small:0.98%;--awb-spacing-left-small:0.98%;\" data-animationType=\"fadeInRight\" data-animationDuration=\"1.0\" data-animationDelay=\"0.3\" data-animationOffset=\"top-into-view\" data-scroll-devices=\"small-visibility,medium-visibility,large-visibility\"><div class=\"fusion-column-wrapper fusion-column-has-shadow fusion-flex-justify-content-center fusion-content-layout-column\"><div class=\"fusion-text fusion-text-1 fusion-text-no-margin\" style=\"--awb-text-color:var(--awb-color1);--awb-text-font-family:&quot;LTTetria Black&quot;;--awb-text-font-style:normal;--awb-text-font-weight:400;\"><p>\u00cates-vous pr\u00eat \u00e0 faire la diff\u00e9rence&nbsp;?<\/p>\n<\/div><div class=\"fusion-title title fusion-title-2 fusion-sep-none fusion-title-text fusion-title-size-two\" style=\"--awb-text-color:var(--awb-color1);\"><h2 class=\"fusion-title-heading title-heading-left\" style=\"margin:0;\">Collaborons pour donner une dimension \u00e9motionnelle \u00e0 votre marque et mettre en \u0153uvre des campagnes qui marqueront les esprits.<\/h2><\/div><div class=\"fusion-text fusion-text-2\" style=\"--awb-text-color:var(--awb-color1);\"><p>Que vous souhaitiez augmenter votre chiffre d\u2019affaires ou d\u00e9velopper la notori\u00e9t\u00e9 de votre marque, notre \u00e9quipe est pr\u00eate \u00e0 comprendre vos d\u00e9fis individuels et \u00e0 vous accompagner de la planification \u00e0 la mise en \u0153uvre.<\/p>\n<\/div><div ><a class=\"fusion-button button-flat fusion-button-default-size button-custom fusion-button-default button-3 fusion-button-default-span fusion-button-default-type kontakt-footer\" style=\"--button_accent_color:var(--awb-color1);--button_border_color:var(--awb-color8);--button_accent_hover_color:var(--awb-color1);--button_border_hover_color:var(--awb-color1);--button_gradient_top_color:var(--awb-custom_color_4);--button_gradient_bottom_color:var(--awb-custom_color_4);--button_gradient_top_color_hover:var(--awb-color5);--button_gradient_bottom_color_hover:var(--awb-color5);\" target=\"_self\" data-hover=\"bg_slide_right\" href=\"https:\/\/goldbach.com\/fr\/apercu-et-solutions\/demander-un-entretien-de-conseil\/\"><span class=\"fusion-button-text awb-button__text awb-button__text--default\">Prendre rendez-vous pour une consultation d\u00e8s maintenant<\/span><\/a><\/div><\/div><\/div><\/div><\/div><\/div>\n<\/p>\n","protected":false},"excerpt":{"rendered":"","protected":false},"author":2,"featured_media":0,"parent":0,"menu_order":0,"comment_status":"closed","ping_status":"closed","template":"100-width.php","meta":{"_acf_changed":false,"footnotes":""},"class_list":["post-26988","page","type-page","status-publish","hentry"],"acf":[],"yoast_head":"<!-- This site is optimized with the Yoast SEO Premium plugin v25.8 (Yoast SEO v27.2) - https:\/\/yoast.com\/product\/yoast-seo-premium-wordpress\/ -->\n<title>Politique de confidentialit\u00e9 Goldbach<\/title>\n<meta name=\"description\" content=\"La protection des donn\u00e9es joue un r\u00f4le central \u00e0 l\u2019\u00e8re num\u00e9rique. D\u00e9couvrez ici comment nous traitons vos donn\u00e9es en toute s\u00e9curit\u00e9.\" \/>\n<meta name=\"robots\" content=\"index, follow, max-snippet:-1, max-image-preview:large, max-video-preview:-1\" \/>\n<link rel=\"canonical\" href=\"https:\/\/goldbach.com\/fr\/protection-des-donnees\/\" \/>\n<meta property=\"og:locale\" content=\"fr_FR\" \/>\n<meta property=\"og:type\" content=\"article\" \/>\n<meta property=\"og:title\" content=\"Protection des donn\u00e9es\" \/>\n<meta property=\"og:description\" content=\"La protection des donn\u00e9es joue un r\u00f4le central \u00e0 l\u2019\u00e8re num\u00e9rique. D\u00e9couvrez ici comment nous traitons vos donn\u00e9es en toute s\u00e9curit\u00e9.\" \/>\n<meta property=\"og:url\" content=\"https:\/\/goldbach.com\/fr\/protection-des-donnees\/\" \/>\n<meta property=\"og:site_name\" content=\"Goldbach\" \/>\n<meta property=\"article:modified_time\" content=\"2026-03-31T09:47:39+00:00\" \/>\n<meta property=\"og:image\" content=\"https:\/\/goldbach.com\/app\/uploads\/2025\/11\/goldbach-media-relations-unternehmen-aussenansicht.jpg\" \/>\n\t<meta property=\"og:image:width\" content=\"2500\" \/>\n\t<meta property=\"og:image:height\" content=\"1667\" \/>\n\t<meta property=\"og:image:type\" content=\"image\/jpeg\" \/>\n<meta name=\"twitter:card\" content=\"summary_large_image\" \/>\n<meta name=\"twitter:label1\" content=\"Dur\u00e9e de lecture estim\u00e9e\" \/>\n\t<meta name=\"twitter:data1\" content=\"8 minutes\" \/>\n<script type=\"application\/ld+json\" class=\"yoast-schema-graph\">{\"@context\":\"https:\/\/schema.org\",\"@graph\":[{\"@type\":\"WebPage\",\"@id\":\"https:\/\/goldbach.com\/fr\/protection-des-donnees\/\",\"url\":\"https:\/\/goldbach.com\/fr\/protection-des-donnees\/\",\"name\":\"Politique de confidentialit\u00e9 Goldbach\",\"isPartOf\":{\"@id\":\"https:\/\/goldbach.com\/fr\/#website\"},\"datePublished\":\"2025-12-18T21:44:23+00:00\",\"dateModified\":\"2026-03-31T09:47:39+00:00\",\"description\":\"La protection des donn\u00e9es joue un r\u00f4le central \u00e0 l\u2019\u00e8re num\u00e9rique. D\u00e9couvrez ici comment nous traitons vos donn\u00e9es en toute s\u00e9curit\u00e9.\",\"breadcrumb\":{\"@id\":\"https:\/\/goldbach.com\/fr\/protection-des-donnees\/#breadcrumb\"},\"inLanguage\":\"fr-FR\",\"potentialAction\":[{\"@type\":\"ReadAction\",\"target\":[\"https:\/\/goldbach.com\/fr\/protection-des-donnees\/\"]}]},{\"@type\":\"BreadcrumbList\",\"@id\":\"https:\/\/goldbach.com\/fr\/protection-des-donnees\/#breadcrumb\",\"itemListElement\":[{\"@type\":\"ListItem\",\"position\":1,\"name\":\"Home\",\"item\":\"https:\/\/goldbach.com\/fr\/bienvenue-chez-goldbach\/\"},{\"@type\":\"ListItem\",\"position\":2,\"name\":\"Protection des donn\u00e9es\"}]},{\"@type\":\"WebSite\",\"@id\":\"https:\/\/goldbach.com\/fr\/#website\",\"url\":\"https:\/\/goldbach.com\/fr\/\",\"name\":\"Goldbach\",\"description\":\"\",\"publisher\":{\"@id\":\"https:\/\/goldbach.com\/fr\/#organization\"},\"potentialAction\":[{\"@type\":\"SearchAction\",\"target\":{\"@type\":\"EntryPoint\",\"urlTemplate\":\"https:\/\/goldbach.com\/fr\/?s={search_term_string}\"},\"query-input\":{\"@type\":\"PropertyValueSpecification\",\"valueRequired\":true,\"valueName\":\"search_term_string\"}}],\"inLanguage\":\"fr-FR\"},{\"@type\":\"Organization\",\"@id\":\"https:\/\/goldbach.com\/fr\/#organization\",\"name\":\"Goldbach\",\"url\":\"https:\/\/goldbach.com\/fr\/\",\"logo\":{\"@type\":\"ImageObject\",\"inLanguage\":\"fr-FR\",\"@id\":\"https:\/\/goldbach.com\/fr\/#\/schema\/logo\/image\/\",\"url\":\"https:\/\/goldbach.com\/app\/uploads\/2025\/10\/goldbach-media-relations-goldbach-logo.webp\",\"contentUrl\":\"https:\/\/goldbach.com\/app\/uploads\/2025\/10\/goldbach-media-relations-goldbach-logo.webp\",\"width\":640,\"height\":360,\"caption\":\"Goldbach\"},\"image\":{\"@id\":\"https:\/\/goldbach.com\/fr\/#\/schema\/logo\/image\/\"},\"sameAs\":[\"https:\/\/www.linkedin.com\/company\/goldbach-group-ag\/\",\"https:\/\/www.instagram.com\/goldbach_ch\/\",\"https:\/\/www.youtube.com\/user\/GoldbachGroup\"]}]}<\/script>\n<!-- \/ Yoast SEO Premium plugin. -->","yoast_head_json":{"title":"Politique de confidentialit\u00e9 Goldbach","description":"La protection des donn\u00e9es joue un r\u00f4le central \u00e0 l\u2019\u00e8re num\u00e9rique. D\u00e9couvrez ici comment nous traitons vos donn\u00e9es en toute s\u00e9curit\u00e9.","robots":{"index":"index","follow":"follow","max-snippet":"max-snippet:-1","max-image-preview":"max-image-preview:large","max-video-preview":"max-video-preview:-1"},"canonical":"https:\/\/goldbach.com\/fr\/protection-des-donnees\/","og_locale":"fr_FR","og_type":"article","og_title":"Protection des donn\u00e9es","og_description":"La protection des donn\u00e9es joue un r\u00f4le central \u00e0 l\u2019\u00e8re num\u00e9rique. D\u00e9couvrez ici comment nous traitons vos donn\u00e9es en toute s\u00e9curit\u00e9.","og_url":"https:\/\/goldbach.com\/fr\/protection-des-donnees\/","og_site_name":"Goldbach","article_modified_time":"2026-03-31T09:47:39+00:00","og_image":[{"width":2500,"height":1667,"url":"https:\/\/goldbach.com\/app\/uploads\/2025\/11\/goldbach-media-relations-unternehmen-aussenansicht.jpg","type":"image\/jpeg"}],"twitter_card":"summary_large_image","twitter_misc":{"Dur\u00e9e de lecture estim\u00e9e":"8 minutes"},"schema":{"@context":"https:\/\/schema.org","@graph":[{"@type":"WebPage","@id":"https:\/\/goldbach.com\/fr\/protection-des-donnees\/","url":"https:\/\/goldbach.com\/fr\/protection-des-donnees\/","name":"Politique de confidentialit\u00e9 Goldbach","isPartOf":{"@id":"https:\/\/goldbach.com\/fr\/#website"},"datePublished":"2025-12-18T21:44:23+00:00","dateModified":"2026-03-31T09:47:39+00:00","description":"La protection des donn\u00e9es joue un r\u00f4le central \u00e0 l\u2019\u00e8re num\u00e9rique. D\u00e9couvrez ici comment nous traitons vos donn\u00e9es en toute s\u00e9curit\u00e9.","breadcrumb":{"@id":"https:\/\/goldbach.com\/fr\/protection-des-donnees\/#breadcrumb"},"inLanguage":"fr-FR","potentialAction":[{"@type":"ReadAction","target":["https:\/\/goldbach.com\/fr\/protection-des-donnees\/"]}]},{"@type":"BreadcrumbList","@id":"https:\/\/goldbach.com\/fr\/protection-des-donnees\/#breadcrumb","itemListElement":[{"@type":"ListItem","position":1,"name":"Home","item":"https:\/\/goldbach.com\/fr\/bienvenue-chez-goldbach\/"},{"@type":"ListItem","position":2,"name":"Protection des donn\u00e9es"}]},{"@type":"WebSite","@id":"https:\/\/goldbach.com\/fr\/#website","url":"https:\/\/goldbach.com\/fr\/","name":"Goldbach","description":"","publisher":{"@id":"https:\/\/goldbach.com\/fr\/#organization"},"potentialAction":[{"@type":"SearchAction","target":{"@type":"EntryPoint","urlTemplate":"https:\/\/goldbach.com\/fr\/?s={search_term_string}"},"query-input":{"@type":"PropertyValueSpecification","valueRequired":true,"valueName":"search_term_string"}}],"inLanguage":"fr-FR"},{"@type":"Organization","@id":"https:\/\/goldbach.com\/fr\/#organization","name":"Goldbach","url":"https:\/\/goldbach.com\/fr\/","logo":{"@type":"ImageObject","inLanguage":"fr-FR","@id":"https:\/\/goldbach.com\/fr\/#\/schema\/logo\/image\/","url":"https:\/\/goldbach.com\/app\/uploads\/2025\/10\/goldbach-media-relations-goldbach-logo.webp","contentUrl":"https:\/\/goldbach.com\/app\/uploads\/2025\/10\/goldbach-media-relations-goldbach-logo.webp","width":640,"height":360,"caption":"Goldbach"},"image":{"@id":"https:\/\/goldbach.com\/fr\/#\/schema\/logo\/image\/"},"sameAs":["https:\/\/www.linkedin.com\/company\/goldbach-group-ag\/","https:\/\/www.instagram.com\/goldbach_ch\/","https:\/\/www.youtube.com\/user\/GoldbachGroup"]}]}},"_links":{"self":[{"href":"https:\/\/goldbach.com\/fr\/wp-json\/wp\/v2\/pages\/26988","targetHints":{"allow":["GET"]}}],"collection":[{"href":"https:\/\/goldbach.com\/fr\/wp-json\/wp\/v2\/pages"}],"about":[{"href":"https:\/\/goldbach.com\/fr\/wp-json\/wp\/v2\/types\/page"}],"author":[{"embeddable":true,"href":"https:\/\/goldbach.com\/fr\/wp-json\/wp\/v2\/users\/2"}],"replies":[{"embeddable":true,"href":"https:\/\/goldbach.com\/fr\/wp-json\/wp\/v2\/comments?post=26988"}],"version-history":[{"count":6,"href":"https:\/\/goldbach.com\/fr\/wp-json\/wp\/v2\/pages\/26988\/revisions"}],"predecessor-version":[{"id":44694,"href":"https:\/\/goldbach.com\/fr\/wp-json\/wp\/v2\/pages\/26988\/revisions\/44694"}],"wp:attachment":[{"href":"https:\/\/goldbach.com\/fr\/wp-json\/wp\/v2\/media?parent=26988"}],"curies":[{"name":"wp","href":"https:\/\/api.w.org\/{rel}","templated":true}]}}