{"id":6326,"date":"2025-09-25T16:11:17","date_gmt":"2025-09-25T14:11:17","guid":{"rendered":"https:\/\/goldbach.com\/audio\/carte-radio\/"},"modified":"2026-03-31T10:22:54","modified_gmt":"2026-03-31T08:22:54","slug":"carte-radio","status":"publish","type":"page","link":"https:\/\/goldbach.com\/fr\/audio\/carte-radio\/","title":{"rendered":"Carte radio"},"content":{"rendered":"<p><div class=\"fusion-fullwidth fullwidth-box fusion-builder-row-1 fusion-flex-container has-pattern-background has-mask-background nonhundred-percent-fullwidth non-hundred-percent-height-scrolling\" style=\"--awb-border-radius-top-left:0px;--awb-border-radius-top-right:0px;--awb-border-radius-bottom-right:0px;--awb-border-radius-bottom-left:0px;--awb-padding-top:30px;--awb-padding-bottom:30px;--awb-background-color:var(--awb-color2);--awb-flex-wrap:wrap;\" ><div class=\"fusion-builder-row fusion-row fusion-flex-align-items-center fusion-flex-content-wrap\" style=\"max-width:1224px;margin-left: calc(-2% \/ 2 );margin-right: calc(-2% \/ 2 );\"><div class=\"fusion-layout-column fusion_builder_column fusion-builder-column-0 fusion_builder_column_1_1 1_1 fusion-flex-column fusion-animated\" style=\"--awb-bg-size:cover;--awb-width-large:100%;--awb-margin-top-large:0px;--awb-spacing-right-large:0.98%;--awb-margin-bottom-large:0px;--awb-spacing-left-large:0.98%;--awb-width-medium:100%;--awb-order-medium:0;--awb-spacing-right-medium:0.98%;--awb-spacing-left-medium:0.98%;--awb-width-small:100%;--awb-order-small:0;--awb-spacing-right-small:0.98%;--awb-spacing-left-small:0.98%;\" data-animationType=\"fadeInLeft\" data-animationDuration=\"0.3\" data-animationOffset=\"top-into-view\" data-scroll-devices=\"small-visibility,medium-visibility,large-visibility\"><div class=\"fusion-column-wrapper fusion-column-has-shadow fusion-flex-justify-content-flex-start fusion-content-layout-column\"><div class=\"fusion-title title fusion-title-1 fusion-sep-none fusion-title-text fusion-title-size-one\" style=\"--awb-text-color:var(--awb-color1);\"><h1 class=\"fusion-title-heading title-heading-left\" style=\"margin:0;\">Paysage radiophonique suisse<\/h1><\/div><\/div><\/div><\/div><\/div><div class=\"fusion-fullwidth fullwidth-box fusion-builder-row-2 fusion-flex-container has-pattern-background has-mask-background nonhundred-percent-fullwidth non-hundred-percent-height-scrolling\" style=\"--awb-border-radius-top-left:0px;--awb-border-radius-top-right:0px;--awb-border-radius-bottom-right:0px;--awb-border-radius-bottom-left:0px;--awb-margin-top:50px;--awb-margin-bottom:60px;--awb-flex-wrap:wrap;\" ><div class=\"fusion-builder-row fusion-row fusion-flex-align-items-flex-start fusion-flex-content-wrap\" style=\"max-width:1224px;margin-left: calc(-2% \/ 2 );margin-right: calc(-2% \/ 2 );\"><div class=\"fusion-layout-column fusion_builder_column fusion-builder-column-1 fusion_builder_column_2_3 2_3 fusion-flex-column fusion-animated\" style=\"--awb-bg-size:cover;--awb-width-large:66.666666666667%;--awb-margin-top-large:0px;--awb-spacing-right-large:1.47%;--awb-margin-bottom-large:0px;--awb-spacing-left-large:1.47%;--awb-width-medium:66.666666666667%;--awb-order-medium:0;--awb-spacing-right-medium:1.47%;--awb-spacing-left-medium:1.47%;--awb-width-small:100%;--awb-order-small:0;--awb-spacing-right-small:0.98%;--awb-spacing-left-small:0.98%;\" data-animationType=\"fadeIn\" data-animationDuration=\"1.0\" data-animationDelay=\"0.3\" data-animationOffset=\"top-into-view\" data-scroll-devices=\"small-visibility,medium-visibility,large-visibility\"><div class=\"fusion-column-wrapper fusion-column-has-shadow fusion-flex-justify-content-flex-start fusion-content-layout-row\"><div class=\"fusion-title title fusion-title-2 fusion-sep-none fusion-title-text fusion-title-size-two\" style=\"--awb-text-color:var(--awb-color8);\"><h2 class=\"fusion-title-heading title-heading-left\" style=\"margin:0;\">Aper\u00e7u de toutes les stations de radio priv\u00e9es suisses<\/h2><\/div><div class=\"fusion-text fusion-text-1\" style=\"--awb-text-color:var(--awb-color8);\"><p>Vous souhaitez r\u00e9server de la publicit\u00e9 radio ? Avec plus de 50 stations de radio pertinentes pour la publicit\u00e9, le paysage radiophonique suisse offre des possibilit\u00e9s vari\u00e9es pour diffuser votre message aux consommateurs, que ce soit au niveau r\u00e9gional ou national. Vous trouverez ici un aper\u00e7u des zones de concession et des chiffres d&#8217;\u00e9coute actuels des stations de radio FM en Suisse.  <\/p>\n<\/div><\/div><\/div><\/div><\/div><div id=\"portfolio\" class=\"fusion-container-anchor\"><div class=\"fusion-fullwidth fullwidth-box fusion-builder-row-3 fusion-flex-container has-pattern-background has-mask-background fusion-parallax-none nonhundred-percent-fullwidth non-hundred-percent-height-scrolling lazyload fusion-animated\" style=\"--awb-border-radius-top-left:0px;--awb-border-radius-top-right:0px;--awb-border-radius-bottom-right:0px;--awb-border-radius-bottom-left:0px;--awb-padding-top:60px;--awb-padding-bottom:60px;--awb-background-size:cover;--awb-flex-wrap:wrap;\" data-bg=\"http:\/\/goldbach.com\/app\/uploads\/2025\/09\/patter-white-150x150.webp\" data-animationType=\"fadeIn\" data-animationDuration=\"0.3\" data-animationOffset=\"top-into-view\" ><div class=\"fusion-builder-row fusion-row fusion-flex-align-items-flex-start fusion-flex-content-wrap\" style=\"max-width:1224px;margin-left: calc(-2% \/ 2 );margin-right: calc(-2% \/ 2 );\"><div class=\"fusion-layout-column fusion_builder_column fusion-builder-column-2 fusion_builder_column_1_1 1_1 fusion-flex-column\" style=\"--awb-bg-size:cover;--awb-width-large:100%;--awb-margin-top-large:0px;--awb-spacing-right-large:0.98%;--awb-margin-bottom-large:0px;--awb-spacing-left-large:0.98%;--awb-width-medium:100%;--awb-order-medium:0;--awb-spacing-right-medium:0.98%;--awb-spacing-left-medium:0.98%;--awb-width-small:100%;--awb-order-small:0;--awb-spacing-right-small:0.98%;--awb-spacing-left-small:0.98%;\"><div class=\"fusion-column-wrapper fusion-column-has-shadow fusion-flex-justify-content-flex-start fusion-content-layout-column\"><iframe width=\"100%\" height=\"950px\" src=\"https:\/\/gbcomcdn.com\/uploads\/production\/radiomap\/\" frameborder=\"0\" allowfullscreen=\"allowfullscreen\" data-v-083441c8=\"\" data-gtm-yt-inspected-8385259_318=\"true\" data-gtm-yt-inspected-8385259_139=\"true\" data-gtm-yt-inspected-8385259_281=\"true\"><\/iframe><\/div><\/div><\/div><\/div><\/div><div id=\"kontakt\" class=\"fusion-container-anchor\"><div class=\"fusion-fullwidth fullwidth-box fusion-builder-row-4 fusion-flex-container has-pattern-background has-mask-background no-print nonhundred-percent-fullwidth non-hundred-percent-height-scrolling\" style=\"--awb-border-radius-top-left:0px;--awb-border-radius-top-right:0px;--awb-border-radius-bottom-right:0px;--awb-border-radius-bottom-left:0px;--awb-padding-top:60px;--awb-padding-bottom:60px;--awb-background-color:var(--awb-color2);--awb-flex-wrap:wrap;\" ><div class=\"fusion-builder-row fusion-row fusion-flex-align-items-center fusion-flex-content-wrap\" style=\"max-width:1224px;margin-left: calc(-2% \/ 2 );margin-right: calc(-2% \/ 2 );\"><div class=\"fusion-layout-column fusion_builder_column fusion-builder-column-3 fusion_builder_column_1_3 1_3 fusion-flex-column fusion-no-small-visibility\" style=\"--awb-bg-size:cover;--awb-width-large:33.333333333333%;--awb-margin-top-large:0px;--awb-spacing-right-large:23.52%;--awb-margin-bottom-large:0px;--awb-spacing-left-large:0px;--awb-width-medium:33.333333333333%;--awb-order-medium:0;--awb-spacing-right-medium:23.52%;--awb-spacing-left-medium:0px;--awb-width-small:100%;--awb-order-small:0;--awb-spacing-right-small:0.98%;--awb-spacing-left-small:0.98%;\" data-scroll-devices=\"small-visibility,medium-visibility,large-visibility\"><div class=\"fusion-column-wrapper fusion-column-has-shadow fusion-flex-justify-content-flex-start fusion-content-layout-column\"><div class=\"fusion-image-element \" style=\"--awb-aspect-ratio:1 \/ 1;--awb-object-position:29% 45%;--awb-caption-title-font-family:var(--h2_typography-font-family);--awb-caption-title-font-weight:var(--h2_typography-font-weight);--awb-caption-title-font-style:var(--h2_typography-font-style);--awb-caption-title-size:var(--h2_typography-font-size);--awb-caption-title-transform:var(--h2_typography-text-transform);--awb-caption-title-line-height:var(--h2_typography-line-height);--awb-caption-title-letter-spacing:var(--h2_typography-letter-spacing);\"><span class=\" fusion-imageframe imageframe-none imageframe-1 hover-type-none has-aspect-ratio fusion-animated\" style=\"--awb-animation-color:#ffffff;\" data-animationType=\"revealInLeft\" data-animationDuration=\"1.0\" data-animationOffset=\"top-into-view\"><img decoding=\"async\" width=\"600\" height=\"400\" alt=\"Femme avec t\u00e9l\u00e9phone \u00e0 l\u2019oreille devant un ordinateur portable.\" title=\"Contacte-nous\" src=\"https:\/\/goldbach.com\/app\/uploads\/2025\/10\/kontaktiere-uns-3.jpg\" data-orig-src=\"https:\/\/goldbach.com\/app\/uploads\/2025\/10\/kontaktiere-uns-3-600x400.jpg\" class=\"lazyload img-responsive wp-image-21237 img-with-aspect-ratio\" data-parent-fit=\"cover\" data-parent-container=\".fusion-image-element\" srcset=\"data:image\/svg+xml,%3Csvg%20xmlns%3D%27http%3A%2F%2Fwww.w3.org%2F2000%2Fsvg%27%20width%3D%271400%27%20height%3D%27934%27%20viewBox%3D%270%200%201400%20934%27%3E%3Crect%20width%3D%271400%27%20height%3D%27934%27%20fill-opacity%3D%220%22%2F%3E%3C%2Fsvg%3E\" data-srcset=\"https:\/\/goldbach.com\/app\/uploads\/2025\/10\/kontaktiere-uns-3-200x133.jpg 200w, https:\/\/goldbach.com\/app\/uploads\/2025\/10\/kontaktiere-uns-3-400x267.jpg 400w, https:\/\/goldbach.com\/app\/uploads\/2025\/10\/kontaktiere-uns-3-600x400.jpg 600w, https:\/\/goldbach.com\/app\/uploads\/2025\/10\/kontaktiere-uns-3-800x534.jpg 800w, https:\/\/goldbach.com\/app\/uploads\/2025\/10\/kontaktiere-uns-3-1200x801.jpg 1200w, https:\/\/goldbach.com\/app\/uploads\/2025\/10\/kontaktiere-uns-3.jpg 1400w\" data-sizes=\"auto\" data-orig-sizes=\"(max-width: 640px) 100vw, 400px\" \/><\/span><\/div><\/div><\/div><div class=\"fusion-layout-column fusion_builder_column fusion-builder-column-4 fusion_builder_column_2_3 2_3 fusion-flex-column fusion-animated\" style=\"--awb-bg-size:cover;--awb-width-large:66.666666666667%;--awb-margin-top-large:0px;--awb-spacing-right-large:1.47%;--awb-margin-bottom-large:0px;--awb-spacing-left-large:1.47%;--awb-width-medium:66.666666666667%;--awb-order-medium:0;--awb-spacing-right-medium:1.47%;--awb-spacing-left-medium:1.47%;--awb-width-small:100%;--awb-order-small:0;--awb-spacing-right-small:0.98%;--awb-spacing-left-small:0.98%;\" data-animationType=\"fadeInRight\" data-animationDuration=\"1.0\" data-animationDelay=\"0.3\" data-animationOffset=\"top-into-view\" data-scroll-devices=\"small-visibility,medium-visibility,large-visibility\"><div class=\"fusion-column-wrapper fusion-column-has-shadow fusion-flex-justify-content-center fusion-content-layout-column\"><div class=\"fusion-text fusion-text-2 fusion-text-no-margin\" style=\"--awb-text-color:var(--awb-color1);--awb-text-font-family:&quot;LTTetria Black&quot;;--awb-text-font-style:normal;--awb-text-font-weight:400;\"><p>Pour une campagne audio r\u00e9ussie<\/p>\n<\/div><div class=\"fusion-title title fusion-title-3 fusion-sep-none fusion-title-text fusion-title-size-two\" style=\"--awb-text-color:var(--awb-color1);\"><h2 class=\"fusion-title-heading title-heading-left\" style=\"margin:0;\">Nous vous aidons \u00e0 planifier votre campagne publicitaire<\/h2><\/div><div class=\"fusion-text fusion-text-3\" style=\"--awb-text-color:var(--awb-color1);\"><p>Si vous n&#8217;avez pas encore d&#8217;id\u00e9es ou de questions pr\u00e9cises, n&#8217;h\u00e9sitez pas \u00e0 nous contacter. Nous serons ravis de faire votre connaissance et de vous aider dans votre campagne. <\/p>\n<\/div><div ><a class=\"fusion-button button-flat fusion-button-default-size button-custom fusion-button-default button-1 fusion-button-default-span fusion-button-default-type kontakt-footer\" style=\"--button_accent_color:var(--awb-color1);--button_border_color:var(--awb-color8);--button_accent_hover_color:var(--awb-color1);--button_border_hover_color:var(--awb-color1);--button_gradient_top_color:var(--awb-custom_color_4);--button_gradient_bottom_color:var(--awb-custom_color_4);--button_gradient_top_color_hover:var(--awb-color5);--button_gradient_bottom_color_hover:var(--awb-color5);\" target=\"_self\" data-hover=\"bg_slide_right\" href=\"https:\/\/goldbach.com\/fr\/audio\/contacter-lequipe-audio\/\"><span class=\"fusion-button-text awb-button__text awb-button__text--default\">Contactez nos experts audio<\/span><\/a><\/div><\/div><\/div><\/div><\/div><\/div>\n<\/p>\n","protected":false},"excerpt":{"rendered":"","protected":false},"author":2,"featured_media":6189,"parent":6193,"menu_order":0,"comment_status":"closed","ping_status":"closed","template":"100-width.php","meta":{"_acf_changed":false,"footnotes":""},"class_list":["post-6326","page","type-page","status-publish","has-post-thumbnail","hentry"],"acf":[],"yoast_head":"<!-- This site is optimized with the Yoast SEO Premium plugin v25.8 (Yoast SEO v27.2) - https:\/\/yoast.com\/product\/yoast-seo-premium-wordpress\/ -->\n<title>Aper\u00e7u de toutes les stations de radio priv\u00e9es suisses<\/title>\n<meta name=\"description\" content=\"Souhaitez-vous r\u00e9server de la publicit\u00e9 radio ? La carte des radios priv\u00e9es suisses offre un aper\u00e7u complet de toutes les stations de radio.\" \/>\n<meta name=\"robots\" content=\"index, follow, max-snippet:-1, max-image-preview:large, max-video-preview:-1\" \/>\n<link rel=\"canonical\" href=\"https:\/\/goldbach.com\/fr\/audio\/carte-radio\/\" \/>\n<meta property=\"og:locale\" content=\"fr_FR\" \/>\n<meta property=\"og:type\" content=\"article\" \/>\n<meta property=\"og:title\" content=\"Carte radio\" \/>\n<meta property=\"og:description\" content=\"Souhaitez-vous r\u00e9server de la publicit\u00e9 radio ? La carte des radios priv\u00e9es suisses offre un aper\u00e7u complet de toutes les stations de radio.\" \/>\n<meta property=\"og:url\" content=\"https:\/\/goldbach.com\/fr\/audio\/carte-radio\/\" \/>\n<meta property=\"og:site_name\" content=\"Goldbach\" \/>\n<meta property=\"article:modified_time\" content=\"2026-03-31T08:22:54+00:00\" \/>\n<meta property=\"og:image\" content=\"https:\/\/goldbach.com\/app\/uploads\/2025\/10\/radio-image.jpg\" \/>\n\t<meta property=\"og:image:width\" content=\"818\" \/>\n\t<meta property=\"og:image:height\" content=\"460\" \/>\n\t<meta property=\"og:image:type\" content=\"image\/jpeg\" \/>\n<meta name=\"twitter:card\" content=\"summary_large_image\" \/>\n<meta name=\"twitter:label1\" content=\"Dur\u00e9e de lecture estim\u00e9e\" \/>\n\t<meta name=\"twitter:data1\" content=\"10 minutes\" \/>\n<script type=\"application\/ld+json\" class=\"yoast-schema-graph\">{\"@context\":\"https:\/\/schema.org\",\"@graph\":[{\"@type\":\"WebPage\",\"@id\":\"https:\/\/goldbach.com\/fr\/audio\/carte-radio\/\",\"url\":\"https:\/\/goldbach.com\/fr\/audio\/carte-radio\/\",\"name\":\"Aper\u00e7u de toutes les stations de radio priv\u00e9es suisses\",\"isPartOf\":{\"@id\":\"https:\/\/goldbach.com\/fr\/#website\"},\"primaryImageOfPage\":{\"@id\":\"https:\/\/goldbach.com\/fr\/audio\/carte-radio\/#primaryimage\"},\"image\":{\"@id\":\"https:\/\/goldbach.com\/fr\/audio\/carte-radio\/#primaryimage\"},\"thumbnailUrl\":\"https:\/\/goldbach.com\/app\/uploads\/2025\/10\/radio-image.jpg\",\"datePublished\":\"2025-09-25T14:11:17+00:00\",\"dateModified\":\"2026-03-31T08:22:54+00:00\",\"description\":\"Souhaitez-vous r\u00e9server de la publicit\u00e9 radio ? La carte des radios priv\u00e9es suisses offre un aper\u00e7u complet de toutes les stations de radio.\",\"breadcrumb\":{\"@id\":\"https:\/\/goldbach.com\/fr\/audio\/carte-radio\/#breadcrumb\"},\"inLanguage\":\"fr-FR\",\"potentialAction\":[{\"@type\":\"ReadAction\",\"target\":[\"https:\/\/goldbach.com\/fr\/audio\/carte-radio\/\"]}]},{\"@type\":\"ImageObject\",\"inLanguage\":\"fr-FR\",\"@id\":\"https:\/\/goldbach.com\/fr\/audio\/carte-radio\/#primaryimage\",\"url\":\"https:\/\/goldbach.com\/app\/uploads\/2025\/10\/radio-image.jpg\",\"contentUrl\":\"https:\/\/goldbach.com\/app\/uploads\/2025\/10\/radio-image.jpg\",\"width\":818,\"height\":460},{\"@type\":\"BreadcrumbList\",\"@id\":\"https:\/\/goldbach.com\/fr\/audio\/carte-radio\/#breadcrumb\",\"itemListElement\":[{\"@type\":\"ListItem\",\"position\":1,\"name\":\"Home\",\"item\":\"https:\/\/goldbach.com\/fr\/\"},{\"@type\":\"ListItem\",\"position\":2,\"name\":\"Audio\",\"item\":\"https:\/\/goldbach.com\/fr\/audio\/\"},{\"@type\":\"ListItem\",\"position\":3,\"name\":\"Carte radio\"}]},{\"@type\":\"WebSite\",\"@id\":\"https:\/\/goldbach.com\/fr\/#website\",\"url\":\"https:\/\/goldbach.com\/fr\/\",\"name\":\"Goldbach\",\"description\":\"\",\"publisher\":{\"@id\":\"https:\/\/goldbach.com\/fr\/#organization\"},\"potentialAction\":[{\"@type\":\"SearchAction\",\"target\":{\"@type\":\"EntryPoint\",\"urlTemplate\":\"https:\/\/goldbach.com\/fr\/?s={search_term_string}\"},\"query-input\":{\"@type\":\"PropertyValueSpecification\",\"valueRequired\":true,\"valueName\":\"search_term_string\"}}],\"inLanguage\":\"fr-FR\"},{\"@type\":\"Organization\",\"@id\":\"https:\/\/goldbach.com\/fr\/#organization\",\"name\":\"Goldbach\",\"url\":\"https:\/\/goldbach.com\/fr\/\",\"logo\":{\"@type\":\"ImageObject\",\"inLanguage\":\"fr-FR\",\"@id\":\"https:\/\/goldbach.com\/fr\/#\/schema\/logo\/image\/\",\"url\":\"https:\/\/goldbach.com\/app\/uploads\/2025\/10\/goldbach-media-relations-goldbach-logo.webp\",\"contentUrl\":\"https:\/\/goldbach.com\/app\/uploads\/2025\/10\/goldbach-media-relations-goldbach-logo.webp\",\"width\":640,\"height\":360,\"caption\":\"Goldbach\"},\"image\":{\"@id\":\"https:\/\/goldbach.com\/fr\/#\/schema\/logo\/image\/\"},\"sameAs\":[\"https:\/\/www.linkedin.com\/company\/goldbach-group-ag\/\",\"https:\/\/www.instagram.com\/goldbach_ch\/\",\"https:\/\/www.youtube.com\/user\/GoldbachGroup\"]}]}<\/script>\n<!-- \/ Yoast SEO Premium plugin. -->","yoast_head_json":{"title":"Aper\u00e7u de toutes les stations de radio priv\u00e9es suisses","description":"Souhaitez-vous r\u00e9server de la publicit\u00e9 radio ? La carte des radios priv\u00e9es suisses offre un aper\u00e7u complet de toutes les stations de radio.","robots":{"index":"index","follow":"follow","max-snippet":"max-snippet:-1","max-image-preview":"max-image-preview:large","max-video-preview":"max-video-preview:-1"},"canonical":"https:\/\/goldbach.com\/fr\/audio\/carte-radio\/","og_locale":"fr_FR","og_type":"article","og_title":"Carte radio","og_description":"Souhaitez-vous r\u00e9server de la publicit\u00e9 radio ? La carte des radios priv\u00e9es suisses offre un aper\u00e7u complet de toutes les stations de radio.","og_url":"https:\/\/goldbach.com\/fr\/audio\/carte-radio\/","og_site_name":"Goldbach","article_modified_time":"2026-03-31T08:22:54+00:00","og_image":[{"width":818,"height":460,"url":"https:\/\/goldbach.com\/app\/uploads\/2025\/10\/radio-image.jpg","type":"image\/jpeg"}],"twitter_card":"summary_large_image","twitter_misc":{"Dur\u00e9e de lecture estim\u00e9e":"10 minutes"},"schema":{"@context":"https:\/\/schema.org","@graph":[{"@type":"WebPage","@id":"https:\/\/goldbach.com\/fr\/audio\/carte-radio\/","url":"https:\/\/goldbach.com\/fr\/audio\/carte-radio\/","name":"Aper\u00e7u de toutes les stations de radio priv\u00e9es suisses","isPartOf":{"@id":"https:\/\/goldbach.com\/fr\/#website"},"primaryImageOfPage":{"@id":"https:\/\/goldbach.com\/fr\/audio\/carte-radio\/#primaryimage"},"image":{"@id":"https:\/\/goldbach.com\/fr\/audio\/carte-radio\/#primaryimage"},"thumbnailUrl":"https:\/\/goldbach.com\/app\/uploads\/2025\/10\/radio-image.jpg","datePublished":"2025-09-25T14:11:17+00:00","dateModified":"2026-03-31T08:22:54+00:00","description":"Souhaitez-vous r\u00e9server de la publicit\u00e9 radio ? La carte des radios priv\u00e9es suisses offre un aper\u00e7u complet de toutes les stations de radio.","breadcrumb":{"@id":"https:\/\/goldbach.com\/fr\/audio\/carte-radio\/#breadcrumb"},"inLanguage":"fr-FR","potentialAction":[{"@type":"ReadAction","target":["https:\/\/goldbach.com\/fr\/audio\/carte-radio\/"]}]},{"@type":"ImageObject","inLanguage":"fr-FR","@id":"https:\/\/goldbach.com\/fr\/audio\/carte-radio\/#primaryimage","url":"https:\/\/goldbach.com\/app\/uploads\/2025\/10\/radio-image.jpg","contentUrl":"https:\/\/goldbach.com\/app\/uploads\/2025\/10\/radio-image.jpg","width":818,"height":460},{"@type":"BreadcrumbList","@id":"https:\/\/goldbach.com\/fr\/audio\/carte-radio\/#breadcrumb","itemListElement":[{"@type":"ListItem","position":1,"name":"Home","item":"https:\/\/goldbach.com\/fr\/"},{"@type":"ListItem","position":2,"name":"Audio","item":"https:\/\/goldbach.com\/fr\/audio\/"},{"@type":"ListItem","position":3,"name":"Carte radio"}]},{"@type":"WebSite","@id":"https:\/\/goldbach.com\/fr\/#website","url":"https:\/\/goldbach.com\/fr\/","name":"Goldbach","description":"","publisher":{"@id":"https:\/\/goldbach.com\/fr\/#organization"},"potentialAction":[{"@type":"SearchAction","target":{"@type":"EntryPoint","urlTemplate":"https:\/\/goldbach.com\/fr\/?s={search_term_string}"},"query-input":{"@type":"PropertyValueSpecification","valueRequired":true,"valueName":"search_term_string"}}],"inLanguage":"fr-FR"},{"@type":"Organization","@id":"https:\/\/goldbach.com\/fr\/#organization","name":"Goldbach","url":"https:\/\/goldbach.com\/fr\/","logo":{"@type":"ImageObject","inLanguage":"fr-FR","@id":"https:\/\/goldbach.com\/fr\/#\/schema\/logo\/image\/","url":"https:\/\/goldbach.com\/app\/uploads\/2025\/10\/goldbach-media-relations-goldbach-logo.webp","contentUrl":"https:\/\/goldbach.com\/app\/uploads\/2025\/10\/goldbach-media-relations-goldbach-logo.webp","width":640,"height":360,"caption":"Goldbach"},"image":{"@id":"https:\/\/goldbach.com\/fr\/#\/schema\/logo\/image\/"},"sameAs":["https:\/\/www.linkedin.com\/company\/goldbach-group-ag\/","https:\/\/www.instagram.com\/goldbach_ch\/","https:\/\/www.youtube.com\/user\/GoldbachGroup"]}]}},"_links":{"self":[{"href":"https:\/\/goldbach.com\/fr\/wp-json\/wp\/v2\/pages\/6326","targetHints":{"allow":["GET"]}}],"collection":[{"href":"https:\/\/goldbach.com\/fr\/wp-json\/wp\/v2\/pages"}],"about":[{"href":"https:\/\/goldbach.com\/fr\/wp-json\/wp\/v2\/types\/page"}],"author":[{"embeddable":true,"href":"https:\/\/goldbach.com\/fr\/wp-json\/wp\/v2\/users\/2"}],"replies":[{"embeddable":true,"href":"https:\/\/goldbach.com\/fr\/wp-json\/wp\/v2\/comments?post=6326"}],"version-history":[{"count":24,"href":"https:\/\/goldbach.com\/fr\/wp-json\/wp\/v2\/pages\/6326\/revisions"}],"predecessor-version":[{"id":44536,"href":"https:\/\/goldbach.com\/fr\/wp-json\/wp\/v2\/pages\/6326\/revisions\/44536"}],"up":[{"embeddable":true,"href":"https:\/\/goldbach.com\/fr\/wp-json\/wp\/v2\/pages\/6193"}],"wp:featuredmedia":[{"embeddable":true,"href":"https:\/\/goldbach.com\/fr\/wp-json\/wp\/v2\/media\/6189"}],"wp:attachment":[{"href":"https:\/\/goldbach.com\/fr\/wp-json\/wp\/v2\/media?parent=6326"}],"curies":[{"name":"wp","href":"https:\/\/api.w.org\/{rel}","templated":true}]}}