{"id":9426,"date":"2025-09-17T15:50:29","date_gmt":"2025-09-17T13:50:29","guid":{"rendered":"https:\/\/goldbach.com\/mentions-legales\/"},"modified":"2026-03-31T18:26:28","modified_gmt":"2026-03-31T16:26:28","slug":"mentions-legales","status":"publish","type":"page","link":"https:\/\/goldbach.com\/fr\/mentions-legales\/","title":{"rendered":"Mentions l\u00e9gales"},"content":{"rendered":"<p><div class=\"fusion-fullwidth fullwidth-box fusion-builder-row-1 fusion-flex-container has-pattern-background has-mask-background nonhundred-percent-fullwidth non-hundred-percent-height-scrolling\" style=\"--awb-border-radius-top-left:0px;--awb-border-radius-top-right:0px;--awb-border-radius-bottom-right:0px;--awb-border-radius-bottom-left:0px;--awb-padding-top:30px;--awb-padding-bottom:30px;--awb-background-color:var(--awb-color2);--awb-flex-wrap:wrap;\" ><div class=\"fusion-builder-row fusion-row fusion-flex-align-items-center fusion-flex-content-wrap\" style=\"max-width:1224px;margin-left: calc(-2% \/ 2 );margin-right: calc(-2% \/ 2 );\"><div class=\"fusion-layout-column fusion_builder_column fusion-builder-column-0 fusion_builder_column_2_5 2_5 fusion-flex-column fusion-animated\" style=\"--awb-bg-size:cover;--awb-width-large:40%;--awb-margin-top-large:0px;--awb-spacing-right-large:2.45%;--awb-margin-bottom-large:0px;--awb-spacing-left-large:2.45%;--awb-width-medium:40%;--awb-order-medium:0;--awb-spacing-right-medium:2.45%;--awb-spacing-left-medium:2.45%;--awb-width-small:100%;--awb-order-small:0;--awb-spacing-right-small:0.98%;--awb-spacing-left-small:0.98%;\" data-animationType=\"fadeIn\" data-animationDuration=\"0.3\" data-animationOffset=\"top-into-view\" data-scroll-devices=\"small-visibility,medium-visibility,large-visibility\"><div class=\"fusion-column-wrapper fusion-column-has-shadow fusion-flex-justify-content-flex-start fusion-content-layout-column\"><div class=\"fusion-title title fusion-title-1 fusion-sep-none fusion-title-text fusion-title-size-one\" style=\"--awb-text-color:var(--awb-color1);\"><h1 class=\"fusion-title-heading title-heading-left\" style=\"margin:0;\">Mentions l\u00e9gales<\/h1><\/div><\/div><\/div><\/div><\/div><div class=\"fusion-fullwidth fullwidth-box fusion-builder-row-2 fusion-flex-container has-pattern-background has-mask-background nonhundred-percent-fullwidth non-hundred-percent-height-scrolling fusion-animated\" style=\"--awb-border-radius-top-left:0px;--awb-border-radius-top-right:0px;--awb-border-radius-bottom-right:0px;--awb-border-radius-bottom-left:0px;--awb-padding-top:60px;--awb-padding-bottom:60px;--awb-flex-wrap:wrap;\" data-animationType=\"fadeIn\" data-animationDuration=\"0.3\" data-animationOffset=\"top-into-view\" ><div class=\"fusion-builder-row fusion-row fusion-flex-align-items-flex-start fusion-flex-content-wrap\" style=\"max-width:1224px;margin-left: calc(-2% \/ 2 );margin-right: calc(-2% \/ 2 );\"><div class=\"fusion-layout-column fusion_builder_column fusion-builder-column-1 fusion_builder_column_2_3 2_3 fusion-flex-column fusion-animated\" style=\"--awb-bg-size:cover;--awb-width-large:66.666666666667%;--awb-margin-top-large:0px;--awb-spacing-right-large:1.47%;--awb-margin-bottom-large:0px;--awb-spacing-left-large:1.47%;--awb-width-medium:66.666666666667%;--awb-order-medium:0;--awb-spacing-right-medium:1.47%;--awb-spacing-left-medium:1.47%;--awb-width-small:100%;--awb-order-small:0;--awb-spacing-right-small:0.98%;--awb-spacing-left-small:0.98%;\" data-animationType=\"fadeIn\" data-animationDuration=\"1.0\" data-animationDelay=\"0.3\" data-animationOffset=\"top-into-view\"><div class=\"fusion-column-wrapper fusion-column-has-shadow fusion-flex-justify-content-flex-start fusion-content-layout-column\"><div class=\"fusion-text fusion-text-1\"><p>Goldbach Group AG et ses filiales forment le groupe Goldbach (ci-apr\u00e8s : le \u00ab Groupe \u00bb) \u2013 un fournisseur leader dans la commercialisation de m\u00e9dias priv\u00e9s \u00e9lectroniques, interactifs et mobiles. <\/p>\n<p>Le contenu de nos sites web est exclusivement destin\u00e9 \u00e0 des fins d\u2019information et ne doit en aucun cas \u00eatre interpr\u00e9t\u00e9 comme ayant force obligatoire. En particulier, les sites web ne contiennent aucune offre juridiquement contraignante ni aucun renseignement tarifaire. <\/p>\n<p>Le groupe n&#8217;assume aucune garantie (ni expresse ni tacite) quant \u00e0 l&#8217;exactitude, l&#8217;exhaustivit\u00e9 et l&#8217;actualit\u00e9 des informations et opinions publi\u00e9es sur nos sites web.<\/p>\n<p>Die \u00dcbermittlung von Informationen ab unseren Websites bzw. deren Abrufung und Empfang begr\u00fcnden keinen Werbe- oder Sponsoringauftrag.<\/p>\n<p>Nous attirons votre attention sur le fait que la communication par e-mail n\u2019est ni s\u00fbre ni confidentielle en raison de d\u00e9fauts techniques inh\u00e9rents \u00e0 Internet. Le groupe d\u00e9cline donc toute responsabilit\u00e9 en rapport avec des dommages de quelque nature que ce soit qui seraient imputables \u00e0 la communication par e-mail. <\/p>\n<p>Le Groupe exclut en outre, et sans restriction, toute responsabilit\u00e9 pour les pertes ou dommages de quelque nature que ce soit, qu\u2019il s\u2019agisse de dommages directs, indirects ou cons\u00e9cutifs, qui pourraient r\u00e9sulter de l\u2019utilisation ou de l\u2019acc\u00e8s \u00e0 nos sites web ou de liens vers des sites web de tiers. De plus, le Groupe d\u00e9cline toute responsabilit\u00e9 en cas de manipulations du syst\u00e8me informatique de l\u2019utilisateur d\u2019Internet par des personnes non autoris\u00e9es. Nous attirons express\u00e9ment l\u2019attention sur le danger que repr\u00e9sentent les virus et la possibilit\u00e9 d\u2019attaques de piratage cibl\u00e9es. Certains liens sur nos sites web m\u00e8nent \u00e0 des sites web de tiers. Ceux-ci \u00e9chappent totalement \u00e0 l\u2019influence du Groupe, raison pour laquelle le Groupe n\u2019assume aucune responsabilit\u00e9 quant \u00e0 l\u2019exactitude, l\u2019exhaustivit\u00e9 et la l\u00e9galit\u00e9 du contenu de ces sites web, ni quant aux offres et prestations de services \u00e9ventuellement contenues.    <\/p>\n<p>Le contenu de nos sites web est prot\u00e9g\u00e9 par le droit d\u2019auteur. La modification de ces pages est strictement interdite. La reproduction, la cr\u00e9ation de liens ou l\u2019utilisation \u00e0 des fins publiques ou commerciales sont interdites sans notre accord \u00e9crit pr\u00e9alable. Si vous t\u00e9l\u00e9chargez des logiciels et\/ou d\u2019autres informations ou les traitez d\u2019une autre mani\u00e8re, tous les droits d\u2019auteur prot\u00e9g\u00e9s et non prot\u00e9g\u00e9s restent acquis aux   <\/p>\n<\/div><\/div><\/div><\/div><\/div><\/p>\n","protected":false},"excerpt":{"rendered":"","protected":false},"author":2,"featured_media":4876,"parent":0,"menu_order":0,"comment_status":"closed","ping_status":"closed","template":"100-width.php","meta":{"_acf_changed":false,"footnotes":""},"class_list":["post-9426","page","type-page","status-publish","has-post-thumbnail","hentry"],"acf":[],"yoast_head":"<!-- This site is optimized with the Yoast SEO Premium plugin v25.8 (Yoast SEO v27.2) - https:\/\/yoast.com\/product\/yoast-seo-premium-wordpress\/ -->\n<title>Mentions l\u00e9gales de Goldbach Group AG<\/title>\n<meta name=\"description\" content=\"Les mentions l\u00e9gales de Goldbach Group comprennent des informations importantes sur l&#039;utilisation du site web et de son contenu.\" \/>\n<meta name=\"robots\" content=\"index, follow, max-snippet:-1, max-image-preview:large, max-video-preview:-1\" \/>\n<link rel=\"canonical\" href=\"https:\/\/goldbach.com\/fr\/mentions-legales\/\" \/>\n<meta property=\"og:locale\" content=\"fr_FR\" \/>\n<meta property=\"og:type\" content=\"article\" \/>\n<meta property=\"og:title\" content=\"Mentions l\u00e9gales\" \/>\n<meta property=\"og:description\" content=\"Les mentions l\u00e9gales de Goldbach Group comprennent des informations importantes sur l&#039;utilisation du site web et de son contenu.\" \/>\n<meta property=\"og:url\" content=\"https:\/\/goldbach.com\/fr\/mentions-legales\/\" \/>\n<meta property=\"og:site_name\" content=\"Goldbach\" \/>\n<meta property=\"article:modified_time\" content=\"2026-03-31T16:26:28+00:00\" \/>\n<meta property=\"og:image\" content=\"https:\/\/goldbach.com\/app\/uploads\/2025\/11\/goldbach-media-relations-unternehmen-aussenansicht.jpg\" \/>\n\t<meta property=\"og:image:width\" content=\"2500\" \/>\n\t<meta property=\"og:image:height\" content=\"1667\" \/>\n\t<meta property=\"og:image:type\" content=\"image\/jpeg\" \/>\n<meta name=\"twitter:card\" content=\"summary_large_image\" \/>\n<meta name=\"twitter:label1\" content=\"Dur\u00e9e de lecture estim\u00e9e\" \/>\n\t<meta name=\"twitter:data1\" content=\"8 minutes\" \/>\n<script type=\"application\/ld+json\" class=\"yoast-schema-graph\">{\"@context\":\"https:\/\/schema.org\",\"@graph\":[{\"@type\":\"WebPage\",\"@id\":\"https:\/\/goldbach.com\/fr\/mentions-legales\/\",\"url\":\"https:\/\/goldbach.com\/fr\/mentions-legales\/\",\"name\":\"Mentions l\u00e9gales de Goldbach Group AG\",\"isPartOf\":{\"@id\":\"https:\/\/goldbach.com\/fr\/#website\"},\"primaryImageOfPage\":{\"@id\":\"https:\/\/goldbach.com\/fr\/mentions-legales\/#primaryimage\"},\"image\":{\"@id\":\"https:\/\/goldbach.com\/fr\/mentions-legales\/#primaryimage\"},\"thumbnailUrl\":\"https:\/\/goldbach.com\/app\/uploads\/2025\/11\/goldbach-media-relations-unternehmen-aussenansicht.jpg\",\"datePublished\":\"2025-09-17T13:50:29+00:00\",\"dateModified\":\"2026-03-31T16:26:28+00:00\",\"description\":\"Les mentions l\u00e9gales de Goldbach Group comprennent des informations importantes sur l'utilisation du site web et de son contenu.\",\"breadcrumb\":{\"@id\":\"https:\/\/goldbach.com\/fr\/mentions-legales\/#breadcrumb\"},\"inLanguage\":\"fr-FR\",\"potentialAction\":[{\"@type\":\"ReadAction\",\"target\":[\"https:\/\/goldbach.com\/fr\/mentions-legales\/\"]}]},{\"@type\":\"ImageObject\",\"inLanguage\":\"fr-FR\",\"@id\":\"https:\/\/goldbach.com\/fr\/mentions-legales\/#primaryimage\",\"url\":\"https:\/\/goldbach.com\/app\/uploads\/2025\/11\/goldbach-media-relations-unternehmen-aussenansicht.jpg\",\"contentUrl\":\"https:\/\/goldbach.com\/app\/uploads\/2025\/11\/goldbach-media-relations-unternehmen-aussenansicht.jpg\",\"width\":2500,\"height\":1667},{\"@type\":\"BreadcrumbList\",\"@id\":\"https:\/\/goldbach.com\/fr\/mentions-legales\/#breadcrumb\",\"itemListElement\":[{\"@type\":\"ListItem\",\"position\":1,\"name\":\"Home\",\"item\":\"https:\/\/goldbach.com\/fr\/bienvenue-chez-goldbach\/\"},{\"@type\":\"ListItem\",\"position\":2,\"name\":\"Mentions l\u00e9gales\"}]},{\"@type\":\"WebSite\",\"@id\":\"https:\/\/goldbach.com\/fr\/#website\",\"url\":\"https:\/\/goldbach.com\/fr\/\",\"name\":\"Goldbach\",\"description\":\"\",\"publisher\":{\"@id\":\"https:\/\/goldbach.com\/fr\/#organization\"},\"potentialAction\":[{\"@type\":\"SearchAction\",\"target\":{\"@type\":\"EntryPoint\",\"urlTemplate\":\"https:\/\/goldbach.com\/fr\/?s={search_term_string}\"},\"query-input\":{\"@type\":\"PropertyValueSpecification\",\"valueRequired\":true,\"valueName\":\"search_term_string\"}}],\"inLanguage\":\"fr-FR\"},{\"@type\":\"Organization\",\"@id\":\"https:\/\/goldbach.com\/fr\/#organization\",\"name\":\"Goldbach\",\"url\":\"https:\/\/goldbach.com\/fr\/\",\"logo\":{\"@type\":\"ImageObject\",\"inLanguage\":\"fr-FR\",\"@id\":\"https:\/\/goldbach.com\/fr\/#\/schema\/logo\/image\/\",\"url\":\"https:\/\/goldbach.com\/app\/uploads\/2025\/10\/goldbach-media-relations-goldbach-logo.webp\",\"contentUrl\":\"https:\/\/goldbach.com\/app\/uploads\/2025\/10\/goldbach-media-relations-goldbach-logo.webp\",\"width\":640,\"height\":360,\"caption\":\"Goldbach\"},\"image\":{\"@id\":\"https:\/\/goldbach.com\/fr\/#\/schema\/logo\/image\/\"},\"sameAs\":[\"https:\/\/www.linkedin.com\/company\/goldbach-group-ag\/\",\"https:\/\/www.instagram.com\/goldbach_ch\/\",\"https:\/\/www.youtube.com\/user\/GoldbachGroup\"]}]}<\/script>\n<!-- \/ Yoast SEO Premium plugin. -->","yoast_head_json":{"title":"Mentions l\u00e9gales de Goldbach Group AG","description":"Les mentions l\u00e9gales de Goldbach Group comprennent des informations importantes sur l'utilisation du site web et de son contenu.","robots":{"index":"index","follow":"follow","max-snippet":"max-snippet:-1","max-image-preview":"max-image-preview:large","max-video-preview":"max-video-preview:-1"},"canonical":"https:\/\/goldbach.com\/fr\/mentions-legales\/","og_locale":"fr_FR","og_type":"article","og_title":"Mentions l\u00e9gales","og_description":"Les mentions l\u00e9gales de Goldbach Group comprennent des informations importantes sur l'utilisation du site web et de son contenu.","og_url":"https:\/\/goldbach.com\/fr\/mentions-legales\/","og_site_name":"Goldbach","article_modified_time":"2026-03-31T16:26:28+00:00","og_image":[{"width":2500,"height":1667,"url":"https:\/\/goldbach.com\/app\/uploads\/2025\/11\/goldbach-media-relations-unternehmen-aussenansicht.jpg","type":"image\/jpeg"}],"twitter_card":"summary_large_image","twitter_misc":{"Dur\u00e9e de lecture estim\u00e9e":"8 minutes"},"schema":{"@context":"https:\/\/schema.org","@graph":[{"@type":"WebPage","@id":"https:\/\/goldbach.com\/fr\/mentions-legales\/","url":"https:\/\/goldbach.com\/fr\/mentions-legales\/","name":"Mentions l\u00e9gales de Goldbach Group AG","isPartOf":{"@id":"https:\/\/goldbach.com\/fr\/#website"},"primaryImageOfPage":{"@id":"https:\/\/goldbach.com\/fr\/mentions-legales\/#primaryimage"},"image":{"@id":"https:\/\/goldbach.com\/fr\/mentions-legales\/#primaryimage"},"thumbnailUrl":"https:\/\/goldbach.com\/app\/uploads\/2025\/11\/goldbach-media-relations-unternehmen-aussenansicht.jpg","datePublished":"2025-09-17T13:50:29+00:00","dateModified":"2026-03-31T16:26:28+00:00","description":"Les mentions l\u00e9gales de Goldbach Group comprennent des informations importantes sur l'utilisation du site web et de son contenu.","breadcrumb":{"@id":"https:\/\/goldbach.com\/fr\/mentions-legales\/#breadcrumb"},"inLanguage":"fr-FR","potentialAction":[{"@type":"ReadAction","target":["https:\/\/goldbach.com\/fr\/mentions-legales\/"]}]},{"@type":"ImageObject","inLanguage":"fr-FR","@id":"https:\/\/goldbach.com\/fr\/mentions-legales\/#primaryimage","url":"https:\/\/goldbach.com\/app\/uploads\/2025\/11\/goldbach-media-relations-unternehmen-aussenansicht.jpg","contentUrl":"https:\/\/goldbach.com\/app\/uploads\/2025\/11\/goldbach-media-relations-unternehmen-aussenansicht.jpg","width":2500,"height":1667},{"@type":"BreadcrumbList","@id":"https:\/\/goldbach.com\/fr\/mentions-legales\/#breadcrumb","itemListElement":[{"@type":"ListItem","position":1,"name":"Home","item":"https:\/\/goldbach.com\/fr\/bienvenue-chez-goldbach\/"},{"@type":"ListItem","position":2,"name":"Mentions l\u00e9gales"}]},{"@type":"WebSite","@id":"https:\/\/goldbach.com\/fr\/#website","url":"https:\/\/goldbach.com\/fr\/","name":"Goldbach","description":"","publisher":{"@id":"https:\/\/goldbach.com\/fr\/#organization"},"potentialAction":[{"@type":"SearchAction","target":{"@type":"EntryPoint","urlTemplate":"https:\/\/goldbach.com\/fr\/?s={search_term_string}"},"query-input":{"@type":"PropertyValueSpecification","valueRequired":true,"valueName":"search_term_string"}}],"inLanguage":"fr-FR"},{"@type":"Organization","@id":"https:\/\/goldbach.com\/fr\/#organization","name":"Goldbach","url":"https:\/\/goldbach.com\/fr\/","logo":{"@type":"ImageObject","inLanguage":"fr-FR","@id":"https:\/\/goldbach.com\/fr\/#\/schema\/logo\/image\/","url":"https:\/\/goldbach.com\/app\/uploads\/2025\/10\/goldbach-media-relations-goldbach-logo.webp","contentUrl":"https:\/\/goldbach.com\/app\/uploads\/2025\/10\/goldbach-media-relations-goldbach-logo.webp","width":640,"height":360,"caption":"Goldbach"},"image":{"@id":"https:\/\/goldbach.com\/fr\/#\/schema\/logo\/image\/"},"sameAs":["https:\/\/www.linkedin.com\/company\/goldbach-group-ag\/","https:\/\/www.instagram.com\/goldbach_ch\/","https:\/\/www.youtube.com\/user\/GoldbachGroup"]}]}},"_links":{"self":[{"href":"https:\/\/goldbach.com\/fr\/wp-json\/wp\/v2\/pages\/9426","targetHints":{"allow":["GET"]}}],"collection":[{"href":"https:\/\/goldbach.com\/fr\/wp-json\/wp\/v2\/pages"}],"about":[{"href":"https:\/\/goldbach.com\/fr\/wp-json\/wp\/v2\/types\/page"}],"author":[{"embeddable":true,"href":"https:\/\/goldbach.com\/fr\/wp-json\/wp\/v2\/users\/2"}],"replies":[{"embeddable":true,"href":"https:\/\/goldbach.com\/fr\/wp-json\/wp\/v2\/comments?post=9426"}],"version-history":[{"count":11,"href":"https:\/\/goldbach.com\/fr\/wp-json\/wp\/v2\/pages\/9426\/revisions"}],"predecessor-version":[{"id":45028,"href":"https:\/\/goldbach.com\/fr\/wp-json\/wp\/v2\/pages\/9426\/revisions\/45028"}],"wp:featuredmedia":[{"embeddable":true,"href":"https:\/\/goldbach.com\/fr\/wp-json\/wp\/v2\/media\/4876"}],"wp:attachment":[{"href":"https:\/\/goldbach.com\/fr\/wp-json\/wp\/v2\/media?parent=9426"}],"curies":[{"name":"wp","href":"https:\/\/api.w.org\/{rel}","templated":true}]}}